{"id":30613,"date":"2025-08-26T08:44:16","date_gmt":"2025-08-26T08:44:16","guid":{"rendered":"https:\/\/naturalremedy.com\/privacy-policy\/"},"modified":"2025-12-12T10:38:58","modified_gmt":"2025-12-12T10:38:58","slug":"privacy-policy","status":"publish","type":"page","link":"https:\/\/www.naturalremedy.com\/br\/privacy-policy\/","title":{"rendered":"Pol\u00edtica de Privacidade"},"content":{"rendered":"\t\t<div data-elementor-type=\"wp-page\" data-elementor-id=\"30613\" class=\"elementor elementor-30613 elementor-23025\" data-elementor-post-type=\"page\">\n\t\t\t\t<div class=\"elementor-element elementor-element-0c58aa1 e-flex e-con-boxed e-con e-parent\" data-id=\"0c58aa1\" data-element_type=\"container\" data-e-type=\"container\" data-settings=\"{&quot;background_background&quot;:&quot;classic&quot;}\">\n\t\t\t\t\t<div class=\"e-con-inner\">\n\t\t\t\t<div class=\"elementor-element elementor-element-e640fbb elementor-widget elementor-widget-heading\" data-id=\"e640fbb\" data-element_type=\"widget\" data-e-type=\"widget\" data-widget_type=\"heading.default\">\n\t\t\t\t\t<h1 class=\"elementor-heading-title elementor-size-default\">Pol\u00edtica de Privacidade<\/h1>\t\t\t\t<\/div>\n\t\t\t\t<div class=\"elementor-element elementor-element-79b0b44 elementor-widget elementor-widget-text-editor\" data-id=\"79b0b44\" data-element_type=\"widget\" data-e-type=\"widget\" data-widget_type=\"text-editor.default\">\n\t\t\t\t\t\t\t\t\t<p class=\"sec-title text-center\">N\u00f3s, Natural Remedies Private Limited, consideramos sua privacidade muito importante para n\u00f3s. Nossa Pol\u00edtica de Privacidade estabeleceu diretrizes para garantir que sua privacidade seja protegida. As seguintes diretrizes garantem que as informa\u00e7\u00f5es que coletamos sobre voc\u00ea n\u00e3o sejam utilizadas indevidamente.  <\/p><ul><li><p>Se voc\u00ea optar por nos fornecer informa\u00e7\u00f5es pessoais via Internet que n\u00f3s ou nossos parceiros comerciais possamos precisar \u2013 para corresponder com voc\u00ea, processar uma solicita\u00e7\u00e3o de informa\u00e7\u00e3o ou fornecer um download, por exemplo \u2013 \u00e9 nossa inten\u00e7\u00e3o inform\u00e1-lo como usaremos tais informa\u00e7\u00f5es. Se voc\u00ea nos disser que n\u00e3o deseja que essas informa\u00e7\u00f5es sejam usadas como base para contato adicional com voc\u00ea, respeitaremos seus desejos. <\/p><\/li><li><p>N\u00e3o analisamos os dados que rastreiam o dom\u00ednio de onde as pessoas nos visitam para identific\u00e1-lo pessoalmente.<\/p><\/li><li><p>Direitos Autorais e Marcas Registradas: Salvo indica\u00e7\u00e3o em contr\u00e1rio, os direitos autorais e todos os direitos de propriedade intelectual em todo material apresentado no site (incluindo, mas n\u00e3o limitado a texto, \u00e1udio, v\u00eddeo ou imagens gr\u00e1ficas), marcas registradas e logotipos que aparecem neste site s\u00e3o propriedade da Natural Remedies Private Limited, suas afiliadas e associadas e s\u00e3o protegidos sob as leis indianas aplic\u00e1veis.<\/p><\/li><li><p>Exceto em circunst\u00e2ncias onde a lei local nos exige divulgar as informa\u00e7\u00f5es, n\u00e3o divulgaremos as informa\u00e7\u00f5es sobre voc\u00ea para terceiros. Isso tamb\u00e9m o proteger\u00e1 da venda, aluguel, troca ou exibi\u00e7\u00e3o de suas informa\u00e7\u00f5es pessoais para terceiros; e n\u00e3o usaremos seu endere\u00e7o de email para marketing n\u00e3o solicitado, a menos que tenhamos sua permiss\u00e3o. <\/p><\/li><li><p>Voc\u00ea tamb\u00e9m consente que a Natural Remedies Private Limited divulgue informa\u00e7\u00f5es sobre voc\u00ea para partes reais ou potenciais de um processo judicial no qual a Natural Remedies Private Limited esteja ou possa se envolver (a) se for obrigat\u00f3rio faz\u00ea-lo, (b) se acreditar razoavelmente que tais divulga\u00e7\u00f5es potencialmente mitigar\u00e3o sua responsabilidade, ou (c) para fazer valer seus direitos.   <\/p><\/li><li><p>No caso de a Natural Remedies Private Limited vender substancialmente todos os seus ativos ou ser adquirida (ou sair do neg\u00f3cio ou entrar em fal\u00eancia), as informa\u00e7\u00f5es do cliente s\u00e3o tipicamente um dos ativos comerciais que s\u00e3o transferidos em conex\u00e3o com tal transa\u00e7\u00e3o. Voc\u00ea reconhece que tais transfer\u00eancias podem ocorrer e que qualquer adquirente da Natural Remedies Private Limited pode continuar a usar suas informa\u00e7\u00f5es pessoais conforme estabelecido nesta pol\u00edtica. <\/p><\/li><\/ul><p><strong>Seguran\u00e7a<\/strong><\/p><p class=\"sec-desc\">Este site possui medidas de seguran\u00e7a implementadas para proteger a perda, uso indevido e\/ou altera\u00e7\u00e3o de informa\u00e7\u00f5es sob nosso controle. Os dados residem atr\u00e1s de um firewall, com acesso restrito ao pessoal autorizado da Natural Remedies Private Limited. <\/p><p><strong>Contato com o site<\/strong><\/p><p class=\"sec-desc\">Se voc\u00ea tiver alguma d\u00favida sobre esta declara\u00e7\u00e3o de privacidade, as pr\u00e1ticas deste site ou suas rela\u00e7\u00f5es com este site, entre em contato com:<br>Natural Remedies Private Limited \u2013 <a href=\"mailto:info@naturalremedy.com\"><span style=\"font-weight: 400;\">info@naturalremedy.com<\/span><\/a><\/p>\t\t\t\t\t\t\t\t<\/div>\n\t\t\t\t\t<\/div>\n\t\t\t\t<\/div>\n\t\t\t\t<\/div>\n\t\t","protected":false},"excerpt":{"rendered":"<p>Pol\u00edtica de Privacidade N\u00f3s, Natural Remedies Private Limited, consideramos sua privacidade muito importante para n\u00f3s. Nossa Pol\u00edtica de Privacidade estabeleceu diretrizes para garantir que sua privacidade seja protegida. As seguintes diretrizes garantem que as informa\u00e7\u00f5es que coletamos sobre voc\u00ea n\u00e3o sejam utilizadas indevidamente. Se voc\u00ea optar por nos fornecer informa\u00e7\u00f5es pessoais via Internet que n\u00f3s [&hellip;]<\/p>\n","protected":false},"author":1,"featured_media":0,"parent":0,"menu_order":0,"comment_status":"closed","ping_status":"closed","template":"","meta":{"_acf_changed":false,"footnotes":""},"class_list":["post-30613","page","type-page","status-publish","hentry"],"acf":[],"_links":{"self":[{"href":"https:\/\/www.naturalremedy.com\/br\/wp-json\/wp\/v2\/pages\/30613","targetHints":{"allow":["GET"]}}],"collection":[{"href":"https:\/\/www.naturalremedy.com\/br\/wp-json\/wp\/v2\/pages"}],"about":[{"href":"https:\/\/www.naturalremedy.com\/br\/wp-json\/wp\/v2\/types\/page"}],"author":[{"embeddable":true,"href":"https:\/\/www.naturalremedy.com\/br\/wp-json\/wp\/v2\/users\/1"}],"replies":[{"embeddable":true,"href":"https:\/\/www.naturalremedy.com\/br\/wp-json\/wp\/v2\/comments?post=30613"}],"version-history":[{"count":3,"href":"https:\/\/www.naturalremedy.com\/br\/wp-json\/wp\/v2\/pages\/30613\/revisions"}],"predecessor-version":[{"id":125711,"href":"https:\/\/www.naturalremedy.com\/br\/wp-json\/wp\/v2\/pages\/30613\/revisions\/125711"}],"wp:attachment":[{"href":"https:\/\/www.naturalremedy.com\/br\/wp-json\/wp\/v2\/media?parent=30613"}],"curies":[{"name":"wp","href":"https:\/\/api.w.org\/{rel}","templated":true}]}}