{"id":30617,"date":"2025-08-26T09:06:28","date_gmt":"2025-08-26T09:06:28","guid":{"rendered":"https:\/\/naturalremedy.com\/disclaimer\/"},"modified":"2026-03-11T07:15:59","modified_gmt":"2026-03-11T07:15:59","slug":"disclaimer","status":"publish","type":"page","link":"https:\/\/www.naturalremedy.com\/br\/disclaimer\/","title":{"rendered":"Aviso Legal"},"content":{"rendered":"\t\t<div data-elementor-type=\"wp-page\" data-elementor-id=\"30617\" class=\"elementor elementor-30617 elementor-23042\" data-elementor-post-type=\"page\">\n\t\t\t\t<div class=\"elementor-element elementor-element-0c58aa1 e-flex e-con-boxed e-con e-parent\" data-id=\"0c58aa1\" data-element_type=\"container\" data-e-type=\"container\" data-settings=\"{&quot;background_background&quot;:&quot;classic&quot;}\">\n\t\t\t\t\t<div class=\"e-con-inner\">\n\t\t\t\t<div class=\"elementor-element elementor-element-e640fbb elementor-widget elementor-widget-heading\" data-id=\"e640fbb\" data-element_type=\"widget\" data-e-type=\"widget\" data-widget_type=\"heading.default\">\n\t\t\t\t\t<h1 class=\"elementor-heading-title elementor-size-default\">Aviso Legal<\/h1>\t\t\t\t<\/div>\n\t\t\t\t<div class=\"elementor-element elementor-element-79b0b44 elementor-widget elementor-widget-text-editor\" data-id=\"79b0b44\" data-element_type=\"widget\" data-e-type=\"widget\" data-widget_type=\"text-editor.default\">\n\t\t\t\t\t\t\t\t\t<p><strong>Informa\u00e7\u00f5es gerais:<\/strong><\/p><p class=\"sec-desc\">Este \u00e9 o site oficial da Natural Remedies Private Limited. Todo o conte\u00fado deste Site \u00e9 apenas para informa\u00e7\u00e3o geral ou uso. <\/p><p><strong>Precis\u00e3o das informa\u00e7\u00f5es:<\/strong><\/p><p class=\"sec-desc\">Nenhuma representa\u00e7\u00e3o, garantia ou promessa \u00e9 feita quanto \u00e0 precis\u00e3o, adequa\u00e7\u00e3o, confiabilidade, completude, adequa\u00e7\u00e3o ou aplicabilidade das informa\u00e7\u00f5es a uma situa\u00e7\u00e3o particular.<\/p><p><strong>Navega\u00e7\u00e3o no site:<\/strong><\/p><p class=\"sec-desc\">Qualquer material\/conte\u00fado baixado ou obtido atrav\u00e9s do uso do site \u00e9 feito por sua pr\u00f3pria conta e risco. Embora tomemos todas as precau\u00e7\u00f5es e cuidados contra v\u00edrus no Conte\u00fado presente ou enviado atrav\u00e9s do site, n\u00f3s e\/ou nossos associados e afiliados n\u00e3o garantimos que este site, seus servidores ou qualquer e-mail enviado por n\u00f3s estejam livres de v\u00edrus ou componentes nocivos. Se algum dano for causado ao seu sistema de computador e quaisquer perdas ocorrerem, n\u00e3o ser\u00e1 responsabilidade da Natural Remedies Private Limited. Voc\u00ea ser\u00e1 o \u00fanico respons\u00e1vel por qualquer dano ao seu sistema de computador ou perda de dados ou qualquer outro preju\u00edzo que resulte do uso de tal material.   <\/p><p><strong>Direitos autorais e marcas registradas:<\/strong><\/p><p class=\"sec-desc\">A menos que indicado de outra forma, os direitos autorais e todos os direitos de propriedade intelectual em todo o material apresentado no site (incluindo, mas n\u00e3o se limitando a texto, \u00e1udio, v\u00eddeo ou imagens gr\u00e1ficas), marcas registradas e logotipos que aparecem neste site s\u00e3o propriedade da Natural Remedies Private Limited, suas afiliadas e associadas e s\u00e3o protegidos pelas leis indianas aplic\u00e1veis.<\/p><p><strong>Rem\u00e9dios:<\/strong><\/p><p class=\"sec-desc\">Os rem\u00e9dios apresentados no site s\u00e3o baseados nos usos terap\u00eauticos de ervas culin\u00e1rias. Estes podem ser tomados para pequenas doen\u00e7as, mas n\u00e3o substituem de forma alguma o diagn\u00f3stico de um m\u00e9dico. Se o problema persistir, consulte um m\u00e9dico imediatamente. Embora esses rem\u00e9dios sejam geralmente seguros para o p\u00fablico e normalmente n\u00e3o tenham efeitos colaterais, a Natural Remedies Private Limited aconselha que sejam praticados\/tomados a crit\u00e9rio exclusivo do usu\u00e1rio.   <\/p>\t\t\t\t\t\t\t\t<\/div>\n\t\t\t\t\t<\/div>\n\t\t\t\t<\/div>\n\t\t\t\t<\/div>\n\t\t","protected":false},"excerpt":{"rendered":"<p>Aviso Legal Informa\u00e7\u00f5es gerais: Este \u00e9 o site oficial da Natural Remedies Private Limited. Todo o conte\u00fado deste Site \u00e9 apenas para informa\u00e7\u00e3o geral ou uso. Precis\u00e3o das informa\u00e7\u00f5es: Nenhuma representa\u00e7\u00e3o, garantia ou promessa \u00e9 feita quanto \u00e0 precis\u00e3o, adequa\u00e7\u00e3o, confiabilidade, completude, adequa\u00e7\u00e3o ou aplicabilidade das informa\u00e7\u00f5es a uma situa\u00e7\u00e3o particular. Navega\u00e7\u00e3o no site: Qualquer [&hellip;]<\/p>\n","protected":false},"author":1,"featured_media":0,"parent":0,"menu_order":0,"comment_status":"closed","ping_status":"closed","template":"","meta":{"_acf_changed":false,"footnotes":""},"class_list":["post-30617","page","type-page","status-publish","hentry"],"acf":[],"_links":{"self":[{"href":"https:\/\/www.naturalremedy.com\/br\/wp-json\/wp\/v2\/pages\/30617","targetHints":{"allow":["GET"]}}],"collection":[{"href":"https:\/\/www.naturalremedy.com\/br\/wp-json\/wp\/v2\/pages"}],"about":[{"href":"https:\/\/www.naturalremedy.com\/br\/wp-json\/wp\/v2\/types\/page"}],"author":[{"embeddable":true,"href":"https:\/\/www.naturalremedy.com\/br\/wp-json\/wp\/v2\/users\/1"}],"replies":[{"embeddable":true,"href":"https:\/\/www.naturalremedy.com\/br\/wp-json\/wp\/v2\/comments?post=30617"}],"version-history":[{"count":2,"href":"https:\/\/www.naturalremedy.com\/br\/wp-json\/wp\/v2\/pages\/30617\/revisions"}],"predecessor-version":[{"id":126145,"href":"https:\/\/www.naturalremedy.com\/br\/wp-json\/wp\/v2\/pages\/30617\/revisions\/126145"}],"wp:attachment":[{"href":"https:\/\/www.naturalremedy.com\/br\/wp-json\/wp\/v2\/media?parent=30617"}],"curies":[{"name":"wp","href":"https:\/\/api.w.org\/{rel}","templated":true}]}}