{"id":30659,"date":"2025-08-28T11:20:56","date_gmt":"2025-08-28T11:20:56","guid":{"rendered":"https:\/\/naturalremedy.com\/terms-of-use\/"},"modified":"2025-12-23T06:47:55","modified_gmt":"2025-12-23T06:47:55","slug":"terms-of-use","status":"publish","type":"page","link":"https:\/\/www.naturalremedy.com\/br\/terms-of-use\/","title":{"rendered":"Termos de uso"},"content":{"rendered":"\t\t<div data-elementor-type=\"wp-page\" data-elementor-id=\"30659\" class=\"elementor elementor-30659 elementor-23247\" data-elementor-post-type=\"page\">\n\t\t\t\t<div class=\"elementor-element elementor-element-0c58aa1 e-flex e-con-boxed e-con e-parent\" data-id=\"0c58aa1\" data-element_type=\"container\" data-e-type=\"container\" data-settings=\"{&quot;background_background&quot;:&quot;classic&quot;}\">\n\t\t\t\t\t<div class=\"e-con-inner\">\n\t\t\t\t<div class=\"elementor-element elementor-element-e640fbb elementor-widget elementor-widget-heading\" data-id=\"e640fbb\" data-element_type=\"widget\" data-e-type=\"widget\" data-widget_type=\"heading.default\">\n\t\t\t\t\t<h2 class=\"elementor-heading-title elementor-size-default\">Termos de uso<\/h2>\t\t\t\t<\/div>\n\t\t\t\t<div class=\"elementor-element elementor-element-79b0b44 elementor-widget elementor-widget-text-editor\" data-id=\"79b0b44\" data-element_type=\"widget\" data-e-type=\"widget\" data-widget_type=\"text-editor.default\">\n\t\t\t\t\t\t\t\t\t<p>POR FAVOR, LEIA ESTES TERMOS CUIDADOSAMENTE ANTES DE USAR ESTE SITE. O USO DESTE SITE INDICA QUE VOC\u00ca ACEITA ESTES TERMOS. POR FAVOR, N\u00c3O USE ESTE SITE SE VOC\u00ca N\u00c3O ACEITAR ESTES TERMOS.  <\/p><p class=\"sec-desc\">Ao usar este Site, voc\u00ea concorda com os termos e condi\u00e7\u00f5es que constituem o acordo integral entre a Natural Remedies Private Limited e voc\u00ea. Estes Termos substituem todas as representa\u00e7\u00f5es, garantias e entendimentos anteriores e contempor\u00e2neos, sejam orais ou escritos, com rela\u00e7\u00e3o ao Site, seu conte\u00fado e quaisquer servi\u00e7os fornecidos no site. No caso de qualquer conflito entre estes Termos e qualquer acordo ou entendimento relacionado ao Site, os Termos prevalecer\u00e3o.  <\/p><p class=\"sec-desc\">O material neste site \u00e9 protegido pela lei de direitos autorais e \u00e9 propriedade da Natural Remedies Private Limited. Todos os direitos sobre este material s\u00e3o reservados. As informa\u00e7\u00f5es e imagens apresentadas aqui n\u00e3o podem, em nenhuma circunst\u00e2ncia, ser reproduzidas ou utilizadas sem permiss\u00e3o pr\u00e9via por escrito. Os usu\u00e1rios podem visualizar e baixar material deste site apenas para uso dom\u00e9stico pessoal e n\u00e3o comercial. Qualquer ato de reproduzir, republicar, carregar, postar, transmitir, distribuir ou exibir publicamente material deste site sem a permiss\u00e3o por escrito da Natural Remedies Private Limited constituir\u00e1 uma viola\u00e7\u00e3o dos direitos autorais e marcas registradas pertencentes \u00e0 Natural Remedies Private Limited.    <\/p><p class=\"sec-desc\">Os usu\u00e1rios concordam em n\u00e3o usar o site para venda, com\u00e9rcio ou outros fins comerciais. Os usu\u00e1rios n\u00e3o podem usar linguagem que seja amea\u00e7adora, abusiva, vulgar, descort\u00eas ou criminosa. Os usu\u00e1rios tamb\u00e9m n\u00e3o podem postar ou transmitir informa\u00e7\u00f5es ou materiais que violem os direitos de terceiros ou que contenham um v\u00edrus ou outro componente prejudicial. A Natural Remedies Private Limited reserva-se o direito de remover ou editar quaisquer mensagens ou materiais enviados pelos usu\u00e1rios.   <\/p><p class=\"sec-desc\">O Usu\u00e1rio entende e reconhece que quaisquer links que levem o Usu\u00e1rio a sites de terceiros n\u00e3o s\u00e3o mantidos pela Natural Remedies Private Limited e a pol\u00edtica de privacidade da Natural Remedies Private Limited n\u00e3o se aplica. Este link \u00e9 fornecido a voc\u00ea por conveni\u00eancia e n\u00e3o serve como um endosso pela Natural Remedies Private Limited de qualquer informa\u00e7\u00e3o ou contatos que voc\u00ea possa encontrar neste site que n\u00e3o \u00e9 da Natural Remedies Private Limited. <\/p><p class=\"sec-desc\">Sob nenhuma circunst\u00e2ncia, incluindo, mas n\u00e3o se limitando a neglig\u00eancia, a Natural Remedies Private Limited ser\u00e1 respons\u00e1vel por danos especiais ou consequentes que resultem do uso ou da incapacidade de usar os materiais neste site.<\/p><p class=\"sec-desc\">Este acordo \u00e9 eficaz at\u00e9 ser rescindido por qualquer uma das partes. Voc\u00ea pode rescindir este acordo a qualquer momento, interrompendo o uso deste site e destruindo todos os materiais obtidos dele. <\/p><p class=\"sec-desc\">Ao usar este Site, voc\u00ea concorda que estes termos ser\u00e3o regidos e interpretados de acordo com as leis da jurisdi\u00e7\u00e3o do Estado de Karnataka, \u00cdndia, sem levar em considera\u00e7\u00e3o suas regras de conflito de leis. Ao usar este Site, voc\u00ea tamb\u00e9m concorda que qualquer lit\u00edgio decorrente ou relacionado a estes Termos ser\u00e1 levado aos tribunais da jurisdi\u00e7\u00e3o de Bangalore. <\/p>\t\t\t\t\t\t\t\t<\/div>\n\t\t\t\t\t<\/div>\n\t\t\t\t<\/div>\n\t\t\t\t<\/div>\n\t\t","protected":false},"excerpt":{"rendered":"<p>Termos de uso POR FAVOR, LEIA ESTES TERMOS CUIDADOSAMENTE ANTES DE USAR ESTE SITE. O USO DESTE SITE INDICA QUE VOC\u00ca ACEITA ESTES TERMOS. POR FAVOR, N\u00c3O USE ESTE SITE SE VOC\u00ca N\u00c3O ACEITAR ESTES TERMOS. Ao usar este Site, voc\u00ea concorda com os termos e condi\u00e7\u00f5es que constituem o acordo integral entre a Natural [&hellip;]<\/p>\n","protected":false},"author":1,"featured_media":0,"parent":0,"menu_order":0,"comment_status":"closed","ping_status":"closed","template":"","meta":{"_acf_changed":false,"footnotes":""},"class_list":["post-30659","page","type-page","status-publish","hentry"],"acf":[],"_links":{"self":[{"href":"https:\/\/www.naturalremedy.com\/br\/wp-json\/wp\/v2\/pages\/30659","targetHints":{"allow":["GET"]}}],"collection":[{"href":"https:\/\/www.naturalremedy.com\/br\/wp-json\/wp\/v2\/pages"}],"about":[{"href":"https:\/\/www.naturalremedy.com\/br\/wp-json\/wp\/v2\/types\/page"}],"author":[{"embeddable":true,"href":"https:\/\/www.naturalremedy.com\/br\/wp-json\/wp\/v2\/users\/1"}],"replies":[{"embeddable":true,"href":"https:\/\/www.naturalremedy.com\/br\/wp-json\/wp\/v2\/comments?post=30659"}],"version-history":[{"count":1,"href":"https:\/\/www.naturalremedy.com\/br\/wp-json\/wp\/v2\/pages\/30659\/revisions"}],"predecessor-version":[{"id":30660,"href":"https:\/\/www.naturalremedy.com\/br\/wp-json\/wp\/v2\/pages\/30659\/revisions\/30660"}],"wp:attachment":[{"href":"https:\/\/www.naturalremedy.com\/br\/wp-json\/wp\/v2\/media?parent=30659"}],"curies":[{"name":"wp","href":"https:\/\/api.w.org\/{rel}","templated":true}]}}