{"id":30710,"date":"2025-09-24T04:25:18","date_gmt":"2025-09-24T04:25:18","guid":{"rendered":"https:\/\/naturalremedy.com\/animal-health-care-blogs\/"},"modified":"2026-01-02T05:40:48","modified_gmt":"2026-01-02T05:40:48","slug":"animal-health-care-blogs","status":"publish","type":"page","link":"https:\/\/www.naturalremedy.com\/br\/animal-health-care-blogs\/","title":{"rendered":"Blogs"},"content":{"rendered":"\t\t<div data-elementor-type=\"wp-page\" data-elementor-id=\"30710\" class=\"elementor elementor-30710 elementor-30685\" data-elementor-post-type=\"page\">\n\t\t\t\t<div class=\"elementor-element elementor-element-bb2d1e3 e-flex e-con-boxed e-con e-parent\" data-id=\"bb2d1e3\" data-element_type=\"container\" data-e-type=\"container\" data-settings=\"{&quot;background_background&quot;:&quot;classic&quot;}\">\n\t\t\t\t\t<div class=\"e-con-inner\">\n\t\t\t\t\t<\/div>\n\t\t\t\t<\/div>\n\t\t<div class=\"elementor-element elementor-element-f57539f e-flex e-con-boxed e-con e-parent\" data-id=\"f57539f\" data-element_type=\"container\" data-e-type=\"container\">\n\t\t\t\t\t<div class=\"e-con-inner\">\n\t\t\t\t<div class=\"elementor-element elementor-element-c2d69c9 elementor-grid-3 elementor-grid-tablet-2 elementor-grid-mobile-1 elementor-posts--thumbnail-top elementor-widget elementor-widget-posts\" data-id=\"c2d69c9\" data-element_type=\"widget\" data-e-type=\"widget\" data-settings=\"{&quot;pagination_type&quot;:&quot;prev_next&quot;,&quot;classic_columns&quot;:&quot;3&quot;,&quot;classic_columns_tablet&quot;:&quot;2&quot;,&quot;classic_columns_mobile&quot;:&quot;1&quot;,&quot;classic_row_gap&quot;:{&quot;unit&quot;:&quot;px&quot;,&quot;size&quot;:35,&quot;sizes&quot;:[]},&quot;classic_row_gap_tablet&quot;:{&quot;unit&quot;:&quot;px&quot;,&quot;size&quot;:&quot;&quot;,&quot;sizes&quot;:[]},&quot;classic_row_gap_mobile&quot;:{&quot;unit&quot;:&quot;px&quot;,&quot;size&quot;:&quot;&quot;,&quot;sizes&quot;:[]}}\" data-widget_type=\"posts.classic\">\n\t\t\t\t<div class=\"elementor-widget-container\">\n\t\t\t\t\t\t\t<div class=\"elementor-posts-container elementor-posts elementor-posts--skin-classic elementor-grid\" role=\"list\">\n\t\t\t\t<article class=\"elementor-post elementor-grid-item post-46207 post type-post status-publish format-standard has-post-thumbnail hentry category-uncategorized-br\" role=\"listitem\">\n\t\t\t\t<a class=\"elementor-post__thumbnail__link\" href=\"https:\/\/www.naturalremedy.com\/br\/blog\/how-natural-remediespeople-first-mindset-won-it-the-happiest-places-to-work-certification-thrice\/\" tabindex=\"-1\" >\n\t\t\t<div class=\"elementor-post__thumbnail\"><img fetchpriority=\"high\" decoding=\"async\" width=\"700\" height=\"500\" src=\"https:\/\/www.naturalremedy.com\/wp-content\/uploads\/2025\/10\/Natural-Remedies.png\" class=\"attachment-full size-full wp-image-46208\" alt=\"How Natural Remedies\u2019people-first mindset won it the Happiest Places to Work\u00ae certification thrice\" srcset=\"https:\/\/www.naturalremedy.com\/wp-content\/uploads\/2025\/10\/Natural-Remedies.png 700w, https:\/\/www.naturalremedy.com\/wp-content\/uploads\/2025\/10\/Natural-Remedies-300x214.png 300w, https:\/\/www.naturalremedy.com\/wp-content\/uploads\/2025\/10\/Natural-Remedies-600x429.png 600w\" sizes=\"(max-width: 700px) 100vw, 700px\" \/><\/div>\n\t\t<\/a>\n\t\t\t\t<div class=\"elementor-post__text\">\n\t\t\t\t<h3 class=\"elementor-post__title\">\n\t\t\t<a href=\"https:\/\/www.naturalremedy.com\/br\/blog\/how-natural-remediespeople-first-mindset-won-it-the-happiest-places-to-work-certification-thrice\/\" >\n\t\t\t\tComo a mentalidade de priorizar as pessoas da Natural Remedies conquistou a certifica\u00e7\u00e3o Happiest Places to Work\u00ae tr\u00eas vezes\t\t\t<\/a>\n\t\t<\/h3>\n\t\t\t\t<div class=\"elementor-post__meta-data\">\n\t\t\t\t\t<span class=\"elementor-post-date\">\n\t\t\tOctober 8, 2025\t\t<\/span>\n\t\t\t\t<\/div>\n\t\t\n\t\t<a class=\"elementor-post__read-more\" href=\"https:\/\/www.naturalremedy.com\/br\/blog\/how-natural-remediespeople-first-mindset-won-it-the-happiest-places-to-work-certification-thrice\/\" aria-label=\"Read more about Como a mentalidade de priorizar as pessoas da Natural Remedies conquistou a certifica\u00e7\u00e3o Happiest Places to Work\u00ae tr\u00eas vezes\" tabindex=\"-1\" >\n\t\t\tLeia mais \u00bb\t\t<\/a>\n\n\t\t\t\t<\/div>\n\t\t\t\t<\/article>\n\t\t\t\t<article class=\"elementor-post elementor-grid-item post-30378 post type-post status-publish format-standard has-post-thumbnail hentry category-clinical-research\" role=\"listitem\">\n\t\t\t\t<a class=\"elementor-post__thumbnail__link\" href=\"https:\/\/www.naturalremedy.com\/br\/blog\/how-phytocee-helps-in-stress-management-immune-health\/\" tabindex=\"-1\" >\n\t\t\t<div class=\"elementor-post__thumbnail\"><img decoding=\"async\" width=\"2048\" height=\"1117\" src=\"https:\/\/www.naturalremedy.com\/wp-content\/uploads\/2025\/09\/Gemini_Generated_Image_v7cw9cv7cw9cv7cw-1-2048x1117-1.webp\" class=\"attachment-full size-full wp-image-30379\" alt=\"How Phytocee Helps in Stress Management &amp; Immune Health\" srcset=\"https:\/\/www.naturalremedy.com\/wp-content\/uploads\/2025\/09\/Gemini_Generated_Image_v7cw9cv7cw9cv7cw-1-2048x1117-1.webp 2048w, https:\/\/www.naturalremedy.com\/wp-content\/uploads\/2025\/09\/Gemini_Generated_Image_v7cw9cv7cw9cv7cw-1-2048x1117-1-300x164.webp 300w, https:\/\/www.naturalremedy.com\/wp-content\/uploads\/2025\/09\/Gemini_Generated_Image_v7cw9cv7cw9cv7cw-1-2048x1117-1-1024x559.webp 1024w, https:\/\/www.naturalremedy.com\/wp-content\/uploads\/2025\/09\/Gemini_Generated_Image_v7cw9cv7cw9cv7cw-1-2048x1117-1-768x419.webp 768w, https:\/\/www.naturalremedy.com\/wp-content\/uploads\/2025\/09\/Gemini_Generated_Image_v7cw9cv7cw9cv7cw-1-2048x1117-1-1536x838.webp 1536w, https:\/\/www.naturalremedy.com\/wp-content\/uploads\/2025\/09\/Gemini_Generated_Image_v7cw9cv7cw9cv7cw-1-2048x1117-1-600x327.webp 600w\" sizes=\"(max-width: 2048px) 100vw, 2048px\" \/><\/div>\n\t\t<\/a>\n\t\t\t\t<div class=\"elementor-post__text\">\n\t\t\t\t<h3 class=\"elementor-post__title\">\n\t\t\t<a href=\"https:\/\/www.naturalremedy.com\/br\/blog\/how-phytocee-helps-in-stress-management-immune-health\/\" >\n\t\t\t\tComo o Phytocee ajuda no gerenciamento do estresse e na sa\u00fade imunol\u00f3gica\t\t\t<\/a>\n\t\t<\/h3>\n\t\t\t\t<div class=\"elementor-post__meta-data\">\n\t\t\t\t\t<span class=\"elementor-post-date\">\n\t\t\tAugust 29, 2025\t\t<\/span>\n\t\t\t\t<\/div>\n\t\t\n\t\t<a class=\"elementor-post__read-more\" href=\"https:\/\/www.naturalremedy.com\/br\/blog\/how-phytocee-helps-in-stress-management-immune-health\/\" aria-label=\"Read more about Como o Phytocee ajuda no gerenciamento do estresse e na sa\u00fade imunol\u00f3gica\" tabindex=\"-1\" >\n\t\t\tLeia mais \u00bb\t\t<\/a>\n\n\t\t\t\t<\/div>\n\t\t\t\t<\/article>\n\t\t\t\t<article class=\"elementor-post elementor-grid-item post-104912 post type-post status-publish format-standard has-post-thumbnail hentry category-blogs category-poultry-care\" role=\"listitem\">\n\t\t\t\t<a class=\"elementor-post__thumbnail__link\" href=\"https:\/\/www.naturalremedy.com\/br\/optimizing-poultry-nutrition-the-role-of-choline-supplementation\/\" tabindex=\"-1\" >\n\t\t\t<div class=\"elementor-post__thumbnail\"><img decoding=\"async\" width=\"640\" height=\"385\" src=\"https:\/\/www.naturalremedy.com\/wp-content\/uploads\/2025\/02\/Optimizing-Poultry-Nutrition-The-Role-of-Choline-Supplementation.webp\" class=\"attachment-full size-full wp-image-104913\" alt=\"Optimizing Poultry Nutrition The Role of Choline-Supplementation\" srcset=\"https:\/\/www.naturalremedy.com\/wp-content\/uploads\/2025\/02\/Optimizing-Poultry-Nutrition-The-Role-of-Choline-Supplementation.webp 640w, https:\/\/www.naturalremedy.com\/wp-content\/uploads\/2025\/02\/Optimizing-Poultry-Nutrition-The-Role-of-Choline-Supplementation-300x180.webp 300w, https:\/\/www.naturalremedy.com\/wp-content\/uploads\/2025\/02\/Optimizing-Poultry-Nutrition-The-Role-of-Choline-Supplementation-600x361.webp 600w\" sizes=\"(max-width: 640px) 100vw, 640px\" \/><\/div>\n\t\t<\/a>\n\t\t\t\t<div class=\"elementor-post__text\">\n\t\t\t\t<h3 class=\"elementor-post__title\">\n\t\t\t<a href=\"https:\/\/www.naturalremedy.com\/br\/optimizing-poultry-nutrition-the-role-of-choline-supplementation\/\" >\n\t\t\t\tOtimiza\u00e7\u00e3o da nutri\u00e7\u00e3o de aves: o papel da suplementa\u00e7\u00e3o de colina\t\t\t<\/a>\n\t\t<\/h3>\n\t\t\t\t<div class=\"elementor-post__meta-data\">\n\t\t\t\t\t<span class=\"elementor-post-date\">\n\t\t\tAugust 17, 2025\t\t<\/span>\n\t\t\t\t<\/div>\n\t\t\n\t\t<a class=\"elementor-post__read-more\" href=\"https:\/\/www.naturalremedy.com\/br\/optimizing-poultry-nutrition-the-role-of-choline-supplementation\/\" aria-label=\"Read more about Otimiza\u00e7\u00e3o da nutri\u00e7\u00e3o de aves: o papel da suplementa\u00e7\u00e3o de colina\" tabindex=\"-1\" >\n\t\t\tLeia mais \u00bb\t\t<\/a>\n\n\t\t\t\t<\/div>\n\t\t\t\t<\/article>\n\t\t\t\t<article class=\"elementor-post elementor-grid-item post-30652 post type-post status-publish format-standard has-post-thumbnail hentry category-poultry-care\" role=\"listitem\">\n\t\t\t\t<a class=\"elementor-post__thumbnail__link\" href=\"https:\/\/www.naturalremedy.com\/br\/coccidiosis-in-poultry-prevention-control\/\" tabindex=\"-1\" >\n\t\t\t<div class=\"elementor-post__thumbnail\"><img loading=\"lazy\" decoding=\"async\" width=\"2560\" height=\"1724\" src=\"https:\/\/www.naturalremedy.com\/wp-content\/uploads\/2025\/01\/free-range-chicken-1-scaled.jpg\" class=\"attachment-full size-full wp-image-70962\" alt=\"K1\/921\" srcset=\"https:\/\/www.naturalremedy.com\/wp-content\/uploads\/2025\/01\/free-range-chicken-1-scaled.jpg 2560w, https:\/\/www.naturalremedy.com\/wp-content\/uploads\/2025\/01\/free-range-chicken-1-300x202.jpg 300w, https:\/\/www.naturalremedy.com\/wp-content\/uploads\/2025\/01\/free-range-chicken-1-1024x690.jpg 1024w, https:\/\/www.naturalremedy.com\/wp-content\/uploads\/2025\/01\/free-range-chicken-1-768x517.jpg 768w, https:\/\/www.naturalremedy.com\/wp-content\/uploads\/2025\/01\/free-range-chicken-1-1536x1035.jpg 1536w, https:\/\/www.naturalremedy.com\/wp-content\/uploads\/2025\/01\/free-range-chicken-1-2048x1379.jpg 2048w, https:\/\/www.naturalremedy.com\/wp-content\/uploads\/2025\/01\/free-range-chicken-1-600x404.jpg 600w, https:\/\/www.naturalremedy.com\/wp-content\/uploads\/2025\/01\/free-range-chicken-1-64x43.jpg 64w\" sizes=\"(max-width: 2560px) 100vw, 2560px\" \/><\/div>\n\t\t<\/a>\n\t\t\t\t<div class=\"elementor-post__text\">\n\t\t\t\t<h3 class=\"elementor-post__title\">\n\t\t\t<a href=\"https:\/\/www.naturalremedy.com\/br\/coccidiosis-in-poultry-prevention-control\/\" >\n\t\t\t\tCoccidiose em aves: preven\u00e7\u00e3o e controle\t\t\t<\/a>\n\t\t<\/h3>\n\t\t\t\t<div class=\"elementor-post__meta-data\">\n\t\t\t\t\t<span class=\"elementor-post-date\">\n\t\t\tJanuary 21, 2025\t\t<\/span>\n\t\t\t\t<\/div>\n\t\t\n\t\t<a class=\"elementor-post__read-more\" href=\"https:\/\/www.naturalremedy.com\/br\/coccidiosis-in-poultry-prevention-control\/\" aria-label=\"Read more about Coccidiose em aves: preven\u00e7\u00e3o e controle\" tabindex=\"-1\" >\n\t\t\tLeia mais \u00bb\t\t<\/a>\n\n\t\t\t\t<\/div>\n\t\t\t\t<\/article>\n\t\t\t\t<article class=\"elementor-post elementor-grid-item post-30663 post type-post status-publish format-standard has-post-thumbnail hentry category-poultry-care\" role=\"listitem\">\n\t\t\t\t<a class=\"elementor-post__thumbnail__link\" href=\"https:\/\/www.naturalremedy.com\/br\/blog\/gut-health-in-poultry-natural-remedies-to-maintain-good-gut-health\/\" tabindex=\"-1\" >\n\t\t\t<div class=\"elementor-post__thumbnail\"><img loading=\"lazy\" decoding=\"async\" width=\"720\" height=\"480\" src=\"https:\/\/www.naturalremedy.com\/wp-content\/uploads\/2025\/01\/Gut-Health-In-Poultry.webp\" class=\"attachment-full size-full wp-image-30664\" alt=\"Gut Health In Poultry: Natural Remedies to Maintain Good Gut Health\" srcset=\"https:\/\/www.naturalremedy.com\/wp-content\/uploads\/2025\/01\/Gut-Health-In-Poultry.webp 720w, https:\/\/www.naturalremedy.com\/wp-content\/uploads\/2025\/01\/Gut-Health-In-Poultry-300x200.webp 300w, https:\/\/www.naturalremedy.com\/wp-content\/uploads\/2025\/01\/Gut-Health-In-Poultry-600x400.webp 600w\" sizes=\"(max-width: 720px) 100vw, 720px\" \/><\/div>\n\t\t<\/a>\n\t\t\t\t<div class=\"elementor-post__text\">\n\t\t\t\t<h3 class=\"elementor-post__title\">\n\t\t\t<a href=\"https:\/\/www.naturalremedy.com\/br\/blog\/gut-health-in-poultry-natural-remedies-to-maintain-good-gut-health\/\" >\n\t\t\t\tSa\u00fade intestinal em aves: rem\u00e9dios naturais para manter uma boa sa\u00fade intestinal\t\t\t<\/a>\n\t\t<\/h3>\n\t\t\t\t<div class=\"elementor-post__meta-data\">\n\t\t\t\t\t<span class=\"elementor-post-date\">\n\t\t\tJanuary 16, 2025\t\t<\/span>\n\t\t\t\t<\/div>\n\t\t\n\t\t<a class=\"elementor-post__read-more\" href=\"https:\/\/www.naturalremedy.com\/br\/blog\/gut-health-in-poultry-natural-remedies-to-maintain-good-gut-health\/\" aria-label=\"Read more about Sa\u00fade intestinal em aves: rem\u00e9dios naturais para manter uma boa sa\u00fade intestinal\" tabindex=\"-1\" >\n\t\t\tLeia mais \u00bb\t\t<\/a>\n\n\t\t\t\t<\/div>\n\t\t\t\t<\/article>\n\t\t\t\t<article class=\"elementor-post elementor-grid-item post-30657 post type-post status-publish format-standard has-post-thumbnail hentry category-uncategorized\" role=\"listitem\">\n\t\t\t\t<a class=\"elementor-post__thumbnail__link\" href=\"https:\/\/www.naturalremedy.com\/br\/blog\/importance-of-weaning-in-pigs\/\" tabindex=\"-1\" >\n\t\t\t<div class=\"elementor-post__thumbnail\"><img loading=\"lazy\" decoding=\"async\" width=\"720\" height=\"427\" src=\"https:\/\/www.naturalremedy.com\/wp-content\/uploads\/2024\/09\/Importance-of-Weaning-in-Pigs-2.webp\" class=\"attachment-full size-full wp-image-30658\" alt=\"Importance of Weaning in Pigs\" srcset=\"https:\/\/www.naturalremedy.com\/wp-content\/uploads\/2024\/09\/Importance-of-Weaning-in-Pigs-2.webp 720w, https:\/\/www.naturalremedy.com\/wp-content\/uploads\/2024\/09\/Importance-of-Weaning-in-Pigs-2-300x178.webp 300w, https:\/\/www.naturalremedy.com\/wp-content\/uploads\/2024\/09\/Importance-of-Weaning-in-Pigs-2-600x356.webp 600w\" sizes=\"(max-width: 720px) 100vw, 720px\" \/><\/div>\n\t\t<\/a>\n\t\t\t\t<div class=\"elementor-post__text\">\n\t\t\t\t<h3 class=\"elementor-post__title\">\n\t\t\t<a href=\"https:\/\/www.naturalremedy.com\/br\/blog\/importance-of-weaning-in-pigs\/\" >\n\t\t\t\tImport\u00e2ncia do desmame em su\u00ednos\t\t\t<\/a>\n\t\t<\/h3>\n\t\t\t\t<div class=\"elementor-post__meta-data\">\n\t\t\t\t\t<span class=\"elementor-post-date\">\n\t\t\tSeptember 30, 2024\t\t<\/span>\n\t\t\t\t<\/div>\n\t\t\n\t\t<a class=\"elementor-post__read-more\" href=\"https:\/\/www.naturalremedy.com\/br\/blog\/importance-of-weaning-in-pigs\/\" aria-label=\"Read more about Import\u00e2ncia do desmame em su\u00ednos\" tabindex=\"-1\" >\n\t\t\tLeia mais \u00bb\t\t<\/a>\n\n\t\t\t\t<\/div>\n\t\t\t\t<\/article>\n\t\t\t\t<article class=\"elementor-post elementor-grid-item post-30489 post type-post status-publish format-standard has-post-thumbnail hentry category-poultry-care\" role=\"listitem\">\n\t\t\t\t<a class=\"elementor-post__thumbnail__link\" href=\"https:\/\/www.naturalremedy.com\/br\/blog\/common-types-of-respiratory-diseases-in-poultry\/\" tabindex=\"-1\" >\n\t\t\t<div class=\"elementor-post__thumbnail\"><img loading=\"lazy\" decoding=\"async\" width=\"720\" height=\"411\" src=\"https:\/\/www.naturalremedy.com\/wp-content\/uploads\/2024\/09\/bird-flu-chicken-virus-1.jpg\" class=\"attachment-full size-full wp-image-30490\" alt=\"Tipos comuns de doen\u00e7as respirat\u00f3rias em aves\" srcset=\"https:\/\/www.naturalremedy.com\/wp-content\/uploads\/2024\/09\/bird-flu-chicken-virus-1.jpg 720w, https:\/\/www.naturalremedy.com\/wp-content\/uploads\/2024\/09\/bird-flu-chicken-virus-1-600x343.jpg 600w, https:\/\/www.naturalremedy.com\/wp-content\/uploads\/2024\/09\/bird-flu-chicken-virus-1-300x171.jpg 300w\" sizes=\"(max-width: 720px) 100vw, 720px\" \/><\/div>\n\t\t<\/a>\n\t\t\t\t<div class=\"elementor-post__text\">\n\t\t\t\t<h3 class=\"elementor-post__title\">\n\t\t\t<a href=\"https:\/\/www.naturalremedy.com\/br\/blog\/common-types-of-respiratory-diseases-in-poultry\/\" >\n\t\t\t\tTipos comuns de doen\u00e7as respirat\u00f3rias em aves\t\t\t<\/a>\n\t\t<\/h3>\n\t\t\t\t<div class=\"elementor-post__meta-data\">\n\t\t\t\t\t<span class=\"elementor-post-date\">\n\t\t\tSeptember 3, 2024\t\t<\/span>\n\t\t\t\t<\/div>\n\t\t\n\t\t<a class=\"elementor-post__read-more\" href=\"https:\/\/www.naturalremedy.com\/br\/blog\/common-types-of-respiratory-diseases-in-poultry\/\" aria-label=\"Read more about Tipos comuns de doen\u00e7as respirat\u00f3rias em aves\" tabindex=\"-1\" >\n\t\t\tLeia mais \u00bb\t\t<\/a>\n\n\t\t\t\t<\/div>\n\t\t\t\t<\/article>\n\t\t\t\t<article class=\"elementor-post elementor-grid-item post-30479 post type-post status-publish format-standard has-post-thumbnail hentry category-animal-healthcare\" role=\"listitem\">\n\t\t\t\t<a class=\"elementor-post__thumbnail__link\" href=\"https:\/\/www.naturalremedy.com\/br\/blog\/phytogenics-sustainable-solutions-for-animal-health\/\" tabindex=\"-1\" >\n\t\t\t<div class=\"elementor-post__thumbnail\"><img loading=\"lazy\" decoding=\"async\" width=\"1792\" height=\"1024\" src=\"https:\/\/www.naturalremedy.com\/wp-content\/uploads\/2024\/08\/Phytogenics-1.jpg\" class=\"attachment-full size-full wp-image-30480\" alt=\"Fitog\u00eanicos: solu\u00e7\u00f5es sustent\u00e1veis para a sa\u00fade animal\" srcset=\"https:\/\/www.naturalremedy.com\/wp-content\/uploads\/2024\/08\/Phytogenics-1.jpg 1792w, https:\/\/www.naturalremedy.com\/wp-content\/uploads\/2024\/08\/Phytogenics-1-600x343.jpg 600w, https:\/\/www.naturalremedy.com\/wp-content\/uploads\/2024\/08\/Phytogenics-1-300x171.jpg 300w, https:\/\/www.naturalremedy.com\/wp-content\/uploads\/2024\/08\/Phytogenics-1-1024x585.jpg 1024w, https:\/\/www.naturalremedy.com\/wp-content\/uploads\/2024\/08\/Phytogenics-1-768x439.jpg 768w, https:\/\/www.naturalremedy.com\/wp-content\/uploads\/2024\/08\/Phytogenics-1-1536x878.jpg 1536w\" sizes=\"(max-width: 1792px) 100vw, 1792px\" \/><\/div>\n\t\t<\/a>\n\t\t\t\t<div class=\"elementor-post__text\">\n\t\t\t\t<h3 class=\"elementor-post__title\">\n\t\t\t<a href=\"https:\/\/www.naturalremedy.com\/br\/blog\/phytogenics-sustainable-solutions-for-animal-health\/\" >\n\t\t\t\tFitog\u00eanicos: solu\u00e7\u00f5es sustent\u00e1veis para a sa\u00fade animal\t\t\t<\/a>\n\t\t<\/h3>\n\t\t\t\t<div class=\"elementor-post__meta-data\">\n\t\t\t\t\t<span class=\"elementor-post-date\">\n\t\t\tAugust 23, 2024\t\t<\/span>\n\t\t\t\t<\/div>\n\t\t\n\t\t<a class=\"elementor-post__read-more\" href=\"https:\/\/www.naturalremedy.com\/br\/blog\/phytogenics-sustainable-solutions-for-animal-health\/\" aria-label=\"Read more about Fitog\u00eanicos: solu\u00e7\u00f5es sustent\u00e1veis para a sa\u00fade animal\" tabindex=\"-1\" >\n\t\t\tLeia mais \u00bb\t\t<\/a>\n\n\t\t\t\t<\/div>\n\t\t\t\t<\/article>\n\t\t\t\t<article class=\"elementor-post elementor-grid-item post-30373 post type-post status-publish format-standard has-post-thumbnail hentry category-poultry-care\" role=\"listitem\">\n\t\t\t\t<a class=\"elementor-post__thumbnail__link\" href=\"https:\/\/www.naturalremedy.com\/br\/blog\/housing-system-of-poultry\/\" tabindex=\"-1\" >\n\t\t\t<div class=\"elementor-post__thumbnail\"><img loading=\"lazy\" decoding=\"async\" width=\"590\" height=\"350\" src=\"https:\/\/www.naturalremedy.com\/wp-content\/uploads\/2022\/02\/4-1.jpg\" class=\"attachment-full size-full wp-image-30377\" alt=\"Sistema de alojamento av\u00edcola\" srcset=\"https:\/\/www.naturalremedy.com\/wp-content\/uploads\/2022\/02\/4-1.jpg 590w, https:\/\/www.naturalremedy.com\/wp-content\/uploads\/2022\/02\/4-1-300x178.jpg 300w\" sizes=\"(max-width: 590px) 100vw, 590px\" \/><\/div>\n\t\t<\/a>\n\t\t\t\t<div class=\"elementor-post__text\">\n\t\t\t\t<h3 class=\"elementor-post__title\">\n\t\t\t<a href=\"https:\/\/www.naturalremedy.com\/br\/blog\/housing-system-of-poultry\/\" >\n\t\t\t\tGuia de sistemas de alojamento av\u00edcola: tipos e como escolher\t\t\t<\/a>\n\t\t<\/h3>\n\t\t\t\t<div class=\"elementor-post__meta-data\">\n\t\t\t\t\t<span class=\"elementor-post-date\">\n\t\t\tFebruary 8, 2022\t\t<\/span>\n\t\t\t\t<\/div>\n\t\t\n\t\t<a class=\"elementor-post__read-more\" href=\"https:\/\/www.naturalremedy.com\/br\/blog\/housing-system-of-poultry\/\" aria-label=\"Read more about Guia de sistemas de alojamento av\u00edcola: tipos e como escolher\" tabindex=\"-1\" >\n\t\t\tLeia mais \u00bb\t\t<\/a>\n\n\t\t\t\t<\/div>\n\t\t\t\t<\/article>\n\t\t\t\t<\/div>\n\t\t\n\t\t\t\t\t\t<\/div>\n\t\t\t\t<\/div>\n\t\t\t\t\t<\/div>\n\t\t\t\t<\/div>\n\t\t\t\t<\/div>\n\t\t","protected":false},"excerpt":{"rendered":"","protected":false},"author":1,"featured_media":0,"parent":0,"menu_order":0,"comment_status":"closed","ping_status":"closed","template":"","meta":{"_acf_changed":false,"footnotes":""},"class_list":["post-30710","page","type-page","status-publish","hentry"],"acf":[],"_links":{"self":[{"href":"https:\/\/www.naturalremedy.com\/br\/wp-json\/wp\/v2\/pages\/30710","targetHints":{"allow":["GET"]}}],"collection":[{"href":"https:\/\/www.naturalremedy.com\/br\/wp-json\/wp\/v2\/pages"}],"about":[{"href":"https:\/\/www.naturalremedy.com\/br\/wp-json\/wp\/v2\/types\/page"}],"author":[{"embeddable":true,"href":"https:\/\/www.naturalremedy.com\/br\/wp-json\/wp\/v2\/users\/1"}],"replies":[{"embeddable":true,"href":"https:\/\/www.naturalremedy.com\/br\/wp-json\/wp\/v2\/comments?post=30710"}],"version-history":[{"count":2,"href":"https:\/\/www.naturalremedy.com\/br\/wp-json\/wp\/v2\/pages\/30710\/revisions"}],"predecessor-version":[{"id":47000,"href":"https:\/\/www.naturalremedy.com\/br\/wp-json\/wp\/v2\/pages\/30710\/revisions\/47000"}],"wp:attachment":[{"href":"https:\/\/www.naturalremedy.com\/br\/wp-json\/wp\/v2\/media?parent=30710"}],"curies":[{"name":"wp","href":"https:\/\/api.w.org\/{rel}","templated":true}]}}