{"id":112402,"date":"2025-09-24T13:28:25","date_gmt":"2025-09-24T13:28:25","guid":{"rendered":"https:\/\/www.naturalremedy.com\/product\/poultry-zigbir-2\/"},"modified":"2026-01-27T09:32:45","modified_gmt":"2026-01-27T09:32:45","slug":"poultry-zigbir","status":"publish","type":"product","link":"https:\/\/www.naturalremedy.com\/br\/monogastrics-poultry\/liver-health\/poultry-zigbir\/","title":{"rendered":"Zigbir"},"content":{"rendered":"","protected":false},"excerpt":{"rendered":"","protected":false},"featured_media":30568,"comment_status":"open","ping_status":"closed","template":"","meta":{"_acf_changed":false},"product_brand":[],"product_cat":[193,127,194],"product_tag":[],"class_list":{"0":"post-112402","1":"product","2":"type-product","3":"status-publish","4":"has-post-thumbnail","6":"product_cat-international-poultry","7":"product_cat-liver-health-poultry-monogastrics-domestic","8":"product_cat-liver-health-poultry","10":"first","11":"instock","12":"shipping-taxable","13":"product-type-simple"},"acf":{"product_name":"","headline":"","product_thumbnail":"","product_content":"<h1 class=\"p-tab-title text-center-mb m-0\"><span dir=\"auto\"><span class=\"VIpgJd-yAWNEb-VIpgJd-fmcmS-sn54Q\" dir=\"auto\">Suplemento Natural para o F\u00edgado Zigbir para Aves<\/span><\/span><\/h1>\n<span dir=\"auto\">ZIGBIR \u00e9 um suplemento natural para o f\u00edgado de aves, baseado em pesquisa, projetado para otimizar a sa\u00fade do f\u00edgado e do intestino e restaurar suas fun\u00e7\u00f5es normais. ZIGBIR \u00e9 um P\u00f3 Bot\u00e2nico Padronizado (NRSBP) contendo fitoqu\u00edmicos ativos, como andrographolide, phyllanthin, flavonoides e alcaloides.  <\/span>","availability_in":[{"available":"1 litro"},{"available":"Frascos de 5 litros"},{"available":"Saco de 25 kg  "}],"product_video_text":"","product_video":"","usp_content":"<span dir=\"auto\">ZIGBIR \u00e9 uma solu\u00e7\u00e3o natural para otimizar a sa\u00fade e as fun\u00e7\u00f5es do f\u00edgado e do intestino, oferecendo caracter\u00edsticas e benef\u00edcios \u00fanicos.<\/span>\n<ul>\n \t<li><span dir=\"auto\">Biosecre\u00e7\u00e3o.<\/span><\/li>\n \t<li><span dir=\"auto\">Bioprote\u00e7\u00e3o.<\/span><\/li>\n \t<li><span dir=\"auto\">Biofortalecimento.<\/span><\/li>\n<\/ul>","features_content":"","usage_content":"","benfits":"","mixing_rate_content":"","target_species":[{"svg_icon":30565,"species_name":"Aves"},{"svg_icon":30567,"species_name":"Swine"}],"continent":[],"faqs":null,"certifications":null},"_links":{"self":[{"href":"https:\/\/www.naturalremedy.com\/br\/wp-json\/wp\/v2\/product\/112402","targetHints":{"allow":["GET"]}}],"collection":[{"href":"https:\/\/www.naturalremedy.com\/br\/wp-json\/wp\/v2\/product"}],"about":[{"href":"https:\/\/www.naturalremedy.com\/br\/wp-json\/wp\/v2\/types\/product"}],"replies":[{"embeddable":true,"href":"https:\/\/www.naturalremedy.com\/br\/wp-json\/wp\/v2\/comments?post=112402"}],"version-history":[{"count":1,"href":"https:\/\/www.naturalremedy.com\/br\/wp-json\/wp\/v2\/product\/112402\/revisions"}],"predecessor-version":[{"id":113360,"href":"https:\/\/www.naturalremedy.com\/br\/wp-json\/wp\/v2\/product\/112402\/revisions\/113360"}],"wp:featuredmedia":[{"embeddable":true,"href":"https:\/\/www.naturalremedy.com\/br\/wp-json\/wp\/v2\/media\/30568"}],"wp:attachment":[{"href":"https:\/\/www.naturalremedy.com\/br\/wp-json\/wp\/v2\/media?parent=112402"}],"wp:term":[{"taxonomy":"product_brand","embeddable":true,"href":"https:\/\/www.naturalremedy.com\/br\/wp-json\/wp\/v2\/product_brand?post=112402"},{"taxonomy":"product_cat","embeddable":true,"href":"https:\/\/www.naturalremedy.com\/br\/wp-json\/wp\/v2\/product_cat?post=112402"},{"taxonomy":"product_tag","embeddable":true,"href":"https:\/\/www.naturalremedy.com\/br\/wp-json\/wp\/v2\/product_tag?post=112402"}],"curies":[{"name":"wp","href":"https:\/\/api.w.org\/{rel}","templated":true}]}}