{"id":30520,"date":"2021-06-19T12:58:06","date_gmt":"2021-06-19T12:58:06","guid":{"rendered":"https:\/\/naturalremedy.com\/product\/poultry-respease\/"},"modified":"2025-11-24T11:31:25","modified_gmt":"2025-11-24T11:31:25","slug":"poultry-respease","status":"publish","type":"product","link":"https:\/\/www.naturalremedy.com\/br\/monogastrics-poultry\/respiratory-health\/poultry-respease\/","title":{"rendered":"Respease \u1d40\u1d39"},"content":{"rendered":"","protected":false},"excerpt":{"rendered":"","protected":false},"featured_media":30525,"comment_status":"open","ping_status":"closed","template":"","meta":{"_acf_changed":false},"product_brand":[],"product_cat":[80,193,81,82,197,88],"product_tag":[],"class_list":{"0":"post-30520","1":"product","2":"type-product","3":"status-publish","4":"has-post-thumbnail","6":"product_cat-international","7":"product_cat-international-poultry","8":"product_cat-monogastrics","9":"product_cat-monogastrics-poultry","10":"product_cat-poultry-respiratory","11":"product_cat-respiratory-health-poultry-care-international","13":"first","14":"instock","15":"shipping-taxable","16":"product-type-simple"},"acf":{"product_name":"Respease ","headline":"","product_thumbnail":30526,"product_content":"<span dir=\"auto\">Respease \u00e9 um suplemento alimentar respirat\u00f3rio para aves. Trata-se de uma nova combina\u00e7\u00e3o de fitoativos seletivos com propriedades broncodilatadoras, antituss\u00edgenas, expectorantes e descongestionantes. Os fitoativos presentes no Respease s\u00e3o principalmente glicerrizinas, vasicina, \u00e1cido urs\u00f3lico e polifen\u00f3is, que, por meio de sua a\u00e7\u00e3o multimodal, conferem in\u00fameros benef\u00edcios \u00e0s aves.<\/span>\r\n\r\n<span dir=\"auto\">Juntos, eles ajudam a melhorar a resili\u00eancia das aves a desafios respirat\u00f3rios de origens conhecidas e desconhecidas. Respease ajuda as aves a restaurar suas fun\u00e7\u00f5es normais, ao mesmo tempo em que estimula seu comportamento alimentar, n\u00edveis de atividade e reduz sintomas como estertores e secre\u00e7\u00e3o nasal e ocular.<\/span>","availability_in":[{"available":"25 kg bag"},{"available":"1 ltr Can"},{"available":"5 ltr Can"}],"product_video_text":"","product_video":"","usp_content":"<ul>\r\n \t<li><span dir=\"auto\">Anti-inflamat\u00f3rio.<\/span><\/li>\r\n \t<li><span dir=\"auto\">Mucol\u00edtico.<\/span><\/li>\r\n \t<li><span dir=\"auto\">Expectorante.<\/span><\/li>\r\n \t<li><span dir=\"auto\">Antioxidante.<\/span><\/li>\r\n \t<li><span dir=\"auto\">Antiespasm\u00f3dico e broncodilatador.<\/span><\/li>\r\n \t<li><span dir=\"auto\">Melhora a imunidade respirat\u00f3ria.<\/span><\/li>\r\n<\/ul>","features_content":"","usage_content":"","benfits":"","mixing_rate_content":"","target_species":[{"svg_icon":30565,"species_name":""},{"svg_icon":30565,"species_name":""},{"svg_icon":30565,"species_name":""}],"continent":["South East Asia","East Asia","Middle East","Europe","Latin American","South American"],"faqs":null,"certifications":[{"certificate_image":92976},{"certificate_image":92969},{"certificate_image":92968}]},"_links":{"self":[{"href":"https:\/\/www.naturalremedy.com\/br\/wp-json\/wp\/v2\/product\/30520","targetHints":{"allow":["GET"]}}],"collection":[{"href":"https:\/\/www.naturalremedy.com\/br\/wp-json\/wp\/v2\/product"}],"about":[{"href":"https:\/\/www.naturalremedy.com\/br\/wp-json\/wp\/v2\/types\/product"}],"replies":[{"embeddable":true,"href":"https:\/\/www.naturalremedy.com\/br\/wp-json\/wp\/v2\/comments?post=30520"}],"version-history":[{"count":4,"href":"https:\/\/www.naturalremedy.com\/br\/wp-json\/wp\/v2\/product\/30520\/revisions"}],"predecessor-version":[{"id":31069,"href":"https:\/\/www.naturalremedy.com\/br\/wp-json\/wp\/v2\/product\/30520\/revisions\/31069"}],"wp:featuredmedia":[{"embeddable":true,"href":"https:\/\/www.naturalremedy.com\/br\/wp-json\/wp\/v2\/media\/30525"}],"wp:attachment":[{"href":"https:\/\/www.naturalremedy.com\/br\/wp-json\/wp\/v2\/media?parent=30520"}],"wp:term":[{"taxonomy":"product_brand","embeddable":true,"href":"https:\/\/www.naturalremedy.com\/br\/wp-json\/wp\/v2\/product_brand?post=30520"},{"taxonomy":"product_cat","embeddable":true,"href":"https:\/\/www.naturalremedy.com\/br\/wp-json\/wp\/v2\/product_cat?post=30520"},{"taxonomy":"product_tag","embeddable":true,"href":"https:\/\/www.naturalremedy.com\/br\/wp-json\/wp\/v2\/product_tag?post=30520"}],"curies":[{"name":"wp","href":"https:\/\/api.w.org\/{rel}","templated":true}]}}