{"id":30528,"date":"2021-06-19T13:05:04","date_gmt":"2021-06-19T13:05:04","guid":{"rendered":"https:\/\/naturalremedy.com\/product\/poultry-stodi\/"},"modified":"2025-11-19T11:25:34","modified_gmt":"2025-11-19T11:25:34","slug":"poultry-stodi","status":"publish","type":"product","link":"https:\/\/www.naturalremedy.com\/br\/monogastrics-poultry\/diarrhoea-management-and-gut-health\/poultry-stodi\/","title":{"rendered":"Stodi \u00ae"},"content":{"rendered":"","protected":false},"excerpt":{"rendered":"","protected":false},"featured_media":30532,"comment_status":"open","ping_status":"closed","template":"","meta":{"_acf_changed":false},"product_brand":[],"product_cat":[202,86,80,193,81,82],"product_tag":[],"class_list":{"0":"post-30528","1":"product","2":"type-product","3":"status-publish","4":"has-post-thumbnail","6":"product_cat-diarrhoea-management-and-gut-health","8":"product_cat-international","9":"product_cat-international-poultry","10":"product_cat-monogastrics","11":"product_cat-monogastrics-poultry","13":"first","14":"instock","15":"shipping-taxable","16":"product-type-simple"},"acf":{"product_name":"Stodi","headline":"","product_thumbnail":30531,"product_content":"<h1 class=\"p-tab-title text-center-mb m-0\"><span dir=\"auto\"><span class=\"VIpgJd-yAWNEb-VIpgJd-fmcmS-sn54Q\" dir=\"auto\">Stodi\u00a0<\/span><\/span><sup><span dir=\"auto\"><span class=\"VIpgJd-yAWNEb-VIpgJd-fmcmS-sn54Q\" dir=\"auto\">\u00ae<\/span><\/span><\/sup><span dir=\"auto\"><span class=\"VIpgJd-yAWNEb-VIpgJd-fmcmS-sn54Q\" dir=\"auto\">\u00a0para aves \u2013 Sa\u00fade intestinal e tratamento de diarreia<\/span><\/span><\/h1>\r\n<span dir=\"auto\">Stodi \u00e9 uma combina\u00e7\u00e3o sin\u00e9rgica de fitoqu\u00edmicos como andrografolida, punicalaginas, elagitaninos e polifen\u00f3is de ervas selecionadas. Os fitoativos garantem o controle de fezes soltas em aves e da diarreia de origem conhecida e desconhecida quando usados \u200b\u200bpreventivamente, e auxiliam na recupera\u00e7\u00e3o quando usados \u200b\u200bem conjunto com outros aditivos alimentares durante o tratamento.<\/span>\r\n\r\n<span dir=\"auto\">Ajuda a restaurar o equil\u00edbrio intestinal e garante produtividade ideal.<\/span>","availability_in":[{"available":"25 Kg Bags"},{"available":"500 kg bag"}],"product_video_text":"","product_video":"","usp_content":"<ul>\r\n \t<li><span dir=\"auto\">Normaliza o peristaltismo intestinal.<\/span><\/li>\r\n \t<li><span dir=\"auto\">Aumenta a integridade intestinal.<\/span><\/li>\r\n \t<li><span dir=\"auto\">Melhora a imunidade intestinal.<\/span><\/li>\r\n \t<li><span dir=\"auto\">Melhora o microbioma intestinal.<\/span><\/li>\r\n \t<li><span dir=\"auto\">Ajuda a diminuir a produ\u00e7\u00e3o de am\u00f4nia.<\/span><\/li>\r\n<\/ul>","features_content":"","usage_content":"","benfits":"","mixing_rate_content":"","target_species":[{"svg_icon":30565,"species_name":""},{"svg_icon":30567,"species_name":""}],"continent":["South East Asia","East Asia","Middle East","Europe","Latin American","South American"],"faqs":null,"certifications":[{"certificate_image":92976},{"certificate_image":92969},{"certificate_image":92968}]},"_links":{"self":[{"href":"https:\/\/www.naturalremedy.com\/br\/wp-json\/wp\/v2\/product\/30528","targetHints":{"allow":["GET"]}}],"collection":[{"href":"https:\/\/www.naturalremedy.com\/br\/wp-json\/wp\/v2\/product"}],"about":[{"href":"https:\/\/www.naturalremedy.com\/br\/wp-json\/wp\/v2\/types\/product"}],"replies":[{"embeddable":true,"href":"https:\/\/www.naturalremedy.com\/br\/wp-json\/wp\/v2\/comments?post=30528"}],"version-history":[{"count":2,"href":"https:\/\/www.naturalremedy.com\/br\/wp-json\/wp\/v2\/product\/30528\/revisions"}],"predecessor-version":[{"id":31070,"href":"https:\/\/www.naturalremedy.com\/br\/wp-json\/wp\/v2\/product\/30528\/revisions\/31070"}],"wp:featuredmedia":[{"embeddable":true,"href":"https:\/\/www.naturalremedy.com\/br\/wp-json\/wp\/v2\/media\/30532"}],"wp:attachment":[{"href":"https:\/\/www.naturalremedy.com\/br\/wp-json\/wp\/v2\/media?parent=30528"}],"wp:term":[{"taxonomy":"product_brand","embeddable":true,"href":"https:\/\/www.naturalremedy.com\/br\/wp-json\/wp\/v2\/product_brand?post=30528"},{"taxonomy":"product_cat","embeddable":true,"href":"https:\/\/www.naturalremedy.com\/br\/wp-json\/wp\/v2\/product_cat?post=30528"},{"taxonomy":"product_tag","embeddable":true,"href":"https:\/\/www.naturalremedy.com\/br\/wp-json\/wp\/v2\/product_tag?post=30528"}],"curies":[{"name":"wp","href":"https:\/\/api.w.org\/{rel}","templated":true}]}}