{"id":30539,"date":"2023-03-10T14:51:24","date_gmt":"2023-03-10T14:51:24","guid":{"rendered":"https:\/\/naturalremedy.com\/product\/poultry-phytocee-b\/"},"modified":"2025-11-24T11:32:55","modified_gmt":"2025-11-24T11:32:55","slug":"poultry-phytocee","status":"publish","type":"product","link":"https:\/\/www.naturalremedy.com\/br\/monogastrics-poultry\/adaptogenic-general-immunity\/poultry-phytocee\/","title":{"rendered":"Phytocee \u00ae"},"content":{"rendered":"<p>O PHYTOCEE \u00e9 uma solu\u00e7\u00e3o natural baseada em pesquisas para controlar o efeito prejudicial do estresse causado por v\u00e1rios fatores de estresse. PHYTOCEE \u00e9 uma formula\u00e7\u00e3o poli-herbal que cont\u00e9m fitoconstituintes como polifen\u00f3is, withanolides e triterpen\u00f3ides. O PHYTOCEE funciona como um aprimorador da defesa natural e aumenta a resist\u00eancia, otimiza o CMI e ajuda a reduzir os efeitos nocivos do estresse.  <\/p>\n<p>O PHYTOCEE \u00e9 uma solu\u00e7\u00e3o natural baseada em pesquisas para o controle do estresse que apresenta caracter\u00edsticas e benef\u00edcios exclusivos.<\/p>\n","protected":false},"excerpt":{"rendered":"<p>O PHYTOCEE \u00e9 uma solu\u00e7\u00e3o natural baseada em pesquisas para controlar o efeito prejudicial do estresse causado por v\u00e1rios fatores de estresse. PHYTOCEE \u00e9 uma formula\u00e7\u00e3o poli-herbal que cont\u00e9m fitoconstituintes como polifen\u00f3is, withanolides e triterpen\u00f3ides. O PHYTOCEE funciona como um aprimorador da defesa natural e aumenta a resist\u00eancia, otimiza o CMI e ajuda a reduzir [&hellip;]<\/p>\n","protected":false},"featured_media":30536,"comment_status":"open","ping_status":"closed","template":"","meta":{"_acf_changed":false},"product_brand":[],"product_cat":[198,84,80,193,81,82,201],"product_tag":[],"class_list":{"0":"post-30539","1":"product","2":"type-product","3":"status-publish","4":"has-post-thumbnail","6":"product_cat-adaptogenic","7":"product_cat-adaptogenic-anti-stress-immunomodulatory","8":"product_cat-international","9":"product_cat-international-poultry","10":"product_cat-monogastrics","11":"product_cat-monogastrics-poultry","12":"product_cat-poultry-adaptogenic","14":"first","15":"instock","16":"shipping-taxable","17":"product-type-simple"},"acf":{"product_name":"Fitoceas  ","headline":"Um aprimorador de defesa natural","product_thumbnail":30598,"product_content":"O PHYTOCEE, uma solu\u00e7\u00e3o natural baseada em pesquisas, tem como objetivo melhorar a imunidade das aves, bem como controlar os efeitos do estresse causado por v\u00e1rios fatores de estresse. Sua formula\u00e7\u00e3o poliherbal cont\u00e9m fitoconstituintes como polifen\u00f3is, withanolides e triterpen\u00f3ides. \n\nO PHYTOCEE \u00e9 um aditivo fitog\u00eanico para ra\u00e7\u00f5es que funciona como um aprimorador de defesa natural. Ele tamb\u00e9m promove a resist\u00eancia, otimiza a imunidade mediada por c\u00e9lulas e ajuda a reduzir os efeitos nocivos do estresse. Esse aditivo fitog\u00eanico para ra\u00e7\u00e3o animal \u00e9 est\u00e1vel ao calor e pode ser adicionado diretamente \u00e0 ra\u00e7\u00e3o.  \n\nValidado cientificamente com as tecnologias OMICS","availability_in":[{"available":"5 kg"},{"available":"25 kg"}],"product_video_text":"","product_video":"","usp_content":"O PHYTOCEE foi desenvolvido como uma solu\u00e7\u00e3o natural baseada em pesquisas para o controle do estresse e tem caracter\u00edsticas e benef\u00edcios exclusivos, como\n<ul>\n \t<li><strong>Adaptog\u00eanico e melhora a resist\u00eancia<\/strong>\nMelhora a resist\u00eancia e restaura as fun\u00e7\u00f5es fisiol\u00f3gicas normais durante condi\u00e7\u00f5es desafiadoras.<\/li>\n \t<li><strong>CMI Optimization <\/strong>\nOtimiza a imunidade mediada por c\u00e9lulas e evita a vulnerabilidade a doen\u00e7as.<\/li>\n \t<li><strong>Toler\u00e2ncia eficaz ao estresse<\/strong>\nReduz o n\u00edvel s\u00e9rico de corticosterona e protege contra danos oxidativos por meio de uma forte propriedade antioxidante.<\/li>\n<\/ul>","features_content":"","usage_content":"200 g por tonelada de ra\u00e7\u00e3o para aves.","benfits":"","mixing_rate_content":"","target_species":[{"svg_icon":30565,"species_name":"Frangos de corte"},{"svg_icon":30565,"species_name":"Criadores"},{"svg_icon":30565,"species_name":"Poedeiras"}],"continent":["South Asia"],"faqs":null,"certifications":[{"certificate_image":92976},{"certificate_image":92969},{"certificate_image":92968}]},"_links":{"self":[{"href":"https:\/\/www.naturalremedy.com\/br\/wp-json\/wp\/v2\/product\/30539","targetHints":{"allow":["GET"]}}],"collection":[{"href":"https:\/\/www.naturalremedy.com\/br\/wp-json\/wp\/v2\/product"}],"about":[{"href":"https:\/\/www.naturalremedy.com\/br\/wp-json\/wp\/v2\/types\/product"}],"replies":[{"embeddable":true,"href":"https:\/\/www.naturalremedy.com\/br\/wp-json\/wp\/v2\/comments?post=30539"}],"version-history":[{"count":6,"href":"https:\/\/www.naturalremedy.com\/br\/wp-json\/wp\/v2\/product\/30539\/revisions"}],"predecessor-version":[{"id":52190,"href":"https:\/\/www.naturalremedy.com\/br\/wp-json\/wp\/v2\/product\/30539\/revisions\/52190"}],"wp:featuredmedia":[{"embeddable":true,"href":"https:\/\/www.naturalremedy.com\/br\/wp-json\/wp\/v2\/media\/30536"}],"wp:attachment":[{"href":"https:\/\/www.naturalremedy.com\/br\/wp-json\/wp\/v2\/media?parent=30539"}],"wp:term":[{"taxonomy":"product_brand","embeddable":true,"href":"https:\/\/www.naturalremedy.com\/br\/wp-json\/wp\/v2\/product_brand?post=30539"},{"taxonomy":"product_cat","embeddable":true,"href":"https:\/\/www.naturalremedy.com\/br\/wp-json\/wp\/v2\/product_cat?post=30539"},{"taxonomy":"product_tag","embeddable":true,"href":"https:\/\/www.naturalremedy.com\/br\/wp-json\/wp\/v2\/product_tag?post=30539"}],"curies":[{"name":"wp","href":"https:\/\/api.w.org\/{rel}","templated":true}]}}