{"id":30541,"date":"2021-06-09T17:00:10","date_gmt":"2021-06-09T17:00:10","guid":{"rendered":"https:\/\/naturalremedy.com\/product\/swine-stodi\/"},"modified":"2025-11-24T11:32:20","modified_gmt":"2025-11-24T11:32:20","slug":"swine-stodi","status":"publish","type":"product","link":"https:\/\/www.naturalremedy.com\/br\/monogastrics-swine\/diarrhoea-management-and-gut-health\/swine-stodi\/","title":{"rendered":"Stodi \u00ae"},"content":{"rendered":"<p>Um p\u00f3 bot\u00e2nico padronizado (NRSBP) para prevenir a diarreia p\u00f3s-desmame em leit\u00f5es que ajuda a melhorar a integridade intestinal e protege a sa\u00fade do intestino.<\/p>\n","protected":false},"excerpt":{"rendered":"<p>Um p\u00f3 bot\u00e2nico padronizado (NRSBP) para prevenir a diarreia p\u00f3s-desmame em leit\u00f5es que ajuda a melhorar a integridade intestinal e protege a sa\u00fade do intestino.<\/p>\n","protected":false},"featured_media":30542,"comment_status":"open","ping_status":"closed","template":"","meta":{"_acf_changed":false},"product_brand":[],"product_cat":[94,80,195,81,91,207],"product_tag":[],"class_list":{"0":"post-30541","1":"product","2":"type-product","3":"status-publish","4":"has-post-thumbnail","6":"product_cat-diarrhoea-management-and-gut-health-swine-care-international","7":"product_cat-international","8":"product_cat-international-swine","9":"product_cat-monogastrics","10":"product_cat-monogastrics-swine","11":"product_cat-swine-diarrhoea-management-and-gut-health","13":"first","14":"instock","15":"shipping-taxable","16":"product-type-simple"},"acf":{"product_name":"Stodi","headline":"Uma solu\u00e7\u00e3o natural para prevenir a diarreia","product_thumbnail":811,"product_content":"Um p\u00f3 bot\u00e2nico padronizado (NRSBP) para prevenir a diarreia p\u00f3s-desmame em leit\u00f5es que ajuda a melhorar a integridade intestinal e protege a sa\u00fade do intestino.\r\n\r\nO STODI foi comprovado como favor\u00e1vel ao microbioma intestinal ben\u00e9fico e tamb\u00e9m reduz a depend\u00eancia de antibi\u00f3ticos quando usado para controlar a diarreia p\u00f3s-desmame e a disenteria su\u00edna em porcos adultos.\r\n\r\nTamb\u00e9m foi observado que melhora os par\u00e2metros de ganho de peso e a consist\u00eancia fecal em leit\u00f5es em compara\u00e7\u00e3o com o \u00f3xido de zinco em dosagens similares.\r\n\r\n<strong>Composi\u00e7\u00e3o: <\/strong>\r\nCombina\u00e7\u00e3o sin\u00e9rgica de fitoqu\u00edmicos como Andrografolida, Punicalaginas e outros Elagitaninos e Polifen\u00f3is de ervas selecionadas.","availability_in":[{"available":"Sacos de 25 kg"},{"available":"Sacos de 500 kg"}],"product_video_text":"","product_video":"","usp_content":"<ul>\r\n \t<li>Previne a diarreia.<\/li>\r\n \t<li>Protege a integridade intestinal e o microbioma.<\/li>\r\n \t<li>Seguro para o meio ambiente.<\/li>\r\n \t<li>Garante o crescimento.<\/li>\r\n \t<li>Seguro para a cadeia alimentar.<\/li>\r\n \t<li>Melhora a imunidade intestinal e o microbioma.<\/li>\r\n<\/ul>","features_content":"","usage_content":"<ul>\r\n \t<li>Pr\u00e9-inicial: At\u00e9 4 kg por tonelada de ra\u00e7\u00e3o em casos de DPD grave por um m\u00ednimo de 2 semanas.<\/li>\r\n \t<li>Inicial: 2-4 kg por tonelada de ra\u00e7\u00e3o at\u00e9 que a diarreia diminua.<\/li>\r\n \t<li>Disenteria em Su\u00ednos: 4 kg por tonelada de ra\u00e7\u00e3o por um m\u00ednimo de 2 semanas.<\/li>\r\n<\/ul>","benfits":"","mixing_rate_content":"","target_species":[{"svg_icon":30567,"species_name":"Su\u00edno"}],"continent":["South East Asia","East Asia","Middle East","Europe","Latin American","South American"],"faqs":null,"certifications":[{"certificate_image":92976},{"certificate_image":92969},{"certificate_image":92968}]},"_links":{"self":[{"href":"https:\/\/www.naturalremedy.com\/br\/wp-json\/wp\/v2\/product\/30541","targetHints":{"allow":["GET"]}}],"collection":[{"href":"https:\/\/www.naturalremedy.com\/br\/wp-json\/wp\/v2\/product"}],"about":[{"href":"https:\/\/www.naturalremedy.com\/br\/wp-json\/wp\/v2\/types\/product"}],"replies":[{"embeddable":true,"href":"https:\/\/www.naturalremedy.com\/br\/wp-json\/wp\/v2\/comments?post=30541"}],"version-history":[{"count":2,"href":"https:\/\/www.naturalremedy.com\/br\/wp-json\/wp\/v2\/product\/30541\/revisions"}],"predecessor-version":[{"id":31020,"href":"https:\/\/www.naturalremedy.com\/br\/wp-json\/wp\/v2\/product\/30541\/revisions\/31020"}],"wp:featuredmedia":[{"embeddable":true,"href":"https:\/\/www.naturalremedy.com\/br\/wp-json\/wp\/v2\/media\/30542"}],"wp:attachment":[{"href":"https:\/\/www.naturalremedy.com\/br\/wp-json\/wp\/v2\/media?parent=30541"}],"wp:term":[{"taxonomy":"product_brand","embeddable":true,"href":"https:\/\/www.naturalremedy.com\/br\/wp-json\/wp\/v2\/product_brand?post=30541"},{"taxonomy":"product_cat","embeddable":true,"href":"https:\/\/www.naturalremedy.com\/br\/wp-json\/wp\/v2\/product_cat?post=30541"},{"taxonomy":"product_tag","embeddable":true,"href":"https:\/\/www.naturalremedy.com\/br\/wp-json\/wp\/v2\/product_tag?post=30541"}],"curies":[{"name":"wp","href":"https:\/\/api.w.org\/{rel}","templated":true}]}}