{"id":30557,"date":"2024-09-12T05:09:37","date_gmt":"2024-09-12T05:09:37","guid":{"rendered":"https:\/\/naturalremedy.com\/product\/kolin-plus-%e1%b5%80%e1%b4%b9\/"},"modified":"2025-12-17T10:20:52","modified_gmt":"2025-12-17T10:20:52","slug":"poultry-kolin-plus","status":"publish","type":"product","link":"https:\/\/www.naturalremedy.com\/br\/monogastrics-poultry\/choline-chloride-replacement\/poultry-kolin-plus\/","title":{"rendered":"Kolin plus \u1d40\u1d39"},"content":{"rendered":"","protected":false},"excerpt":{"rendered":"","protected":false},"featured_media":30559,"comment_status":"open","ping_status":"closed","template":"","meta":{"_acf_changed":false},"product_brand":[],"product_cat":[203,92,80,193,81,91],"product_tag":[],"class_list":{"0":"post-30557","1":"product","2":"type-product","3":"status-publish","4":"has-post-thumbnail","6":"product_cat-choline-chloride-replacement","7":"product_cat-choline-chloride-replacement-swine-care-international","8":"product_cat-international","9":"product_cat-international-poultry","10":"product_cat-monogastrics","11":"product_cat-monogastrics-swine","13":"first","14":"instock","15":"shipping-taxable","16":"product-type-simple"},"acf":{"product_name":"Kolin plus  ","headline":"A alternativa mais ecol\u00f3gica para o cloreto de colina","product_thumbnail":30558,"product_content":"Um p\u00f3 bot\u00e2nico padronizado (SBP) que \u00e9 uma alternativa mais ecol\u00f3gica ao cloreto de colina. Tamb\u00e9m \u00e9 comprovado para melhor mobiliza\u00e7\u00e3o de gordura, metabolismo de gordura, crescimento muscular ideal e produ\u00e7\u00e3o de carne de porco mais magra. \n\nUma combina\u00e7\u00e3o sin\u00e9rgica de catequinas, curcuminoides e polifen\u00f3is imita a atividade do cloreto de colina em uma dosagem menor e, portanto, melhor economia de ra\u00e7\u00e3o.","availability_in":[{"available":"Sacos de 25 kg"}],"product_video_text":"","product_video":"","usp_content":"KOLIN PLUS \u00e9 uma alternativa conveniente, compat\u00edvel, econ\u00f4mica e cuidadosa ao cloreto de colina.","features_content":"","usage_content":"<ul>\n \t<li>Substitui\u00e7\u00e3o de 100% do cloreto de colina 60%.<\/li>\n \t<li>1 kg de cloreto de colina pode ser substitu\u00eddo por 250 g-330 g\/ton de Kolin Plus.<\/li>\n<\/ul>","benfits":"","mixing_rate_content":"","target_species":[{"svg_icon":30565,"species_name":"Aves"}],"continent":["South East Asia","South Asia","East Asia","Latin American"],"faqs":null,"certifications":null},"_links":{"self":[{"href":"https:\/\/www.naturalremedy.com\/br\/wp-json\/wp\/v2\/product\/30557","targetHints":{"allow":["GET"]}}],"collection":[{"href":"https:\/\/www.naturalremedy.com\/br\/wp-json\/wp\/v2\/product"}],"about":[{"href":"https:\/\/www.naturalremedy.com\/br\/wp-json\/wp\/v2\/types\/product"}],"replies":[{"embeddable":true,"href":"https:\/\/www.naturalremedy.com\/br\/wp-json\/wp\/v2\/comments?post=30557"}],"version-history":[{"count":5,"href":"https:\/\/www.naturalremedy.com\/br\/wp-json\/wp\/v2\/product\/30557\/revisions"}],"predecessor-version":[{"id":52191,"href":"https:\/\/www.naturalremedy.com\/br\/wp-json\/wp\/v2\/product\/30557\/revisions\/52191"}],"wp:featuredmedia":[{"embeddable":true,"href":"https:\/\/www.naturalremedy.com\/br\/wp-json\/wp\/v2\/media\/30559"}],"wp:attachment":[{"href":"https:\/\/www.naturalremedy.com\/br\/wp-json\/wp\/v2\/media?parent=30557"}],"wp:term":[{"taxonomy":"product_brand","embeddable":true,"href":"https:\/\/www.naturalremedy.com\/br\/wp-json\/wp\/v2\/product_brand?post=30557"},{"taxonomy":"product_cat","embeddable":true,"href":"https:\/\/www.naturalremedy.com\/br\/wp-json\/wp\/v2\/product_cat?post=30557"},{"taxonomy":"product_tag","embeddable":true,"href":"https:\/\/www.naturalremedy.com\/br\/wp-json\/wp\/v2\/product_tag?post=30557"}],"curies":[{"name":"wp","href":"https:\/\/api.w.org\/{rel}","templated":true}]}}