{"id":30596,"date":"2021-06-19T11:52:03","date_gmt":"2021-06-19T11:52:03","guid":{"rendered":"https:\/\/naturalremedy.com\/product\/poultry-phytocee\/"},"modified":"2025-11-24T11:33:12","modified_gmt":"2025-11-24T11:33:12","slug":"swine-phytocee","status":"publish","type":"product","link":"https:\/\/www.naturalremedy.com\/br\/monogastrics-swine\/adaptogenic-anti-stress-immunomodulatory\/swine-phytocee\/","title":{"rendered":"Phytocee \u00ae"},"content":{"rendered":"","protected":false},"excerpt":{"rendered":"","protected":false},"featured_media":30536,"comment_status":"open","ping_status":"closed","template":"","meta":{"_acf_changed":false},"product_brand":[],"product_cat":[120,195,112,113,206],"product_tag":[],"class_list":{"0":"post-30596","1":"product","2":"type-product","3":"status-publish","4":"has-post-thumbnail","6":"product_cat-adaptogenic-general-immunity","7":"product_cat-international-swine","8":"product_cat-india-monogastrics","9":"product_cat-poultry-care","10":"product_cat-swine-adaptogenic-anti-stress-immunomodulatory","12":"first","13":"instock","14":"shipping-taxable","15":"product-type-simple"},"acf":{"product_name":"Phytocee \u00ae Swine Health Immunity Booster e solu\u00e7\u00e3o antiestresse","headline":"","product_thumbnail":30598,"product_content":"<span dir=\"auto\">Uma solu\u00e7\u00e3o natural baseada em pesquisas que controla o estresse causado por m\u00faltiplos fatores. Aumenta a resist\u00eancia e otimiza a imunidade celular e humoral.<\/span>\r\n\r\n<span dir=\"auto\">Phytocee \u00e9 uma combina\u00e7\u00e3o eficaz de NR-Fitoqu\u00edmicos Polifen\u00f3is, Withanolidas e Triterpenoides para fornecer uma defesa confi\u00e1vel aos su\u00ednos contra v\u00e1rios desafios.<\/span>\r\n\r\n<span dir=\"auto\">Os efeitos do Phytocee em diferentes est\u00e1gios dos su\u00ednos s\u00e3o:<\/span>\r\n\r\n<strong><span dir=\"auto\">Leit\u00f5es<\/span><\/strong>\r\n<ul>\r\n \t<li><span dir=\"auto\">Reduz o estresse durante o per\u00edodo p\u00f3s-desmame.<\/span><\/li>\r\n \t<li><span dir=\"auto\">Melhora o ganho m\u00e9dio di\u00e1rio em leit\u00f5es p\u00f3s-desmame.<\/span><\/li>\r\n \t<li><span dir=\"auto\">Reduz a incid\u00eancia de mordeduras de cauda e outras respostas de estresse psicol\u00f3gico.<\/span><\/li>\r\n<\/ul>\r\n<strong><span dir=\"auto\">Finalizadores<\/span><\/strong>\r\n<ul>\r\n \t<li><span dir=\"auto\">Otimiza o ganho de peso corporal.<\/span><\/li>\r\n \t<li><span dir=\"auto\">Reduz os custos com medicamentos.<\/span><\/li>\r\n \t<li><span dir=\"auto\">Menor morbidade.<\/span><\/li>\r\n \t<li><span dir=\"auto\">Melhoria na qualidade da carne.<\/span><\/li>\r\n<\/ul>\r\n<strong><span dir=\"auto\">Porcas<\/span><\/strong>\r\n<ul>\r\n \t<li><span dir=\"auto\">Melhora a paridade.<\/span><\/li>\r\n \t<li><span dir=\"auto\">Reduz a mortalidade entre os leit\u00f5es.<\/span><\/li>\r\n \t<li><span dir=\"auto\">Melhora a produ\u00e7\u00e3o de leite e os n\u00edveis de imunoglobulina no colostro.<\/span><\/li>\r\n \t<li><span dir=\"auto\">Reduz a respira\u00e7\u00e3o ofegante, um sinal de estresse.<\/span><\/li>\r\n \t<li><span dir=\"auto\">Reduz os n\u00edveis de cortisol durante o estresse social, evidente ao agrupar e reagrupar.<\/span><\/li>\r\n<\/ul>","availability_in":[{"available":""}],"product_video_text":"","product_video":"","usp_content":"<ul>\r\n \t<li><strong><span dir=\"auto\">Adaptog\u00eanico<\/span><\/strong>\r\n<span dir=\"auto\">Aumenta a resist\u00eancia e mant\u00e9m as fun\u00e7\u00f5es fisiol\u00f3gicas normais.<\/span><\/li>\r\n \t<li><strong><span dir=\"auto\">O CMI<\/span><\/strong>\r\n<span dir=\"auto\">otimiza a imunidade mediada por c\u00e9lulas e previne a vulnerabilidade a doen\u00e7as.<\/span><\/li>\r\n \t<li><strong><span dir=\"auto\">Antiestresse<\/span><\/strong>\r\n<span dir=\"auto\">Reduz o n\u00edvel s\u00e9rico de corticosterona e previne danos oxidativos.<\/span><\/li>\r\n \t<li><strong><span dir=\"auto\">Promove o bem-estar dos su\u00ednos.<\/span><\/strong>\r\n<span dir=\"auto\">Reduz a incid\u00eancia de mordeduras de cauda e respira\u00e7\u00e3o ofegante durante condi\u00e7\u00f5es estressantes.<\/span><\/li>\r\n<\/ul>","features_content":"","usage_content":"","benfits":"","mixing_rate_content":"","target_species":[{"svg_icon":30565,"species_name":""},{"svg_icon":30567,"species_name":""}],"continent":["South East Asia","South Asia","East Asia","Middle East","Europe","Latin American","African"],"faqs":null,"certifications":[{"certificate_image":92976},{"certificate_image":92969},{"certificate_image":92968}]},"_links":{"self":[{"href":"https:\/\/www.naturalremedy.com\/br\/wp-json\/wp\/v2\/product\/30596","targetHints":{"allow":["GET"]}}],"collection":[{"href":"https:\/\/www.naturalremedy.com\/br\/wp-json\/wp\/v2\/product"}],"about":[{"href":"https:\/\/www.naturalremedy.com\/br\/wp-json\/wp\/v2\/types\/product"}],"replies":[{"embeddable":true,"href":"https:\/\/www.naturalremedy.com\/br\/wp-json\/wp\/v2\/comments?post=30596"}],"version-history":[{"count":2,"href":"https:\/\/www.naturalremedy.com\/br\/wp-json\/wp\/v2\/product\/30596\/revisions"}],"predecessor-version":[{"id":31074,"href":"https:\/\/www.naturalremedy.com\/br\/wp-json\/wp\/v2\/product\/30596\/revisions\/31074"}],"wp:featuredmedia":[{"embeddable":true,"href":"https:\/\/www.naturalremedy.com\/br\/wp-json\/wp\/v2\/media\/30536"}],"wp:attachment":[{"href":"https:\/\/www.naturalremedy.com\/br\/wp-json\/wp\/v2\/media?parent=30596"}],"wp:term":[{"taxonomy":"product_brand","embeddable":true,"href":"https:\/\/www.naturalremedy.com\/br\/wp-json\/wp\/v2\/product_brand?post=30596"},{"taxonomy":"product_cat","embeddable":true,"href":"https:\/\/www.naturalremedy.com\/br\/wp-json\/wp\/v2\/product_cat?post=30596"},{"taxonomy":"product_tag","embeddable":true,"href":"https:\/\/www.naturalremedy.com\/br\/wp-json\/wp\/v2\/product_tag?post=30596"}],"curies":[{"name":"wp","href":"https:\/\/api.w.org\/{rel}","templated":true}]}}