{"id":31060,"date":"2025-09-24T13:28:25","date_gmt":"2025-09-24T13:28:25","guid":{"rendered":"https:\/\/naturalremedy.com\/?post_type=product&#038;p=31060"},"modified":"2025-11-24T11:28:15","modified_gmt":"2025-11-24T11:28:15","slug":"swine-zigbir","status":"publish","type":"product","link":"https:\/\/www.naturalremedy.com\/br\/monogastrics-swine\/liver-health\/swine-zigbir\/","title":{"rendered":"Zigbir"},"content":{"rendered":"","protected":false},"excerpt":{"rendered":"","protected":false},"featured_media":30568,"comment_status":"open","ping_status":"closed","template":"","meta":{"_acf_changed":false},"product_brand":[],"product_cat":[195,208],"product_tag":[],"class_list":{"0":"post-31060","1":"product","2":"type-product","3":"status-publish","4":"has-post-thumbnail","6":"product_cat-international-swine","7":"product_cat-swine-liver-health","9":"first","10":"instock","11":"shipping-taxable","12":"product-type-simple"},"acf":{"product_name":"","headline":"","product_thumbnail":"","product_content":"<h1 class=\"p-tab-title text-center-mb m-0\"><span dir=\"auto\"><span class=\"VIpgJd-yAWNEb-VIpgJd-fmcmS-sn54Q\" dir=\"auto\">Suplemento natural para f\u00edgado Zigbir para aves<\/span><\/span><\/h1>\r\n<span dir=\"auto\">ZIGBIR \u00e9 um suplemento natural para f\u00edgado de aves, baseado em pesquisas, que visa otimizar a sa\u00fade do f\u00edgado e do intestino e restaurar suas fun\u00e7\u00f5es normais. ZIGBIR \u00e9 um P\u00f3 Bot\u00e2nico Padronizado (NRSBP) que cont\u00e9m fitoqu\u00edmicos ativos como andrografolida, filantina, flavonoides e alcaloides.<\/span>","availability_in":[{"available":"1 ltr"},{"available":"5 ltr jars"},{"available":"25 kg bag "}],"product_video_text":"","product_video":"","usp_content":"<span dir=\"auto\">ZIGBIR \u00e9 uma solu\u00e7\u00e3o natural para otimizar a sa\u00fade e as fun\u00e7\u00f5es do f\u00edgado e do intestino e oferece caracter\u00edsticas e benef\u00edcios exclusivos.<\/span>\r\n<ul>\r\n \t<li><span dir=\"auto\">Biossecre\u00e7\u00e3o.<\/span><\/li>\r\n \t<li><span dir=\"auto\">Bioprote\u00e7\u00e3o.<\/span><\/li>\r\n \t<li><span dir=\"auto\">Biofortalecimento.<\/span><\/li>\r\n<\/ul>","features_content":"","usage_content":"","benfits":"","mixing_rate_content":"","target_species":[{"svg_icon":30565,"species_name":"Avicultura"},{"svg_icon":30567,"species_name":"Su\u00edno"}],"continent":[],"faqs":null,"certifications":null},"_links":{"self":[{"href":"https:\/\/www.naturalremedy.com\/br\/wp-json\/wp\/v2\/product\/31060","targetHints":{"allow":["GET"]}}],"collection":[{"href":"https:\/\/www.naturalremedy.com\/br\/wp-json\/wp\/v2\/product"}],"about":[{"href":"https:\/\/www.naturalremedy.com\/br\/wp-json\/wp\/v2\/types\/product"}],"replies":[{"embeddable":true,"href":"https:\/\/www.naturalremedy.com\/br\/wp-json\/wp\/v2\/comments?post=31060"}],"version-history":[{"count":6,"href":"https:\/\/www.naturalremedy.com\/br\/wp-json\/wp\/v2\/product\/31060\/revisions"}],"predecessor-version":[{"id":31073,"href":"https:\/\/www.naturalremedy.com\/br\/wp-json\/wp\/v2\/product\/31060\/revisions\/31073"}],"wp:featuredmedia":[{"embeddable":true,"href":"https:\/\/www.naturalremedy.com\/br\/wp-json\/wp\/v2\/media\/30568"}],"wp:attachment":[{"href":"https:\/\/www.naturalremedy.com\/br\/wp-json\/wp\/v2\/media?parent=31060"}],"wp:term":[{"taxonomy":"product_brand","embeddable":true,"href":"https:\/\/www.naturalremedy.com\/br\/wp-json\/wp\/v2\/product_brand?post=31060"},{"taxonomy":"product_cat","embeddable":true,"href":"https:\/\/www.naturalremedy.com\/br\/wp-json\/wp\/v2\/product_cat?post=31060"},{"taxonomy":"product_tag","embeddable":true,"href":"https:\/\/www.naturalremedy.com\/br\/wp-json\/wp\/v2\/product_tag?post=31060"}],"curies":[{"name":"wp","href":"https:\/\/api.w.org\/{rel}","templated":true}]}}