{"id":75899,"date":"2025-08-28T11:20:56","date_gmt":"2025-08-28T11:20:56","guid":{"rendered":"https:\/\/www.naturalremedy.com\/terms-of-use\/"},"modified":"2025-12-23T06:48:00","modified_gmt":"2025-12-23T06:48:00","slug":"terms-of-use","status":"publish","type":"page","link":"https:\/\/www.naturalremedy.com\/cl\/terms-of-use\/","title":{"rendered":"Condiciones de uso"},"content":{"rendered":"\t\t<div data-elementor-type=\"wp-page\" data-elementor-id=\"75899\" class=\"elementor elementor-75899 elementor-23247\" data-elementor-post-type=\"page\">\n\t\t\t\t<div class=\"elementor-element elementor-element-0c58aa1 e-flex e-con-boxed e-con e-parent\" data-id=\"0c58aa1\" data-element_type=\"container\" data-e-type=\"container\" data-settings=\"{&quot;background_background&quot;:&quot;classic&quot;}\">\n\t\t\t\t\t<div class=\"e-con-inner\">\n\t\t\t\t<div class=\"elementor-element elementor-element-e640fbb elementor-widget elementor-widget-heading\" data-id=\"e640fbb\" data-element_type=\"widget\" data-e-type=\"widget\" data-widget_type=\"heading.default\">\n\t\t\t\t\t<h2 class=\"elementor-heading-title elementor-size-default\">Condiciones de uso<\/h2>\t\t\t\t<\/div>\n\t\t\t\t<div class=\"elementor-element elementor-element-79b0b44 elementor-widget elementor-widget-text-editor\" data-id=\"79b0b44\" data-element_type=\"widget\" data-e-type=\"widget\" data-widget_type=\"text-editor.default\">\n\t\t\t\t\t\t\t\t\t<p>LEA ATENTAMENTE ESTAS CONDICIONES ANTES DE UTILIZAR ESTE SITIO WEB. EL USO DE ESTE SITIO WEB INDICA QUE ACEPTA ESTAS CONDICIONES. NO UTILICE ESTE SITIO WEB SI NO ACEPTA ESTAS CONDICIONES.  <\/p><p class=\"sec-desc\">Al utilizar este sitio, acepta los t\u00e9rminos y condiciones que constituyen el acuerdo completo entre Natural Remedies Private Limited y usted. Estas condiciones sustituyen a todas las declaraciones, garant\u00edas y entendimientos anteriores y contempor\u00e1neos, ya sean orales o escritos, con respecto al sitio, su contenido y cualquier servicio proporcionado en el sitio. En caso de conflicto entre estas condiciones y cualquier acuerdo o entendimiento relacionado con el sitio, prevalecer\u00e1n las condiciones.  <\/p><p class=\"sec-desc\">El material de este sitio web est\u00e1 protegido por la ley de derechos de autor y es propiedad de Natural Remedies Private Limited. Todos los derechos sobre este material est\u00e1n reservados. La informaci\u00f3n y las im\u00e1genes presentadas aqu\u00ed no pueden reproducirse ni utilizarse bajo ninguna circunstancia sin el permiso previo por escrito. Los usuarios pueden ver y descargar material de este sitio solo para uso dom\u00e9stico personal y no comercial. Cualquier acto de reproducci\u00f3n, republicaci\u00f3n, carga, publicaci\u00f3n, transmisi\u00f3n, distribuci\u00f3n o exhibici\u00f3n p\u00fablica de material de este sitio web sin el permiso escrito de Natural Remedies Private Limited constituir\u00e1 una infracci\u00f3n de los derechos de autor y la marca comercial propiedad de Natural Remedies Private Limited.    <\/p><p class=\"sec-desc\">Los usuarios se comprometen a no utilizar el sitio para la venta, el comercio u otros fines comerciales. Los usuarios no pueden utilizar un lenguaje amenazante, abusivo, vulgar, descort\u00e9s o delictivo. Los usuarios tampoco pueden publicar o transmitir informaci\u00f3n o materiales que violen los derechos de terceros o que contengan un virus u otro componente da\u00f1ino. Natural Remedies Private Limited se reserva el derecho de eliminar o editar cualquier mensaje o material enviado por los usuarios.   <\/p><p class=\"sec-desc\">El usuario entiende y reconoce que cualquier enlace que lleve al usuario a sitios de terceros no est\u00e1 mantenido por Natural Remedies Private Limited y que la pol\u00edtica de privacidad de Natural Remedies Private Limited no se aplica. Este enlace se le proporciona para su comodidad y no sirve como respaldo por parte de Natural Remedies Private Limited de ninguna informaci\u00f3n o contacto que pueda encontrar en este sitio que no sea de Natural Remedies Private Limited. <\/p><p class=\"sec-desc\">Bajo ninguna circunstancia, incluyendo pero no limitado a la negligencia, Natural Remedies Private Limited ser\u00e1 responsable de los da\u00f1os especiales o consecuentes que resulten del uso o la imposibilidad de usar los materiales en este sitio.<\/p><p class=\"sec-desc\">Este acuerdo es efectivo hasta que sea rescindido por cualquiera de las partes. Puede rescindir este acuerdo en cualquier momento interrumpiendo su uso de este sitio y destruyendo todos los materiales obtenidos de \u00e9l. <\/p><p class=\"sec-desc\">Al utilizar este sitio, usted acepta que estas condiciones se regir\u00e1n e interpretar\u00e1n de acuerdo con las leyes de la jurisdicci\u00f3n del estado de Karnataka, India, sin tener en cuenta sus normas sobre conflicto de leyes. Al utilizar este sitio, tambi\u00e9n acepta que cualquier litigio que surja de o en relaci\u00f3n con estas condiciones se presente en los tribunales de la jurisdicci\u00f3n de Bangalore. <\/p>\t\t\t\t\t\t\t\t<\/div>\n\t\t\t\t\t<\/div>\n\t\t\t\t<\/div>\n\t\t\t\t<\/div>\n\t\t","protected":false},"excerpt":{"rendered":"<p>Condiciones de uso LEA ATENTAMENTE ESTAS CONDICIONES ANTES DE UTILIZAR ESTE SITIO WEB. EL USO DE ESTE SITIO WEB INDICA QUE ACEPTA ESTAS CONDICIONES. NO UTILICE ESTE SITIO WEB SI NO ACEPTA ESTAS CONDICIONES. Al utilizar este sitio, acepta los t\u00e9rminos y condiciones que constituyen el acuerdo completo entre Natural Remedies Private Limited y usted. [&hellip;]<\/p>\n","protected":false},"author":1,"featured_media":0,"parent":0,"menu_order":0,"comment_status":"closed","ping_status":"closed","template":"","meta":{"_acf_changed":false,"footnotes":""},"class_list":["post-75899","page","type-page","status-publish","hentry"],"acf":[],"_links":{"self":[{"href":"https:\/\/www.naturalremedy.com\/cl\/wp-json\/wp\/v2\/pages\/75899","targetHints":{"allow":["GET"]}}],"collection":[{"href":"https:\/\/www.naturalremedy.com\/cl\/wp-json\/wp\/v2\/pages"}],"about":[{"href":"https:\/\/www.naturalremedy.com\/cl\/wp-json\/wp\/v2\/types\/page"}],"author":[{"embeddable":true,"href":"https:\/\/www.naturalremedy.com\/cl\/wp-json\/wp\/v2\/users\/1"}],"replies":[{"embeddable":true,"href":"https:\/\/www.naturalremedy.com\/cl\/wp-json\/wp\/v2\/comments?post=75899"}],"version-history":[{"count":1,"href":"https:\/\/www.naturalremedy.com\/cl\/wp-json\/wp\/v2\/pages\/75899\/revisions"}],"predecessor-version":[{"id":75909,"href":"https:\/\/www.naturalremedy.com\/cl\/wp-json\/wp\/v2\/pages\/75899\/revisions\/75909"}],"wp:attachment":[{"href":"https:\/\/www.naturalremedy.com\/cl\/wp-json\/wp\/v2\/media?parent=75899"}],"curies":[{"name":"wp","href":"https:\/\/api.w.org\/{rel}","templated":true}]}}