{"id":75900,"date":"2025-08-28T11:12:41","date_gmt":"2025-08-28T11:12:41","guid":{"rendered":"https:\/\/www.naturalremedy.com\/site-map\/"},"modified":"2026-03-12T10:05:13","modified_gmt":"2026-03-12T10:05:13","slug":"site-map","status":"publish","type":"page","link":"https:\/\/www.naturalremedy.com\/cl\/site-map\/","title":{"rendered":"Mapa del sitio"},"content":{"rendered":"\t\t<div data-elementor-type=\"wp-page\" data-elementor-id=\"75900\" class=\"elementor elementor-75900 elementor-23243\" data-elementor-post-type=\"page\">\n\t\t\t\t<div class=\"elementor-element elementor-element-4e76b7c e-flex e-con-boxed e-con e-parent\" data-id=\"4e76b7c\" data-element_type=\"container\" data-e-type=\"container\">\n\t\t\t\t\t<div class=\"e-con-inner\">\n\t\t<div class=\"elementor-element elementor-element-239e312 e-con-full e-flex e-con e-child\" data-id=\"239e312\" data-element_type=\"container\" data-e-type=\"container\">\n\t\t\t\t<div class=\"elementor-element elementor-element-28c242e elementor-widget elementor-widget-text-editor\" data-id=\"28c242e\" data-element_type=\"widget\" data-e-type=\"widget\" data-widget_type=\"text-editor.default\">\n\t\t\t\t\t\t\t\t\t<p><a href=\"https:\/\/www.naturalremedy.com\/es\/\" data-event-category=\"section\" data-event-action=\"Click\" data-event-name=\"Home\">Inicio<\/a><\/p><p><a href=\"https:\/\/www.naturalremedy.com\/es\/about-us\/\" data-event-category=\"section\" data-event-action=\"Click\" data-event-name=\"About Us\">Acerca de nosotros<\/a><\/p><p><a href=\"https:\/\/www.naturalremedy.com\/es\/our-expertise\/\" data-event-category=\"section\" data-event-action=\"Click\" data-event-name=\"Our Expertise\">Nuestra experiencia<\/a><\/p><p><a href=\"https:\/\/www.naturalremedy.com\/es\/animal-health-care-blogs\/\" data-event-category=\"section\" data-event-action=\"Click\" data-event-name=\"Blogs\">Blogs<\/a><\/p><p><a href=\"https:\/\/www.naturalremedy.com\/es\/careers\/\" data-event-category=\"section\" data-event-action=\"Click\" data-event-name=\"Careers\">Carreras profesionales<\/a><\/p><p><a href=\"https:\/\/www.naturalremedy.com\/es\/contact-us\/\" data-event-category=\"section\" data-event-action=\"Click\" data-event-name=\"Contact Us\">Cont\u00e1ctenos<\/a><\/p>\t\t\t\t\t\t\t\t<\/div>\n\t\t\t\t<\/div>\n\t\t<div class=\"elementor-element elementor-element-328802c e-con-full e-flex e-con e-child\" data-id=\"328802c\" data-element_type=\"container\" data-e-type=\"container\">\n\t\t\t\t<div class=\"elementor-element elementor-element-134271e elementor-widget elementor-widget-text-editor\" data-id=\"134271e\" data-element_type=\"widget\" data-e-type=\"widget\" data-widget_type=\"text-editor.default\">\n\t\t\t\t\t\t\t\t\t<ul><li><a>Productos<\/a><\/li><li><a href=\"https:\/\/www.naturalremedy.com\/ruminants\/\" data-event-category=\"section\" data-event-action=\"Click\" data-event-name=\"Ruminants\">Rumiantes<\/a><\/li><li><a href=\"https:\/\/www.naturalremedy.com\/ruminants\/\" data-event-category=\"section\" data-event-action=\"Click\" data-event-name=\"Derma Care\">Cuidado d\u00e9rmico<\/a><\/li><li><a href=\"https:\/\/www.naturalremedy.com\/ruminants\/\" data-event-category=\"section\" data-event-action=\"Click\" data-event-name=\"Digestive Care\">Cuidado digestivo<\/a><\/li><li><a href=\"https:\/\/www.naturalremedy.com\/ruminants\/\" data-event-category=\"section\" data-event-action=\"Click\" data-event-name=\"Feed Supplement\">Suplemento alimenticio<\/a><\/li><li><a href=\"https:\/\/www.naturalremedy.com\/ruminants\/\" data-event-category=\"section\" data-event-action=\"Click\" data-event-name=\"Liver Care\">Cuidado hep\u00e1tico<\/a><\/li><li><a href=\"https:\/\/www.naturalremedy.com\/ruminants\/\" data-event-category=\"section\" data-event-action=\"Click\" data-event-name=\"Udder Care\">Cuidado de la ubre<\/a><\/li><li><a href=\"https:\/\/www.naturalremedy.com\/ruminants\/\" data-event-category=\"section\" data-event-action=\"Click\" data-event-name=\"Reproductive Care\">Cuidado reproductivo<\/a><\/li><li><a href=\"https:\/\/www.naturalremedy.com\/ruminants\/\" data-event-category=\"section\" data-event-action=\"Click\" data-event-name=\"Respiratory Care\">Cuidado respiratorio<\/a><\/li><li><a href=\"https:\/\/www.naturalremedy.com\/es\/monogastrics\/\" data-event-category=\"section\" data-event-action=\"Click\" data-event-name=\"Monogastrics\">Monog\u00e1stricos<\/a><\/li><li><a href=\"https:\/\/www.naturalremedy.com\/es\/monogastrics\/\" data-event-category=\"section\" data-event-action=\"Click\" data-event-name=\"Adaptogenic And General Immunity\">Adapt\u00f3genos e inmunidad general<\/a><\/li><li><a href=\"https:\/\/www.naturalremedy.com\/es\/monogastrics\/\" data-event-category=\"section\" data-event-action=\"Click\" data-event-name=\"Choline Replacer\">Sustituto de colina<\/a><\/li><li><a href=\"https:\/\/www.naturalremedy.com\/es\/monogastrics\/\" data-event-category=\"section\" data-event-action=\"Click\" data-event-name=\"Growth Promoter\">Promotor del crecimiento<\/a><\/li><li><a href=\"https:\/\/www.naturalremedy.com\/es\/monogastrics\/\" data-event-category=\"section\" data-event-action=\"Click\" data-event-name=\"Liver Health\">Salud hep\u00e1tica<\/a><\/li><li><a href=\"https:\/\/www.naturalremedy.com\/es\/monogastrics\/\" data-event-category=\"section\" data-event-action=\"Click\" data-event-name=\"Reproductive Care\">Cuidado reproductivo<\/a><\/li><li><a href=\"https:\/\/www.naturalremedy.com\/es\/monogastrics\/\" data-event-category=\"section\" data-event-action=\"Click\" data-event-name=\"Respiratory Health\">Salud respiratoria<\/a><\/li><li><a href=\"https:\/\/www.naturalremedy.com\/es\/monogastrics\/\" data-event-category=\"section\" data-event-action=\"Click\" data-event-name=\"Wet litter control\">Control de la cama h\u00fameda<\/a><\/li><\/ul>\t\t\t\t\t\t\t\t<\/div>\n\t\t\t\t<\/div>\n\t\t<div class=\"elementor-element elementor-element-caacb24 e-con-full e-flex e-con e-child\" data-id=\"caacb24\" data-element_type=\"container\" data-e-type=\"container\">\n\t\t\t\t<\/div>\n\t\t\t\t\t<\/div>\n\t\t\t\t<\/div>\n\t\t\t\t<\/div>\n\t\t","protected":false},"excerpt":{"rendered":"<p>Inicio Acerca de nosotros Nuestra experiencia Blogs Carreras profesionales Cont\u00e1ctenos Productos Rumiantes Cuidado d\u00e9rmico Cuidado digestivo Suplemento alimenticio Cuidado hep\u00e1tico Cuidado de la ubre Cuidado reproductivo Cuidado respiratorio Monog\u00e1stricos Adapt\u00f3genos e inmunidad general Sustituto de colina Promotor del crecimiento Salud hep\u00e1tica Cuidado reproductivo Salud respiratoria Control de la cama h\u00fameda<\/p>\n","protected":false},"author":1,"featured_media":0,"parent":0,"menu_order":0,"comment_status":"closed","ping_status":"closed","template":"","meta":{"_acf_changed":false,"footnotes":""},"class_list":["post-75900","page","type-page","status-publish","hentry"],"acf":[],"_links":{"self":[{"href":"https:\/\/www.naturalremedy.com\/cl\/wp-json\/wp\/v2\/pages\/75900","targetHints":{"allow":["GET"]}}],"collection":[{"href":"https:\/\/www.naturalremedy.com\/cl\/wp-json\/wp\/v2\/pages"}],"about":[{"href":"https:\/\/www.naturalremedy.com\/cl\/wp-json\/wp\/v2\/types\/page"}],"author":[{"embeddable":true,"href":"https:\/\/www.naturalremedy.com\/cl\/wp-json\/wp\/v2\/users\/1"}],"replies":[{"embeddable":true,"href":"https:\/\/www.naturalremedy.com\/cl\/wp-json\/wp\/v2\/comments?post=75900"}],"version-history":[{"count":4,"href":"https:\/\/www.naturalremedy.com\/cl\/wp-json\/wp\/v2\/pages\/75900\/revisions"}],"predecessor-version":[{"id":128873,"href":"https:\/\/www.naturalremedy.com\/cl\/wp-json\/wp\/v2\/pages\/75900\/revisions\/128873"}],"wp:attachment":[{"href":"https:\/\/www.naturalremedy.com\/cl\/wp-json\/wp\/v2\/media?parent=75900"}],"curies":[{"name":"wp","href":"https:\/\/api.w.org\/{rel}","templated":true}]}}