{"id":76063,"date":"2025-09-24T13:28:25","date_gmt":"2025-09-24T13:28:25","guid":{"rendered":"https:\/\/www.naturalremedy.com\/shop\/uncategorized\/zigbir\/"},"modified":"2025-12-04T09:46:57","modified_gmt":"2025-12-04T09:46:57","slug":"swine-zigbir","status":"publish","type":"product","link":"https:\/\/www.naturalremedy.com\/cl\/monogastrics-swine\/liver-health\/swine-zigbir\/","title":{"rendered":"Zigbir"},"content":{"rendered":"","protected":false},"excerpt":{"rendered":"","protected":false},"featured_media":76064,"comment_status":"open","ping_status":"closed","template":"","meta":{"_acf_changed":false},"product_brand":[],"product_cat":[195,208],"product_tag":[],"class_list":{"0":"post-76063","1":"product","2":"type-product","3":"status-publish","4":"has-post-thumbnail","6":"product_cat-international-swine","7":"product_cat-swine-liver-health","9":"first","10":"instock","11":"shipping-taxable","12":"product-type-simple"},"acf":{"product_name":"","headline":"","product_thumbnail":"","product_content":"<h1 class=\"p-tab-title text-center-mb m-0\"><span dir=\"auto\"><span class=\"VIpgJd-yAWNEb-VIpgJd-fmcmS-sn54Q\" dir=\"auto\">Suplemento natural para h\u00edgado Zigbir para aves<\/span><\/span><\/h1>\n<span dir=\"auto\">ZIGBIR es un suplemento hep\u00e1tico natural para aves de corral basado en la investigaci\u00f3n, dise\u00f1ado para optimizar la salud del h\u00edgado y el intestino y restaurar sus funciones normales. ZIGBIR es un Polvo Bot\u00e1nico Estandarizado (NRSBP) que contiene fitoqu\u00edmicos activos como andrografolida, filantina, flavonoides y alcaloides. <\/span>","availability_in":[{"available":"1 litro"},{"available":"Jarras de 5 litros"},{"available":"Bolsa de 25 kg "}],"product_video_text":"","product_video":"","usp_content":"<span dir=\"auto\">ZIGBIR es una soluci\u00f3n natural para optimizar la salud y las funciones del h\u00edgado e intestino y ofrece caracter\u00edsticas y beneficios \u00fanicos.<\/span>\n<ul>\n \t<li><span dir=\"auto\">Biosecreci\u00f3n.<\/span><\/li>\n \t<li><span dir=\"auto\">Bioprotecci\u00f3n.<\/span><\/li>\n \t<li><span dir=\"auto\">Biofortalecimiento.<\/span><\/li>\n<\/ul>","features_content":"","usage_content":"","benfits":"","mixing_rate_content":"","target_species":[{"svg_icon":77534,"species_name":"Avicultura"},{"svg_icon":77536,"species_name":"Porcino"}],"continent":[],"faqs":null,"certifications":null},"_links":{"self":[{"href":"https:\/\/www.naturalremedy.com\/cl\/wp-json\/wp\/v2\/product\/76063","targetHints":{"allow":["GET"]}}],"collection":[{"href":"https:\/\/www.naturalremedy.com\/cl\/wp-json\/wp\/v2\/product"}],"about":[{"href":"https:\/\/www.naturalremedy.com\/cl\/wp-json\/wp\/v2\/types\/product"}],"replies":[{"embeddable":true,"href":"https:\/\/www.naturalremedy.com\/cl\/wp-json\/wp\/v2\/comments?post=76063"}],"version-history":[{"count":1,"href":"https:\/\/www.naturalremedy.com\/cl\/wp-json\/wp\/v2\/product\/76063\/revisions"}],"predecessor-version":[{"id":77530,"href":"https:\/\/www.naturalremedy.com\/cl\/wp-json\/wp\/v2\/product\/76063\/revisions\/77530"}],"wp:featuredmedia":[{"embeddable":true,"href":"https:\/\/www.naturalremedy.com\/cl\/wp-json\/wp\/v2\/media\/76064"}],"wp:attachment":[{"href":"https:\/\/www.naturalremedy.com\/cl\/wp-json\/wp\/v2\/media?parent=76063"}],"wp:term":[{"taxonomy":"product_brand","embeddable":true,"href":"https:\/\/www.naturalremedy.com\/cl\/wp-json\/wp\/v2\/product_brand?post=76063"},{"taxonomy":"product_cat","embeddable":true,"href":"https:\/\/www.naturalremedy.com\/cl\/wp-json\/wp\/v2\/product_cat?post=76063"},{"taxonomy":"product_tag","embeddable":true,"href":"https:\/\/www.naturalremedy.com\/cl\/wp-json\/wp\/v2\/product_tag?post=76063"}],"curies":[{"name":"wp","href":"https:\/\/api.w.org\/{rel}","templated":true}]}}