{"id":76067,"date":"2024-09-12T05:09:37","date_gmt":"2024-09-12T05:09:37","guid":{"rendered":"https:\/\/www.naturalremedy.com\/shop\/uncategorized\/kolin-plus-%e1%b5%80%e1%b4%b9\/"},"modified":"2025-12-17T10:43:47","modified_gmt":"2025-12-17T10:43:47","slug":"poultry-kolin-plus","status":"publish","type":"product","link":"https:\/\/www.naturalremedy.com\/cl\/monogastrics-poultry\/choline-chloride-replacement\/poultry-kolin-plus\/","title":{"rendered":"Kolin plus \u1d40\u1d39"},"content":{"rendered":"","protected":false},"excerpt":{"rendered":"","protected":false},"featured_media":76069,"comment_status":"open","ping_status":"closed","template":"","meta":{"_acf_changed":false},"product_brand":[],"product_cat":[203,193],"product_tag":[204],"class_list":{"0":"post-76067","1":"product","2":"type-product","3":"status-publish","4":"has-post-thumbnail","6":"product_cat-choline-chloride-replacement","7":"product_cat-international-poultry","8":"product_tag-choline-chloride-replacement","10":"first","11":"instock","12":"shipping-taxable","13":"product-type-simple"},"acf":{"product_name":"Kolin Plus ","headline":"","product_thumbnail":76068,"product_content":"<span dir=\"auto\"><span class=\"VIpgJd-yAWNEb-VIpgJd-fmcmS-sn54Q\" dir=\"auto\">KOLIN PLUS es un polvo bot\u00e1nico estandarizado de Natural Remedies (NR-SBP). KOLIN PLUS es un polvo probado para una mejor movilizaci\u00f3n de grasas, metabolismo de grasas y crecimiento muscular \u00f3ptimo. KOLIN PLUS es una colina natural para aves y una alternativa m\u00e1s ecol\u00f3gica al cloruro de colina. <\/span><\/span>\r\n\r\n<span dir=\"auto\">KOLIN PLUS ha sido desarrollado para superar las desventajas del cloruro de colina sin afectar el rendimiento de aves o cerdos. Es una formulaci\u00f3n poliherbal que comprende una mezcla robusta de catequinas, curcuminoides, \u00e1cido g\u00e1lico y diversos polifenoles, que ayudan en el metabolismo y la movilizaci\u00f3n eficiente de grasas. <\/span>\r\n\r\n<span dir=\"auto\">KOLIN PLUS tambi\u00e9n contiene fosfatidilcolina, que ayuda en el desarrollo de la estructura celular y el crecimiento general.<\/span>","availability_in":[{"available":"Sacos de 25 kg"}],"product_video_text":"","product_video":"","usp_content":"KOLIN PLUS es una alternativa conveniente, compatible, econ\u00f3mica y cuidadosa al cloruro de colina.","features_content":"","usage_content":"","benfits":"","mixing_rate_content":"","target_species":[{"svg_icon":77534,"species_name":"Avicultura"}],"continent":["South East Asia","South Asia","East Asia","Latin American"],"faqs":null,"certifications":null},"_links":{"self":[{"href":"https:\/\/www.naturalremedy.com\/cl\/wp-json\/wp\/v2\/product\/76067","targetHints":{"allow":["GET"]}}],"collection":[{"href":"https:\/\/www.naturalremedy.com\/cl\/wp-json\/wp\/v2\/product"}],"about":[{"href":"https:\/\/www.naturalremedy.com\/cl\/wp-json\/wp\/v2\/types\/product"}],"replies":[{"embeddable":true,"href":"https:\/\/www.naturalremedy.com\/cl\/wp-json\/wp\/v2\/comments?post=76067"}],"version-history":[{"count":3,"href":"https:\/\/www.naturalremedy.com\/cl\/wp-json\/wp\/v2\/product\/76067\/revisions"}],"predecessor-version":[{"id":87175,"href":"https:\/\/www.naturalremedy.com\/cl\/wp-json\/wp\/v2\/product\/76067\/revisions\/87175"}],"wp:featuredmedia":[{"embeddable":true,"href":"https:\/\/www.naturalremedy.com\/cl\/wp-json\/wp\/v2\/media\/76069"}],"wp:attachment":[{"href":"https:\/\/www.naturalremedy.com\/cl\/wp-json\/wp\/v2\/media?parent=76067"}],"wp:term":[{"taxonomy":"product_brand","embeddable":true,"href":"https:\/\/www.naturalremedy.com\/cl\/wp-json\/wp\/v2\/product_brand?post=76067"},{"taxonomy":"product_cat","embeddable":true,"href":"https:\/\/www.naturalremedy.com\/cl\/wp-json\/wp\/v2\/product_cat?post=76067"},{"taxonomy":"product_tag","embeddable":true,"href":"https:\/\/www.naturalremedy.com\/cl\/wp-json\/wp\/v2\/product_tag?post=76067"}],"curies":[{"name":"wp","href":"https:\/\/api.w.org\/{rel}","templated":true}]}}