{"id":76077,"date":"2021-06-19T12:58:06","date_gmt":"2021-06-19T12:58:06","guid":{"rendered":"https:\/\/www.naturalremedy.com\/shop\/uncategorized\/poultry-respease\/"},"modified":"2025-12-04T09:49:19","modified_gmt":"2025-12-04T09:49:19","slug":"swine-respease","status":"publish","type":"product","link":"https:\/\/www.naturalremedy.com\/cl\/monogastrics-swine\/respiratory-health\/swine-respease\/","title":{"rendered":"Respease \u1d40\u1d39"},"content":{"rendered":"","protected":false},"excerpt":{"rendered":"","protected":false},"featured_media":76073,"comment_status":"open","ping_status":"closed","template":"","meta":{"_acf_changed":false},"product_brand":[],"product_cat":[80,195,81,82,88,205],"product_tag":[],"class_list":{"0":"post-76077","1":"product","2":"type-product","3":"status-publish","4":"has-post-thumbnail","6":"product_cat-international","7":"product_cat-international-swine","8":"product_cat-monogastrics","9":"product_cat-monogastrics-poultry","10":"product_cat-respiratory-health-poultry-care-international","11":"product_cat-swine-respiratory-health","13":"first","14":"instock","15":"shipping-taxable","16":"product-type-simple"},"acf":{"product_name":"Respease ","headline":"","product_thumbnail":77583,"product_content":"<span dir=\"auto\">Respease es un suplemento alimenticio respiratorio para aves. Se trata de una nueva combinaci\u00f3n de fitoactivos selectivos con propiedades broncodilatadoras, antitusivas, expectorantes y descongestionantes. Los fitoactivos presentes en Respease son principalmente glicirrizinas, vasicina, \u00e1cido urs\u00f3lico y polifenoles, que, a trav\u00e9s de su acci\u00f3n multimodal, confieren numerosos beneficios a las aves.  <\/span>\n\n<span dir=\"auto\">En conjunto, ayudan a mejorar la resiliencia de las aves frente a desaf\u00edos respiratorios de or\u00edgenes conocidos y desconocidos. Respease ayuda a las aves a restaurar sus funciones normales, al mismo tiempo que estimula su comportamiento alimentario, niveles de actividad y reduce s\u00edntomas como estertores y secreci\u00f3n nasal y ocular. <\/span>","availability_in":[{"available":"Bolsa de 25 kg"},{"available":"Lata de 1 litro"},{"available":"Lata de 5 litros"}],"product_video_text":"","product_video":"","usp_content":"<ul>\n \t<li><span dir=\"auto\">Antiinflamatorio.<\/span><\/li>\n \t<li><span dir=\"auto\">Mucol\u00edtico.<\/span><\/li>\n \t<li><span dir=\"auto\">Expectorante.<\/span><\/li>\n \t<li><span dir=\"auto\">Antioxidante.<\/span><\/li>\n \t<li><span dir=\"auto\">Antiespasm\u00f3dico y broncodilatador.<\/span><\/li>\n \t<li><span dir=\"auto\">Mejora la inmunidad respiratoria.<\/span><\/li>\n<\/ul>","features_content":"","usage_content":"","benfits":"","mixing_rate_content":"","target_species":[{"svg_icon":77534,"species_name":""},{"svg_icon":77534,"species_name":""},{"svg_icon":77534,"species_name":""}],"continent":["South East Asia","East Asia","Middle East","Europe","Latin American","South American"],"faqs":null,"certifications":[{"certificate_image":92976},{"certificate_image":92969},{"certificate_image":92968}]},"_links":{"self":[{"href":"https:\/\/www.naturalremedy.com\/cl\/wp-json\/wp\/v2\/product\/76077","targetHints":{"allow":["GET"]}}],"collection":[{"href":"https:\/\/www.naturalremedy.com\/cl\/wp-json\/wp\/v2\/product"}],"about":[{"href":"https:\/\/www.naturalremedy.com\/cl\/wp-json\/wp\/v2\/types\/product"}],"replies":[{"embeddable":true,"href":"https:\/\/www.naturalremedy.com\/cl\/wp-json\/wp\/v2\/comments?post=76077"}],"version-history":[{"count":1,"href":"https:\/\/www.naturalremedy.com\/cl\/wp-json\/wp\/v2\/product\/76077\/revisions"}],"predecessor-version":[{"id":77584,"href":"https:\/\/www.naturalremedy.com\/cl\/wp-json\/wp\/v2\/product\/76077\/revisions\/77584"}],"wp:featuredmedia":[{"embeddable":true,"href":"https:\/\/www.naturalremedy.com\/cl\/wp-json\/wp\/v2\/media\/76073"}],"wp:attachment":[{"href":"https:\/\/www.naturalremedy.com\/cl\/wp-json\/wp\/v2\/media?parent=76077"}],"wp:term":[{"taxonomy":"product_brand","embeddable":true,"href":"https:\/\/www.naturalremedy.com\/cl\/wp-json\/wp\/v2\/product_brand?post=76077"},{"taxonomy":"product_cat","embeddable":true,"href":"https:\/\/www.naturalremedy.com\/cl\/wp-json\/wp\/v2\/product_cat?post=76077"},{"taxonomy":"product_tag","embeddable":true,"href":"https:\/\/www.naturalremedy.com\/cl\/wp-json\/wp\/v2\/product_tag?post=76077"}],"curies":[{"name":"wp","href":"https:\/\/api.w.org\/{rel}","templated":true}]}}