{"id":76081,"date":"2021-06-09T17:00:10","date_gmt":"2021-06-09T17:00:10","guid":{"rendered":"https:\/\/www.naturalremedy.com\/shop\/uncategorized\/swine-stodi\/"},"modified":"2025-11-24T12:16:14","modified_gmt":"2025-11-24T12:16:14","slug":"swine-stodi","status":"publish","type":"product","link":"https:\/\/www.naturalremedy.com\/cl\/monogastrics-swine\/diarrhoea-management-and-gut-health\/swine-stodi\/","title":{"rendered":"Stodi \u00ae"},"content":{"rendered":"<p>Un polvo bot\u00e1nico estandarizado (NRSBP) para prevenir la diarrea posdestete en lechones que ayuda a mejorar la integridad intestinal y protege la salud del intestino.<\/p>\n","protected":false},"excerpt":{"rendered":"<p>Un polvo bot\u00e1nico estandarizado (NRSBP) para prevenir la diarrea posdestete en lechones que ayuda a mejorar la integridad intestinal y protege la salud del intestino.<\/p>\n","protected":false},"featured_media":76082,"comment_status":"open","ping_status":"closed","template":"","meta":{"_acf_changed":false},"product_brand":[],"product_cat":[94,80,195,81,91,207],"product_tag":[],"class_list":{"0":"post-76081","1":"product","2":"type-product","3":"status-publish","4":"has-post-thumbnail","6":"product_cat-diarrhoea-management-and-gut-health-swine-care-international","7":"product_cat-international","8":"product_cat-international-swine","9":"product_cat-monogastrics","10":"product_cat-monogastrics-swine","11":"product_cat-swine-diarrhoea-management-and-gut-health","13":"first","14":"instock","15":"shipping-taxable","16":"product-type-simple"},"acf":{"product_name":"Stodi","headline":"Una soluci\u00f3n natural para prevenir la diarrea","product_thumbnail":811,"product_content":"Un polvo bot\u00e1nico estandarizado (NRSBP) para prevenir la diarrea posdestete en lechones que ayuda a mejorar la integridad intestinal y protege la salud del intestino.\n\nSe ha demostrado que STODI es favorable para el microbioma intestinal beneficioso y tambi\u00e9n reduce la dependencia de antibi\u00f3ticos cuando se utiliza para controlar la diarrea posdestete y la disenter\u00eda porcina en cerdos adultos.\n\nTambi\u00e9n se ha observado que mejora los par\u00e1metros de ganancia de peso y la consistencia fecal en lechones en comparaci\u00f3n con el \u00f3xido de zinc en dosificaciones similares.\n\n<strong>Composici\u00f3n: <\/strong>\nCombinaci\u00f3n sin\u00e9rgica de fitoqu\u00edmicos como Andrograf\u00f3lido, Punicalaginas y otros Elagitaninos y Polifenoles de hierbas seleccionadas.","availability_in":[{"available":"Sacos de 25 kg"},{"available":"Sacos de 500 kg"}],"product_video_text":"","product_video":"","usp_content":"<ul>\n \t<li>Previene la diarrea.<\/li>\n \t<li>Protege la integridad intestinal y el microbioma.<\/li>\n \t<li>Seguro para el medio ambiente.<\/li>\n \t<li>Garantiza el crecimiento.<\/li>\n \t<li>Seguro para la cadena alimentaria.<\/li>\n \t<li>Mejora la inmunidad intestinal y el microbioma.<\/li>\n<\/ul>","features_content":"","usage_content":"<ul>\n \t<li>Pre-inicial: Hasta 4 kg por tonelada de pienso en casos de DPD grave durante un m\u00ednimo de 2 semanas.<\/li>\n \t<li>Inicial: 2-4 kg por tonelada de pienso hasta que la diarrea disminuya.<\/li>\n \t<li>Disenter\u00eda en Porcinos: 4 kg por tonelada de pienso durante un m\u00ednimo de 2 semanas.<\/li>\n<\/ul>","benfits":"","mixing_rate_content":"","target_species":[{"svg_icon":77536,"species_name":"Porcino"}],"continent":["South East Asia","East Asia","Middle East","Europe","Latin American","South American"],"faqs":null,"certifications":[{"certificate_image":92976},{"certificate_image":92969},{"certificate_image":92968}]},"_links":{"self":[{"href":"https:\/\/www.naturalremedy.com\/cl\/wp-json\/wp\/v2\/product\/76081","targetHints":{"allow":["GET"]}}],"collection":[{"href":"https:\/\/www.naturalremedy.com\/cl\/wp-json\/wp\/v2\/product"}],"about":[{"href":"https:\/\/www.naturalremedy.com\/cl\/wp-json\/wp\/v2\/types\/product"}],"replies":[{"embeddable":true,"href":"https:\/\/www.naturalremedy.com\/cl\/wp-json\/wp\/v2\/comments?post=76081"}],"version-history":[{"count":1,"href":"https:\/\/www.naturalremedy.com\/cl\/wp-json\/wp\/v2\/product\/76081\/revisions"}],"predecessor-version":[{"id":77588,"href":"https:\/\/www.naturalremedy.com\/cl\/wp-json\/wp\/v2\/product\/76081\/revisions\/77588"}],"wp:featuredmedia":[{"embeddable":true,"href":"https:\/\/www.naturalremedy.com\/cl\/wp-json\/wp\/v2\/media\/76082"}],"wp:attachment":[{"href":"https:\/\/www.naturalremedy.com\/cl\/wp-json\/wp\/v2\/media?parent=76081"}],"wp:term":[{"taxonomy":"product_brand","embeddable":true,"href":"https:\/\/www.naturalremedy.com\/cl\/wp-json\/wp\/v2\/product_brand?post=76081"},{"taxonomy":"product_cat","embeddable":true,"href":"https:\/\/www.naturalremedy.com\/cl\/wp-json\/wp\/v2\/product_cat?post=76081"},{"taxonomy":"product_tag","embeddable":true,"href":"https:\/\/www.naturalremedy.com\/cl\/wp-json\/wp\/v2\/product_tag?post=76081"}],"curies":[{"name":"wp","href":"https:\/\/api.w.org\/{rel}","templated":true}]}}