{"id":29476,"date":"2025-08-28T11:20:56","date_gmt":"2025-08-28T11:20:56","guid":{"rendered":"https:\/\/naturalremedy.com\/nutzungsbedingungen\/"},"modified":"2025-12-23T06:47:58","modified_gmt":"2025-12-23T06:47:58","slug":"nutzungsbedingungen","status":"publish","type":"page","link":"https:\/\/www.naturalremedy.com\/de\/nutzungsbedingungen\/","title":{"rendered":"Nutzungsbedingungen"},"content":{"rendered":"\t\t<div data-elementor-type=\"wp-page\" data-elementor-id=\"29476\" class=\"elementor elementor-29476 elementor-23247\" data-elementor-post-type=\"page\">\n\t\t\t\t<div class=\"elementor-element elementor-element-0c58aa1 e-flex e-con-boxed e-con e-parent\" data-id=\"0c58aa1\" data-element_type=\"container\" data-e-type=\"container\" data-settings=\"{&quot;background_background&quot;:&quot;classic&quot;}\">\n\t\t\t\t\t<div class=\"e-con-inner\">\n\t\t\t\t<div class=\"elementor-element elementor-element-e640fbb elementor-widget elementor-widget-heading\" data-id=\"e640fbb\" data-element_type=\"widget\" data-e-type=\"widget\" data-widget_type=\"heading.default\">\n\t\t\t\t\t<h2 class=\"elementor-heading-title elementor-size-default\">Nutzungsbedingungen<\/h2>\t\t\t\t<\/div>\n\t\t\t\t<div class=\"elementor-element elementor-element-79b0b44 elementor-widget elementor-widget-text-editor\" data-id=\"79b0b44\" data-element_type=\"widget\" data-e-type=\"widget\" data-widget_type=\"text-editor.default\">\n\t\t\t\t\t\t\t\t\t<p>BITTE LESEN SIE DIESE BEDINGUNGEN SORGF\u00c4LTIG DURCH, BEVOR SIE DIESE WEBSITE NUTZEN. DIE NUTZUNG DIESER WEBSITE ZEIGT AN, DASS SIE DIESE BEDINGUNGEN AKZEPTIEREN. BITTE NUTZEN SIE DIESE WEBSITE NICHT, WENN SIE DIESE BEDINGUNGEN NICHT AKZEPTIEREN.  <\/p><p class=\"sec-desc\">Durch die Nutzung dieser Website erkl\u00e4ren Sie sich mit den Allgemeinen Gesch\u00e4ftsbedingungen einverstanden, die die gesamte Vereinbarung zwischen Natural Remedies Private Limited und Ihnen darstellen. Diese Bedingungen ersetzen alle fr\u00fcheren und gleichzeitigen Zusicherungen, Garantien und Vereinbarungen, ob m\u00fcndlich oder schriftlich, in Bezug auf die Website, deren Inhalte und alle auf der Website bereitgestellten Dienste. Im Falle eines Konflikts zwischen diesen Bedingungen und einer Vereinbarung oder einem Verst\u00e4ndnis in Bezug auf die Website sind diese Bedingungen ma\u00dfgebend.  <\/p><p class=\"sec-desc\">Das Material auf dieser Website ist urheberrechtlich gesch\u00fctzt und Eigentum von Natural Remedies Private Limited. Alle Rechte an diesem Material sind vorbehalten. Die hier pr\u00e4sentierten Informationen und Bilder d\u00fcrfen unter keinen Umst\u00e4nden ohne vorherige schriftliche Genehmigung reproduziert oder verwendet werden. Benutzer d\u00fcrfen Material von dieser Website nur f\u00fcr den pers\u00f6nlichen, nicht-kommerziellen Heimgebrauch ansehen und herunterladen. Jede Handlung, Material von dieser Website ohne die schriftliche Genehmigung von Natural Remedies Private Limited zu reproduzieren, neu zu ver\u00f6ffentlichen, hochzuladen, zu posten, zu \u00fcbertragen, zu verbreiten oder \u00f6ffentlich anzuzeigen, stellt eine Verletzung des Urheberrechts und der Marke von Natural Remedies Private Limited dar.    <\/p><p class=\"sec-desc\">Benutzer erkl\u00e4ren sich damit einverstanden, die Website nicht f\u00fcr Verkaufs-, Handels- oder andere kommerzielle Zwecke zu nutzen. Benutzer d\u00fcrfen keine Sprache verwenden, die bedrohlich, beleidigend, vulg\u00e4r, unh\u00f6flich oder kriminell ist. Benutzer d\u00fcrfen auch keine Informationen oder Materialien posten oder \u00fcbertragen, die Rechte Dritter verletzen oder die einen Virus oder andere sch\u00e4dliche Komponenten enthalten. Natural Remedies Private Limited beh\u00e4lt sich das Recht vor, von Benutzern eingereichte Nachrichten oder Materialien zu entfernen oder zu bearbeiten.   <\/p><p class=\"sec-desc\">Der Benutzer versteht und erkennt an, dass Links, die den Benutzer zu Websites Dritter f\u00fchren, nicht von Natural Remedies Private Limited gepflegt werden und die Datenschutzrichtlinie von Natural Remedies Private Limited nicht gilt. Dieser Link wird Ihnen zur Bequemlichkeit zur Verf\u00fcgung gestellt und dient nicht als Billigung von Informationen oder Kontakten durch Natural Remedies Private Limited, die Sie auf dieser Nicht-Natural Remedies Private Limited-Website finden k\u00f6nnten. <\/p><p class=\"sec-desc\">Unter keinen Umst\u00e4nden, einschlie\u00dflich, aber nicht beschr\u00e4nkt auf Fahrl\u00e4ssigkeit, haftet Natural Remedies Private Limited f\u00fcr besondere oder Folgesch\u00e4den, die sich aus der Nutzung oder der Unf\u00e4higkeit zur Nutzung der Materialien auf dieser Website ergeben.<\/p><p class=\"sec-desc\">Diese Vereinbarung ist wirksam, bis sie von einer der Parteien gek\u00fcndigt wird. Sie k\u00f6nnen diese Vereinbarung jederzeit k\u00fcndigen, indem Sie die Nutzung dieser Website einstellen und alle von ihr erhaltenen Materialien vernichten. <\/p><p class=\"sec-desc\">Durch die Nutzung dieser Website erkl\u00e4ren Sie sich damit einverstanden, dass diese Bedingungen den Gesetzen der Gerichtsbarkeit des Bundesstaates Karnataka, Indien, unterliegen und entsprechend ausgelegt werden, ohne R\u00fccksicht auf dessen Kollisionsnormen. Durch die Nutzung dieser Website erkl\u00e4ren Sie sich auch damit einverstanden, dass alle Rechtsstreitigkeiten, die sich aus oder im Zusammenhang mit diesen Bedingungen ergeben, vor den Gerichten der Gerichtsbarkeit von Bangalore ausgetragen werden. <\/p>\t\t\t\t\t\t\t\t<\/div>\n\t\t\t\t\t<\/div>\n\t\t\t\t<\/div>\n\t\t\t\t<\/div>\n\t\t","protected":false},"excerpt":{"rendered":"<p>Nutzungsbedingungen BITTE LESEN SIE DIESE BEDINGUNGEN SORGF\u00c4LTIG DURCH, BEVOR SIE DIESE WEBSITE NUTZEN. DIE NUTZUNG DIESER WEBSITE ZEIGT AN, DASS SIE DIESE BEDINGUNGEN AKZEPTIEREN. BITTE NUTZEN SIE DIESE WEBSITE NICHT, WENN SIE DIESE BEDINGUNGEN NICHT AKZEPTIEREN. Durch die Nutzung dieser Website erkl\u00e4ren Sie sich mit den Allgemeinen Gesch\u00e4ftsbedingungen einverstanden, die die gesamte Vereinbarung zwischen Natural [&hellip;]<\/p>\n","protected":false},"author":1,"featured_media":0,"parent":0,"menu_order":0,"comment_status":"closed","ping_status":"closed","template":"","meta":{"_acf_changed":false,"footnotes":""},"class_list":["post-29476","page","type-page","status-publish","hentry"],"acf":[],"_links":{"self":[{"href":"https:\/\/www.naturalremedy.com\/de\/wp-json\/wp\/v2\/pages\/29476","targetHints":{"allow":["GET"]}}],"collection":[{"href":"https:\/\/www.naturalremedy.com\/de\/wp-json\/wp\/v2\/pages"}],"about":[{"href":"https:\/\/www.naturalremedy.com\/de\/wp-json\/wp\/v2\/types\/page"}],"author":[{"embeddable":true,"href":"https:\/\/www.naturalremedy.com\/de\/wp-json\/wp\/v2\/users\/1"}],"replies":[{"embeddable":true,"href":"https:\/\/www.naturalremedy.com\/de\/wp-json\/wp\/v2\/comments?post=29476"}],"version-history":[{"count":1,"href":"https:\/\/www.naturalremedy.com\/de\/wp-json\/wp\/v2\/pages\/29476\/revisions"}],"predecessor-version":[{"id":29477,"href":"https:\/\/www.naturalremedy.com\/de\/wp-json\/wp\/v2\/pages\/29476\/revisions\/29477"}],"wp:attachment":[{"href":"https:\/\/www.naturalremedy.com\/de\/wp-json\/wp\/v2\/media?parent=29476"}],"curies":[{"name":"wp","href":"https:\/\/api.w.org\/{rel}","templated":true}]}}