{"id":32260,"date":"2025-08-26T08:44:16","date_gmt":"2025-08-26T08:44:16","guid":{"rendered":"https:\/\/naturalremedy.com\/privacy-policy\/"},"modified":"2025-12-12T10:38:39","modified_gmt":"2025-12-12T10:38:39","slug":"privacy-policy","status":"publish","type":"page","link":"https:\/\/www.naturalremedy.com\/de\/privacy-policy\/","title":{"rendered":"Datenschutzbestimmungen"},"content":{"rendered":"\t\t<div data-elementor-type=\"wp-page\" data-elementor-id=\"32260\" class=\"elementor elementor-32260 elementor-23025\" data-elementor-post-type=\"page\">\n\t\t\t\t<div class=\"elementor-element elementor-element-0c58aa1 e-flex e-con-boxed e-con e-parent\" data-id=\"0c58aa1\" data-element_type=\"container\" data-e-type=\"container\" data-settings=\"{&quot;background_background&quot;:&quot;classic&quot;}\">\n\t\t\t\t\t<div class=\"e-con-inner\">\n\t\t\t\t<div class=\"elementor-element elementor-element-e640fbb elementor-widget elementor-widget-heading\" data-id=\"e640fbb\" data-element_type=\"widget\" data-e-type=\"widget\" data-widget_type=\"heading.default\">\n\t\t\t\t\t<h1 class=\"elementor-heading-title elementor-size-default\">Datenschutzbestimmungen<\/h1>\t\t\t\t<\/div>\n\t\t\t\t<div class=\"elementor-element elementor-element-79b0b44 elementor-widget elementor-widget-text-editor\" data-id=\"79b0b44\" data-element_type=\"widget\" data-e-type=\"widget\" data-widget_type=\"text-editor.default\">\n\t\t\t\t\t\t\t\t\t<p class=\"sec-title text-center\">Wir, Natural Remedies Private Limited, betrachten Ihre Privatsph\u00e4re als sehr wichtig f\u00fcr uns. Unsere Datenschutzrichtlinie enth\u00e4lt Richtlinien, die sicherstellen, dass Ihre Privatsph\u00e4re gesch\u00fctzt wird. Die folgenden Richtlinien stellen sicher, dass die Informationen, die wir \u00fcber Sie sammeln, nicht missbraucht werden.  <\/p><ul><li><p>Wenn Sie uns pers\u00f6nliche Informationen \u00fcber das Internet zukommen lassen, die wir oder unsere Gesch\u00e4ftspartner m\u00f6glicherweise ben\u00f6tigen \u2013 um mit Ihnen zu korrespondieren, eine Informationsanfrage zu bearbeiten oder Ihnen beispielsweise einen Download zur Verf\u00fcgung zu stellen \u2013, ist es unsere Absicht, Sie dar\u00fcber zu informieren, wie wir diese Informationen verwenden werden. Wenn Sie uns mitteilen, dass Sie nicht w\u00fcnschen, dass diese Informationen als Grundlage f\u00fcr eine weitere Kontaktaufnahme mit Ihnen verwendet werden, werden wir Ihre W\u00fcnsche respektieren. <\/p><\/li><li><p>Wir analysieren die Daten, die die Domain verfolgen, von der aus uns Personen besuchen, nicht, um Sie pers\u00f6nlich zu identifizieren.<\/p><\/li><li><p>Urheberrecht und Marken: Sofern nicht anders angegeben, sind das Urheberrecht und alle geistigen Eigentumsrechte an allen auf der Website pr\u00e4sentierten Materialien (einschlie\u00dflich, aber nicht beschr\u00e4nkt auf Text, Audio, Video oder grafische Bilder), Marken und Logos, die auf dieser Website erscheinen, Eigentum von Natural Remedies Private Limited, ihren verbundenen Unternehmen und Partnern und sind durch geltende indische Gesetze gesch\u00fctzt.<\/p><\/li><li><p>Sofern uns das Landesrecht nicht zur Offenlegung der Informationen verpflichtet, werden wir die Informationen \u00fcber Sie nicht an Dritte weitergeben. Dies sch\u00fctzt Sie auch vor dem Verkauf, der Vermietung, dem Handel oder der Anzeige Ihrer pers\u00f6nlichen Informationen an Dritte; und wir werden Ihre E-Mail-Adresse nicht f\u00fcr unerw\u00fcnschtes Marketing verwenden, es sei denn, wir haben Ihre Erlaubnis. <\/p><\/li><li><p>Sie stimmen auch zu, dass Natural Remedies Private Limited Informationen \u00fcber Sie an tats\u00e4chliche oder potenzielle Parteien eines Rechtsstreits weitergibt, in den Natural Remedies Private Limited verwickelt ist oder verwickelt werden k\u00f6nnte, (a) wenn dies erforderlich ist, (b) wenn sie vern\u00fcnftigerweise davon ausgeht, dass solche Offenlegungen ihre Haftung potenziell mindern, oder (c) um ihre Rechte durchzusetzen.   <\/p><\/li><li><p>F\u00fcr den Fall, dass Natural Remedies Private Limited im Wesentlichen alle ihre Verm\u00f6genswerte verkauft oder \u00fcbernommen wird (oder in Konkurs geht oder Konkurs anmeldet), geh\u00f6ren Kundeninformationen typischerweise zu den Gesch\u00e4ftsverm\u00f6genswerten, die im Zusammenhang mit einer solchen Transaktion \u00fcbertragen werden. Sie erkennen an, dass solche \u00dcbertragungen stattfinden k\u00f6nnen und dass jeder Erwerber von Natural Remedies Private Limited Ihre pers\u00f6nlichen Daten weiterhin gem\u00e4\u00df dieser Richtlinie verwenden darf. <\/p><\/li><\/ul><p><strong>Sicherheit<\/strong><\/p><p class=\"sec-desc\">Diese Website verf\u00fcgt \u00fcber Sicherheitsma\u00dfnahmen, um den Verlust, den Missbrauch und\/oder die Ver\u00e4nderung von Informationen unter unserer Kontrolle zu sch\u00fctzen. Die Daten befinden sich hinter einer Firewall, wobei der Zugriff auf autorisiertes Personal von Natural Remedies Private Limited beschr\u00e4nkt ist. <\/p><p><strong>Kontaktaufnahme mit der Website<\/strong><\/p><p class=\"sec-desc\">Wenn Sie Fragen zu dieser Datenschutzerkl\u00e4rung, den Praktiken dieser Website oder Ihren Erfahrungen mit dieser Website haben, k\u00f6nnen Sie sich an folgende Adresse wenden:<br>Natural Remedies Private Limited \u2013 <a href=\"mailto:info@naturalremedy.com\"><span style=\"font-weight: 400;\">info@naturalremedy.com<\/span><\/a><\/p>\t\t\t\t\t\t\t\t<\/div>\n\t\t\t\t\t<\/div>\n\t\t\t\t<\/div>\n\t\t\t\t<\/div>\n\t\t","protected":false},"excerpt":{"rendered":"<p>Datenschutzbestimmungen Wir, Natural Remedies Private Limited, betrachten Ihre Privatsph\u00e4re als sehr wichtig f\u00fcr uns. Unsere Datenschutzrichtlinie enth\u00e4lt Richtlinien, die sicherstellen, dass Ihre Privatsph\u00e4re gesch\u00fctzt wird. Die folgenden Richtlinien stellen sicher, dass die Informationen, die wir \u00fcber Sie sammeln, nicht missbraucht werden. Wenn Sie uns pers\u00f6nliche Informationen \u00fcber das Internet zukommen lassen, die wir oder unsere [&hellip;]<\/p>\n","protected":false},"author":1,"featured_media":0,"parent":0,"menu_order":0,"comment_status":"closed","ping_status":"closed","template":"","meta":{"_acf_changed":false,"footnotes":""},"class_list":["post-32260","page","type-page","status-publish","hentry"],"acf":[],"_links":{"self":[{"href":"https:\/\/www.naturalremedy.com\/de\/wp-json\/wp\/v2\/pages\/32260","targetHints":{"allow":["GET"]}}],"collection":[{"href":"https:\/\/www.naturalremedy.com\/de\/wp-json\/wp\/v2\/pages"}],"about":[{"href":"https:\/\/www.naturalremedy.com\/de\/wp-json\/wp\/v2\/types\/page"}],"author":[{"embeddable":true,"href":"https:\/\/www.naturalremedy.com\/de\/wp-json\/wp\/v2\/users\/1"}],"replies":[{"embeddable":true,"href":"https:\/\/www.naturalremedy.com\/de\/wp-json\/wp\/v2\/comments?post=32260"}],"version-history":[{"count":3,"href":"https:\/\/www.naturalremedy.com\/de\/wp-json\/wp\/v2\/pages\/32260\/revisions"}],"predecessor-version":[{"id":125712,"href":"https:\/\/www.naturalremedy.com\/de\/wp-json\/wp\/v2\/pages\/32260\/revisions\/125712"}],"wp:attachment":[{"href":"https:\/\/www.naturalremedy.com\/de\/wp-json\/wp\/v2\/media?parent=32260"}],"curies":[{"name":"wp","href":"https:\/\/api.w.org\/{rel}","templated":true}]}}