{"id":32397,"date":"2021-06-19T11:52:03","date_gmt":"2021-06-19T11:52:03","guid":{"rendered":"https:\/\/naturalremedy.com\/product\/poultry-phytocee\/"},"modified":"2025-11-25T04:11:24","modified_gmt":"2025-11-25T04:11:24","slug":"swine-phytocee","status":"publish","type":"product","link":"https:\/\/www.naturalremedy.com\/de\/monogastrics-swine\/adaptogenic-anti-stress-immunomodulatory\/swine-phytocee\/","title":{"rendered":"Phytocee \u00ae"},"content":{"rendered":"","protected":false},"excerpt":{"rendered":"","protected":false},"featured_media":32401,"comment_status":"open","ping_status":"closed","template":"","meta":{"_acf_changed":false},"product_brand":[],"product_cat":[120,195,112,113,206],"product_tag":[],"class_list":{"0":"post-32397","1":"product","2":"type-product","3":"status-publish","4":"has-post-thumbnail","6":"product_cat-adaptogenic-general-immunity","7":"product_cat-international-swine","8":"product_cat-india-monogastrics","9":"product_cat-poultry-care","10":"product_cat-swine-adaptogenic-anti-stress-immunomodulatory","12":"first","13":"instock","14":"shipping-taxable","15":"product-type-simple"},"acf":{"product_name":"Phytocee \u00ae Schweine-Gesundheits-Immunit\u00e4tsverst\u00e4rker und Anti-Stress-L\u00f6sung","headline":"","product_thumbnail":32400,"product_content":"<span dir=\"auto\">Eine forschungsbasierte nat\u00fcrliche L\u00f6sung, die durch multiple Faktoren verursachten Stress kontrolliert. Erh\u00f6ht die Widerstandsf\u00e4higkeit und optimiert die zellul\u00e4re und humorale Immunit\u00e4t. <\/span>\n\n<span dir=\"auto\">Phytocee ist eine wirksame Kombination aus NR-Phytochemikalien Polyphenolen, Withanoliden und Triterpenoiden, um Schweinen eine zuverl\u00e4ssige Abwehr gegen verschiedene Herausforderungen zu bieten.<\/span>\n\n<span dir=\"auto\">Die Auswirkungen von Phytocee in verschiedenen Stadien der Schweine sind:<\/span>\n\n<strong><span dir=\"auto\">Ferkel<\/span><\/strong>\n<ul>\n \t<li><span dir=\"auto\">Reduziert Stress w\u00e4hrend der Zeit nach dem Absetzen.<\/span><\/li>\n \t<li><span dir=\"auto\">Verbessert die durchschnittliche t\u00e4gliche Gewichtszunahme bei abgesetzten Ferkeln.<\/span><\/li>\n \t<li><span dir=\"auto\">Reduziert das Auftreten von Schwanzbei\u00dfen und anderen psychologischen Stressreaktionen.<\/span><\/li>\n<\/ul>\n<strong><span dir=\"auto\">Mastschweine<\/span><\/strong>\n<ul>\n \t<li><span dir=\"auto\">Optimiert die K\u00f6rpergewichtszunahme.<\/span><\/li>\n \t<li><span dir=\"auto\">Reduziert die Medikamentenkosten.<\/span><\/li>\n \t<li><span dir=\"auto\">Geringere Morbidit\u00e4t.<\/span><\/li>\n \t<li><span dir=\"auto\">Verbesserung der Fleischqualit\u00e4t.<\/span><\/li>\n<\/ul>\n<strong><span dir=\"auto\">Sauen<\/span><\/strong>\n<ul>\n \t<li><span dir=\"auto\">Verbessert die Parit\u00e4t.<\/span><\/li>\n \t<li><span dir=\"auto\">Reduziert die Sterblichkeit unter den Ferkeln.<\/span><\/li>\n \t<li><span dir=\"auto\">Verbessert die Milchproduktion und die Immunglobulin-Spiegel im Kolostrum.<\/span><\/li>\n \t<li><span dir=\"auto\">Reduziert das Hecheln, ein Zeichen von Stress.<\/span><\/li>\n \t<li><span dir=\"auto\">Reduziert die Cortisol-Spiegel w\u00e4hrend sozialen Stresses, erkennbar beim Gruppieren und Umgruppieren.<\/span><\/li>\n<\/ul>","availability_in":[{"available":""}],"product_video_text":"","product_video":"","usp_content":"<ul>\n \t<li><strong>\n  <span dir=\"auto\">Adaptogen<\/span>\n<\/strong>\n<span dir=\"auto\">Erh\u00f6ht die Widerstandsf\u00e4higkeit und erh\u00e4lt normale physiologische Funktionen aufrecht.<\/span><\/li>\n \t<li><strong>\n  <span dir=\"auto\">CMI<\/span>\n<\/strong>\n<span dir=\"auto\">optimiert die zellvermittelte Immunit\u00e4t und verhindert die Anf\u00e4lligkeit f\u00fcr Krankheiten.<\/span><\/li>\n \t<li><strong>\n  <span dir=\"auto\">Anti-Stress<\/span>\n<\/strong>\n<span dir=\"auto\">Reduziert den Serum-Corticosteron-Spiegel und verhindert oxidative Sch\u00e4den.<\/span><\/li>\n \t<li><strong><span dir=\"auto\">F\u00f6rdert das Wohlbefinden der Schweine.<\/span><\/strong>\n<span dir=\"auto\">Reduziert das Auftreten von Schwanzbei\u00dfen und Hecheln unter stressigen Bedingungen.<\/span><\/li>\n<\/ul>","features_content":"","usage_content":"","benfits":"","mixing_rate_content":"","target_species":[{"svg_icon":32425,"species_name":""},{"svg_icon":32427,"species_name":""}],"continent":["South East Asia","South Asia","East Asia","Middle East","Europe","Latin American","African"],"faqs":null,"certifications":[{"certificate_image":92976},{"certificate_image":92969},{"certificate_image":92968}]},"_links":{"self":[{"href":"https:\/\/www.naturalremedy.com\/de\/wp-json\/wp\/v2\/product\/32397","targetHints":{"allow":["GET"]}}],"collection":[{"href":"https:\/\/www.naturalremedy.com\/de\/wp-json\/wp\/v2\/product"}],"about":[{"href":"https:\/\/www.naturalremedy.com\/de\/wp-json\/wp\/v2\/types\/product"}],"replies":[{"embeddable":true,"href":"https:\/\/www.naturalremedy.com\/de\/wp-json\/wp\/v2\/comments?post=32397"}],"version-history":[{"count":1,"href":"https:\/\/www.naturalremedy.com\/de\/wp-json\/wp\/v2\/product\/32397\/revisions"}],"predecessor-version":[{"id":75180,"href":"https:\/\/www.naturalremedy.com\/de\/wp-json\/wp\/v2\/product\/32397\/revisions\/75180"}],"wp:featuredmedia":[{"embeddable":true,"href":"https:\/\/www.naturalremedy.com\/de\/wp-json\/wp\/v2\/media\/32401"}],"wp:attachment":[{"href":"https:\/\/www.naturalremedy.com\/de\/wp-json\/wp\/v2\/media?parent=32397"}],"wp:term":[{"taxonomy":"product_brand","embeddable":true,"href":"https:\/\/www.naturalremedy.com\/de\/wp-json\/wp\/v2\/product_brand?post=32397"},{"taxonomy":"product_cat","embeddable":true,"href":"https:\/\/www.naturalremedy.com\/de\/wp-json\/wp\/v2\/product_cat?post=32397"},{"taxonomy":"product_tag","embeddable":true,"href":"https:\/\/www.naturalremedy.com\/de\/wp-json\/wp\/v2\/product_tag?post=32397"}],"curies":[{"name":"wp","href":"https:\/\/api.w.org\/{rel}","templated":true}]}}