{"id":32398,"date":"2025-09-24T13:28:25","date_gmt":"2025-09-24T13:28:25","guid":{"rendered":"https:\/\/naturalremedy.com\/product\/zigbir\/"},"modified":"2025-11-25T04:09:29","modified_gmt":"2025-11-25T04:09:29","slug":"swine-zigbir","status":"publish","type":"product","link":"https:\/\/www.naturalremedy.com\/de\/monogastrics-swine\/liver-health\/swine-zigbir\/","title":{"rendered":"Zigbir"},"content":{"rendered":"","protected":false},"excerpt":{"rendered":"","protected":false},"featured_media":32402,"comment_status":"open","ping_status":"closed","template":"","meta":{"_acf_changed":false},"product_brand":[],"product_cat":[195,208],"product_tag":[],"class_list":{"0":"post-32398","1":"product","2":"type-product","3":"status-publish","4":"has-post-thumbnail","6":"product_cat-international-swine","7":"product_cat-swine-liver-health","9":"first","10":"instock","11":"shipping-taxable","12":"product-type-simple"},"acf":{"product_name":"","headline":"","product_thumbnail":"","product_content":"<h1 class=\"p-tab-title text-center-mb m-0\"><span dir=\"auto\"><span class=\"VIpgJd-yAWNEb-VIpgJd-fmcmS-sn54Q\" dir=\"auto\">Zigbir nat\u00fcrliches Lebersupplement f\u00fcr Gefl\u00fcgel<\/span><\/span><\/h1>\n<span dir=\"auto\">ZIGBIR ist ein forschungsbasiertes, nat\u00fcrliches Lebersupplement f\u00fcr Gefl\u00fcgel, das die Leber- und Darmgesundheit optimiert und deren normale Funktionen wiederherstellt. ZIGBIR ist ein standardisiertes botanisches Pulver (NRSBP), das aktive Phytochemikalien wie Andrographolid, Phyllantin, Flavonoide und Alkaloide enth\u00e4lt. <\/span>","availability_in":[{"available":"1 Liter"},{"available":"5 Liter Beh\u00e4lter"},{"available":"25 kg Sack "}],"product_video_text":"","product_video":"","usp_content":"<span dir=\"auto\">ZIGBIR ist eine nat\u00fcrliche L\u00f6sung zur Optimierung der Leber- und Darmgesundheit und -funktion und bietet einzigartige Eigenschaften und Vorteile.<\/span>\n<ul>\n \t<li><span dir=\"auto\">Biosekretion<\/span><\/li>\n \t<li><span dir=\"auto\">Bioprotektion<\/span><\/li>\n \t<li><span dir=\"auto\">Biost\u00e4rkung<\/span><\/li>\n<\/ul>","features_content":"","usage_content":"","benfits":"","mixing_rate_content":"","target_species":[{"svg_icon":32425,"species_name":"Gefl\u00fcgelzucht"},{"svg_icon":32427,"species_name":"Schwein"}],"continent":[],"faqs":null,"certifications":null},"_links":{"self":[{"href":"https:\/\/www.naturalremedy.com\/de\/wp-json\/wp\/v2\/product\/32398","targetHints":{"allow":["GET"]}}],"collection":[{"href":"https:\/\/www.naturalremedy.com\/de\/wp-json\/wp\/v2\/product"}],"about":[{"href":"https:\/\/www.naturalremedy.com\/de\/wp-json\/wp\/v2\/types\/product"}],"replies":[{"embeddable":true,"href":"https:\/\/www.naturalremedy.com\/de\/wp-json\/wp\/v2\/comments?post=32398"}],"version-history":[{"count":1,"href":"https:\/\/www.naturalremedy.com\/de\/wp-json\/wp\/v2\/product\/32398\/revisions"}],"predecessor-version":[{"id":75174,"href":"https:\/\/www.naturalremedy.com\/de\/wp-json\/wp\/v2\/product\/32398\/revisions\/75174"}],"wp:featuredmedia":[{"embeddable":true,"href":"https:\/\/www.naturalremedy.com\/de\/wp-json\/wp\/v2\/media\/32402"}],"wp:attachment":[{"href":"https:\/\/www.naturalremedy.com\/de\/wp-json\/wp\/v2\/media?parent=32398"}],"wp:term":[{"taxonomy":"product_brand","embeddable":true,"href":"https:\/\/www.naturalremedy.com\/de\/wp-json\/wp\/v2\/product_brand?post=32398"},{"taxonomy":"product_cat","embeddable":true,"href":"https:\/\/www.naturalremedy.com\/de\/wp-json\/wp\/v2\/product_cat?post=32398"},{"taxonomy":"product_tag","embeddable":true,"href":"https:\/\/www.naturalremedy.com\/de\/wp-json\/wp\/v2\/product_tag?post=32398"}],"curies":[{"name":"wp","href":"https:\/\/api.w.org\/{rel}","templated":true}]}}