{"id":32403,"date":"2021-06-19T12:58:06","date_gmt":"2021-06-19T12:58:06","guid":{"rendered":"https:\/\/naturalremedy.com\/product\/poultry-respease\/"},"modified":"2025-11-25T04:11:07","modified_gmt":"2025-11-25T04:11:07","slug":"swine-respease","status":"publish","type":"product","link":"https:\/\/www.naturalremedy.com\/de\/monogastrics-swine\/respiratory-health\/swine-respease\/","title":{"rendered":"Respease \u1d40\u1d39"},"content":{"rendered":"","protected":false},"excerpt":{"rendered":"","protected":false},"featured_media":32406,"comment_status":"open","ping_status":"closed","template":"","meta":{"_acf_changed":false},"product_brand":[],"product_cat":[80,195,81,82,88,205],"product_tag":[],"class_list":{"0":"post-32403","1":"product","2":"type-product","3":"status-publish","4":"has-post-thumbnail","6":"product_cat-international","7":"product_cat-international-swine","8":"product_cat-monogastrics","9":"product_cat-monogastrics-poultry","10":"product_cat-respiratory-health-poultry-care-international","11":"product_cat-swine-respiratory-health","13":"first","14":"instock","15":"shipping-taxable","16":"product-type-simple"},"acf":{"product_name":"Respease ","headline":"","product_thumbnail":32407,"product_content":"<span dir=\"auto\">Respease ist ein respiratorisches Nahrungserg\u00e4nzungsmittel f\u00fcr Gefl\u00fcgel. Es handelt sich um eine neuartige Kombination aus selektiven Phytoaktiva mit bronchodilatatorischen, antitussiven, expektorierenden und dekongestionierenden Eigenschaften. Die in Respease enthaltenen Phytoaktiva sind haupts\u00e4chlich Glycyrrhizine, Vasicin, Ursols\u00e4ure und Polyphenole, die durch ihre multimodale Wirkung dem Gefl\u00fcgel zahlreiche Vorteile bieten.  <\/span>\n\n<span dir=\"auto\">Gemeinsam tragen sie dazu bei, die Widerstandsf\u00e4higkeit des Gefl\u00fcgels gegen\u00fcber respiratorischen Herausforderungen bekannter und unbekannter Herkunft zu verbessern. Respease hilft dem Gefl\u00fcgel, seine normalen Funktionen wiederherzustellen und stimuliert gleichzeitig das Fressverhalten, die Aktivit\u00e4tsniveaus und reduziert Symptome wie Rasseln sowie Nasen- und Augenausfluss. <\/span>","availability_in":[{"available":"25 kg Sack"},{"available":"1 Liter Kanister"},{"available":"5 Liter Kanister"}],"product_video_text":"","product_video":"","usp_content":"<ul>\n \t<li><span dir=\"auto\">Entz\u00fcndungshemmend.<\/span><\/li>\n \t<li><span dir=\"auto\">Schleiml\u00f6send.<\/span><\/li>\n \t<li><span dir=\"auto\">Auswurff\u00f6rdernd.<\/span><\/li>\n \t<li><span dir=\"auto\">Antioxidativ.<\/span><\/li>\n \t<li><span dir=\"auto\">Krampfl\u00f6send und bronchienerweiternde.<\/span><\/li>\n \t<li><span dir=\"auto\">Verbessert die respiratorische Immunit\u00e4t.<\/span><\/li>\n<\/ul>","features_content":"","usage_content":"","benfits":"","mixing_rate_content":"","target_species":[{"svg_icon":32425,"species_name":""},{"svg_icon":32425,"species_name":""},{"svg_icon":32425,"species_name":""}],"continent":["South East Asia","East Asia","Middle East","Europe","Latin American","South American"],"faqs":null,"certifications":[{"certificate_image":92976},{"certificate_image":92969},{"certificate_image":92968}]},"_links":{"self":[{"href":"https:\/\/www.naturalremedy.com\/de\/wp-json\/wp\/v2\/product\/32403","targetHints":{"allow":["GET"]}}],"collection":[{"href":"https:\/\/www.naturalremedy.com\/de\/wp-json\/wp\/v2\/product"}],"about":[{"href":"https:\/\/www.naturalremedy.com\/de\/wp-json\/wp\/v2\/types\/product"}],"replies":[{"embeddable":true,"href":"https:\/\/www.naturalremedy.com\/de\/wp-json\/wp\/v2\/comments?post=32403"}],"version-history":[{"count":1,"href":"https:\/\/www.naturalremedy.com\/de\/wp-json\/wp\/v2\/product\/32403\/revisions"}],"predecessor-version":[{"id":75178,"href":"https:\/\/www.naturalremedy.com\/de\/wp-json\/wp\/v2\/product\/32403\/revisions\/75178"}],"wp:featuredmedia":[{"embeddable":true,"href":"https:\/\/www.naturalremedy.com\/de\/wp-json\/wp\/v2\/media\/32406"}],"wp:attachment":[{"href":"https:\/\/www.naturalremedy.com\/de\/wp-json\/wp\/v2\/media?parent=32403"}],"wp:term":[{"taxonomy":"product_brand","embeddable":true,"href":"https:\/\/www.naturalremedy.com\/de\/wp-json\/wp\/v2\/product_brand?post=32403"},{"taxonomy":"product_cat","embeddable":true,"href":"https:\/\/www.naturalremedy.com\/de\/wp-json\/wp\/v2\/product_cat?post=32403"},{"taxonomy":"product_tag","embeddable":true,"href":"https:\/\/www.naturalremedy.com\/de\/wp-json\/wp\/v2\/product_tag?post=32403"}],"curies":[{"name":"wp","href":"https:\/\/api.w.org\/{rel}","templated":true}]}}