{"id":32408,"date":"2021-06-19T13:05:04","date_gmt":"2021-06-19T13:05:04","guid":{"rendered":"https:\/\/naturalremedy.com\/product\/poultry-stodi\/"},"modified":"2025-11-19T09:32:10","modified_gmt":"2025-11-19T09:32:10","slug":"poultry-stodi","status":"publish","type":"product","link":"https:\/\/www.naturalremedy.com\/de\/monogastrics-poultry\/diarrhoea-management-and-gut-health\/poultry-stodi\/","title":{"rendered":"Stodi \u00ae"},"content":{"rendered":"","protected":false},"excerpt":{"rendered":"","protected":false},"featured_media":32412,"comment_status":"open","ping_status":"closed","template":"","meta":{"_acf_changed":false},"product_brand":[],"product_cat":[202,86,80,193,81,82],"product_tag":[],"class_list":{"0":"post-32408","1":"product","2":"type-product","3":"status-publish","4":"has-post-thumbnail","6":"product_cat-diarrhoea-management-and-gut-health","8":"product_cat-international","9":"product_cat-international-poultry","10":"product_cat-monogastrics","11":"product_cat-monogastrics-poultry","13":"first","14":"instock","15":"shipping-taxable","16":"product-type-simple"},"acf":{"product_name":"Stodi","headline":"","product_thumbnail":32411,"product_content":"<h1 class=\"p-tab-title text-center-mb m-0\"><span dir=\"auto\">\n  <span class=\"VIpgJd-yAWNEb-VIpgJd-fmcmS-sn54Q\" dir=\"auto\">Stodi <\/span>\n<\/span><sup>\n  <span dir=\"auto\">\n    <span class=\"VIpgJd-yAWNEb-VIpgJd-fmcmS-sn54Q\" dir=\"auto\">\u00ae<\/span>\n  <\/span>\n<\/sup><span dir=\"auto\">\n  <span class=\"VIpgJd-yAWNEb-VIpgJd-fmcmS-sn54Q\" dir=\"auto\"> f\u00fcr Gefl\u00fcgel \u2013 Darmgesundheit und Behandlung von Durchfall<\/span>\n<\/span><\/h1>\n<span dir=\"auto\">Stodi ist eine synergistische Kombination aus Phytochemikalien wie Andrographolid, Punicalaginen, Ellagitanninen und Polyphenolen aus ausgew\u00e4hlten Kr\u00e4utern. Die Phytoaktivstoffe gew\u00e4hrleisten die Kontrolle von weichem Kot bei Gefl\u00fcgel und von Durchfall bekannter und unbekannter Herkunft bei pr\u00e4ventiver Anwendung und unterst\u00fctzen die Genesung, wenn sie in Verbindung mit anderen Futterzusatzstoffen w\u00e4hrend der Behandlung eingesetzt werden. <\/span>\n\n<span dir=\"auto\">Hilft, das Darmgleichgewicht wiederherzustellen und gew\u00e4hrleistet eine optimale Produktivit\u00e4t.<\/span>","availability_in":[{"available":"25-kg-S\u00e4cke"},{"available":"500-kg-Sack"}],"product_video_text":"","product_video":"","usp_content":"<ul>\n \t<li><span dir=\"auto\">Normalisiert die Darmperistaltik.<\/span><\/li>\n \t<li><span dir=\"auto\">Erh\u00f6ht die Darmgesundheit.<\/span><\/li>\n \t<li><span dir=\"auto\">Verbessert die Darmimmunit\u00e4t.<\/span><\/li>\n \t<li><span dir=\"auto\">Verbessert das Darmmikrobiom.<\/span><\/li>\n \t<li><span dir=\"auto\">Hilft, die Ammoniakproduktion zu reduzieren.<\/span><\/li>\n<\/ul>","features_content":"","usage_content":"","benfits":"","mixing_rate_content":"","target_species":[{"svg_icon":32425,"species_name":""},{"svg_icon":32427,"species_name":""}],"continent":["South East Asia","East Asia","Middle East","Europe","Latin American","South American"],"faqs":null,"certifications":[{"certificate_image":92976},{"certificate_image":92969},{"certificate_image":92968}]},"_links":{"self":[{"href":"https:\/\/www.naturalremedy.com\/de\/wp-json\/wp\/v2\/product\/32408","targetHints":{"allow":["GET"]}}],"collection":[{"href":"https:\/\/www.naturalremedy.com\/de\/wp-json\/wp\/v2\/product"}],"about":[{"href":"https:\/\/www.naturalremedy.com\/de\/wp-json\/wp\/v2\/types\/product"}],"replies":[{"embeddable":true,"href":"https:\/\/www.naturalremedy.com\/de\/wp-json\/wp\/v2\/comments?post=32408"}],"version-history":[{"count":1,"href":"https:\/\/www.naturalremedy.com\/de\/wp-json\/wp\/v2\/product\/32408\/revisions"}],"predecessor-version":[{"id":75177,"href":"https:\/\/www.naturalremedy.com\/de\/wp-json\/wp\/v2\/product\/32408\/revisions\/75177"}],"wp:featuredmedia":[{"embeddable":true,"href":"https:\/\/www.naturalremedy.com\/de\/wp-json\/wp\/v2\/media\/32412"}],"wp:attachment":[{"href":"https:\/\/www.naturalremedy.com\/de\/wp-json\/wp\/v2\/media?parent=32408"}],"wp:term":[{"taxonomy":"product_brand","embeddable":true,"href":"https:\/\/www.naturalremedy.com\/de\/wp-json\/wp\/v2\/product_brand?post=32408"},{"taxonomy":"product_cat","embeddable":true,"href":"https:\/\/www.naturalremedy.com\/de\/wp-json\/wp\/v2\/product_cat?post=32408"},{"taxonomy":"product_tag","embeddable":true,"href":"https:\/\/www.naturalremedy.com\/de\/wp-json\/wp\/v2\/product_tag?post=32408"}],"curies":[{"name":"wp","href":"https:\/\/api.w.org\/{rel}","templated":true}]}}