{"id":32413,"date":"2023-02-10T14:10:01","date_gmt":"2023-02-10T14:10:01","guid":{"rendered":"https:\/\/naturalremedy.com\/product\/respease-%e1%b5%80%e1%b4%b9\/"},"modified":"2025-11-25T04:12:04","modified_gmt":"2025-11-25T04:12:04","slug":"poultry-respease","status":"publish","type":"product","link":"https:\/\/www.naturalremedy.com\/de\/monogastrics-poultry\/respiratory-health\/poultry-respease\/","title":{"rendered":"Respease \u1d40\u1d39"},"content":{"rendered":"","protected":false},"excerpt":{"rendered":"","protected":false},"featured_media":32406,"comment_status":"open","ping_status":"closed","template":"","meta":{"_acf_changed":false},"product_brand":[],"product_cat":[80,193,100,197,99],"product_tag":[],"class_list":{"0":"post-32413","1":"product","2":"type-product","3":"status-publish","4":"has-post-thumbnail","6":"product_cat-international","7":"product_cat-international-poultry","8":"product_cat-liver-health-ruminant-care-international","9":"product_cat-poultry-respiratory","10":"product_cat-ruminants","12":"first","13":"instock","14":"shipping-taxable","15":"product-type-simple"},"acf":{"product_name":"Respeite \u1d40\u1d39","headline":"","product_thumbnail":32407,"product_content":"Die Phytoaktiva von Respease sind haupts\u00e4chlich Glycyrrhizine, Vasicin, Ursols\u00e4ure und Polyphenole. Respease garantiert zahlreiche Vorteile f\u00fcr Schweine. Zusammen tragen sie dazu bei, die Widerstandsf\u00e4higkeit von Schweinen gegen respiratorische Herausforderungen bekannten und unbekannten Ursprungs zu verbessern.  ","availability_in":[{"available":"25-kg-S\u00e4cke"},{"available":"500 kg"},{"available":"1 Liter"}],"product_video_text":"","product_video":"","usp_content":"","features_content":"","usage_content":"","benfits":"","mixing_rate_content":"","target_species":[{"svg_icon":32425,"species_name":""},{"svg_icon":32425,"species_name":""},{"svg_icon":32425,"species_name":""}],"continent":["South East Asia","East Asia","Middle East","Europe","Latin American","South American"],"faqs":null,"certifications":[{"certificate_image":92976},{"certificate_image":92969},{"certificate_image":92968}]},"_links":{"self":[{"href":"https:\/\/www.naturalremedy.com\/de\/wp-json\/wp\/v2\/product\/32413","targetHints":{"allow":["GET"]}}],"collection":[{"href":"https:\/\/www.naturalremedy.com\/de\/wp-json\/wp\/v2\/product"}],"about":[{"href":"https:\/\/www.naturalremedy.com\/de\/wp-json\/wp\/v2\/types\/product"}],"replies":[{"embeddable":true,"href":"https:\/\/www.naturalremedy.com\/de\/wp-json\/wp\/v2\/comments?post=32413"}],"version-history":[{"count":1,"href":"https:\/\/www.naturalremedy.com\/de\/wp-json\/wp\/v2\/product\/32413\/revisions"}],"predecessor-version":[{"id":75176,"href":"https:\/\/www.naturalremedy.com\/de\/wp-json\/wp\/v2\/product\/32413\/revisions\/75176"}],"wp:featuredmedia":[{"embeddable":true,"href":"https:\/\/www.naturalremedy.com\/de\/wp-json\/wp\/v2\/media\/32406"}],"wp:attachment":[{"href":"https:\/\/www.naturalremedy.com\/de\/wp-json\/wp\/v2\/media?parent=32413"}],"wp:term":[{"taxonomy":"product_brand","embeddable":true,"href":"https:\/\/www.naturalremedy.com\/de\/wp-json\/wp\/v2\/product_brand?post=32413"},{"taxonomy":"product_cat","embeddable":true,"href":"https:\/\/www.naturalremedy.com\/de\/wp-json\/wp\/v2\/product_cat?post=32413"},{"taxonomy":"product_tag","embeddable":true,"href":"https:\/\/www.naturalremedy.com\/de\/wp-json\/wp\/v2\/product_tag?post=32413"}],"curies":[{"name":"wp","href":"https:\/\/api.w.org\/{rel}","templated":true}]}}