{"id":32414,"date":"2023-03-10T14:51:24","date_gmt":"2023-03-10T14:51:24","guid":{"rendered":"https:\/\/naturalremedy.com\/product\/poultry-phytocee-b\/"},"modified":"2025-11-25T04:12:11","modified_gmt":"2025-11-25T04:12:11","slug":"poultry-phytocee","status":"publish","type":"product","link":"https:\/\/www.naturalremedy.com\/de\/monogastrics-poultry\/adaptogenic-general-immunity\/poultry-phytocee\/","title":{"rendered":"Phytocee \u00ae"},"content":{"rendered":"<p>PHYTOCEE ist eine forschungsbasierte nat\u00fcrliche L\u00f6sung zur Kontrolle der sch\u00e4dlichen Auswirkungen von Stress, der durch multiple Stressfaktoren verursacht wird. PHYTOCEE ist eine polykr\u00e4utige Formulierung, die Phytokonstituenten wie Polyphenole, Withanoide und Triterpenoide enth\u00e4lt. PHYTOCEE fungiert als nat\u00fcrlicher Abwehrverst\u00e4rker und verbessert die Widerstandsf\u00e4higkeit, optimiert die CMI und hilft, die sch\u00e4dlichen Auswirkungen von Stress zu reduzieren.  <\/p>\n<p>PHYTOCEE ist eine forschungsbasierte nat\u00fcrliche L\u00f6sung zur Stressbek\u00e4mpfung, die einzigartige Eigenschaften und Vorteile bietet.<\/p>\n","protected":false},"excerpt":{"rendered":"<p>PHYTOCEE ist eine forschungsbasierte nat\u00fcrliche L\u00f6sung zur Kontrolle der sch\u00e4dlichen Auswirkungen von Stress, der durch multiple Stressfaktoren verursacht wird. PHYTOCEE ist eine polykr\u00e4utige Formulierung, die Phytokonstituenten wie Polyphenole, Withanoide und Triterpenoide enth\u00e4lt. PHYTOCEE fungiert als nat\u00fcrlicher Abwehrverst\u00e4rker und verbessert die Widerstandsf\u00e4higkeit, optimiert die CMI und hilft, die sch\u00e4dlichen Auswirkungen von Stress zu reduzieren. PHYTOCEE ist [&hellip;]<\/p>\n","protected":false},"featured_media":32401,"comment_status":"open","ping_status":"closed","template":"","meta":{"_acf_changed":false},"product_brand":[],"product_cat":[198,84,80,193,81,82,201],"product_tag":[],"class_list":{"0":"post-32414","1":"product","2":"type-product","3":"status-publish","4":"has-post-thumbnail","6":"product_cat-adaptogenic","7":"product_cat-adaptogenic-anti-stress-immunomodulatory","8":"product_cat-international","9":"product_cat-international-poultry","10":"product_cat-monogastrics","11":"product_cat-monogastrics-poultry","12":"product_cat-poultry-adaptogenic","14":"first","15":"instock","16":"shipping-taxable","17":"product-type-simple"},"acf":{"product_name":"Phytocee ","headline":"Ein nat\u00fcrlicher Abwehrverst\u00e4rker","product_thumbnail":32400,"product_content":"PHYTOCEE, eine forschungsbasierte nat\u00fcrliche L\u00f6sung, zielt darauf ab, die Immunit\u00e4t von Gefl\u00fcgel zu verbessern und die Auswirkungen von Stress durch multiple Stressfaktoren zu kontrollieren. Seine polykr\u00e4utige Formulierung enth\u00e4lt Phytokonstituenten wie Polyphenole, Withanoide und Triterpenoide. \n\nPHYTOCEE ist ein phytogener Futtermittelzusatz, der als nat\u00fcrlicher Abwehrverst\u00e4rker wirkt. Es f\u00f6rdert auch die Widerstandsf\u00e4higkeit, optimiert die zellvermittelte Immunit\u00e4t und hilft, die sch\u00e4dlichen Auswirkungen von Stress zu reduzieren. Dieser phytogene Futtermittelzusatz ist ein hitzestabiler Tierfutterzusatz und kann direkt dem Futter zugesetzt werden.  \n\nWissenschaftlich validiert mit OMICS-Technologien","availability_in":[{"available":"25 kg"},{"available":""}],"product_video_text":"","product_video":"","usp_content":"<span dir=\"auto\">PHYTOCEE wurde als forschungsbasierte nat\u00fcrliche L\u00f6sung zur Stressbek\u00e4mpfung entwickelt und bietet einzigartige Eigenschaften und Vorteile, wie:<\/span>\n<ul>\n \t<li><strong>\n  <span dir=\"auto\">Adaptogen und Widerstandserh\u00f6hung<\/span>\n<\/strong>\n<span dir=\"auto\">Erh\u00f6ht die Widerstandsf\u00e4higkeit und stellt normale physiologische Funktionen unter herausfordernden Bedingungen wieder her.<\/span><\/li>\n \t<li><strong>\n  <span dir=\"auto\">CMI-Optimierung<\/span>\n<\/strong>\n<span dir=\"auto\">Optimiert die zellvermittelte Immunit\u00e4t und beugt der Anf\u00e4lligkeit f\u00fcr Krankheiten vor.<\/span><\/li>\n \t<li><strong>\n  <span dir=\"auto\">Effektive Stresstoleranz<\/span>\n<\/strong>\n<span dir=\"auto\">Reduziert den Corticosteron-Serumspiegel und sch\u00fctzt durch starke antioxidative Eigenschaften vor oxidativen Sch\u00e4den.<\/span><\/li>\n<\/ul>","features_content":"","usage_content":"","benfits":"","mixing_rate_content":"","target_species":[{"svg_icon":32425,"species_name":"Masth\u00fchner"},{"svg_icon":32425,"species_name":"Elterntiere"},{"svg_icon":32425,"species_name":"Legehennen"}],"continent":["South Asia"],"faqs":null,"certifications":[{"certificate_image":92976},{"certificate_image":92969},{"certificate_image":92968}]},"_links":{"self":[{"href":"https:\/\/www.naturalremedy.com\/de\/wp-json\/wp\/v2\/product\/32414","targetHints":{"allow":["GET"]}}],"collection":[{"href":"https:\/\/www.naturalremedy.com\/de\/wp-json\/wp\/v2\/product"}],"about":[{"href":"https:\/\/www.naturalremedy.com\/de\/wp-json\/wp\/v2\/types\/product"}],"replies":[{"embeddable":true,"href":"https:\/\/www.naturalremedy.com\/de\/wp-json\/wp\/v2\/comments?post=32414"}],"version-history":[{"count":1,"href":"https:\/\/www.naturalremedy.com\/de\/wp-json\/wp\/v2\/product\/32414\/revisions"}],"predecessor-version":[{"id":49585,"href":"https:\/\/www.naturalremedy.com\/de\/wp-json\/wp\/v2\/product\/32414\/revisions\/49585"}],"wp:featuredmedia":[{"embeddable":true,"href":"https:\/\/www.naturalremedy.com\/de\/wp-json\/wp\/v2\/media\/32401"}],"wp:attachment":[{"href":"https:\/\/www.naturalremedy.com\/de\/wp-json\/wp\/v2\/media?parent=32414"}],"wp:term":[{"taxonomy":"product_brand","embeddable":true,"href":"https:\/\/www.naturalremedy.com\/de\/wp-json\/wp\/v2\/product_brand?post=32414"},{"taxonomy":"product_cat","embeddable":true,"href":"https:\/\/www.naturalremedy.com\/de\/wp-json\/wp\/v2\/product_cat?post=32414"},{"taxonomy":"product_tag","embeddable":true,"href":"https:\/\/www.naturalremedy.com\/de\/wp-json\/wp\/v2\/product_tag?post=32414"}],"curies":[{"name":"wp","href":"https:\/\/api.w.org\/{rel}","templated":true}]}}