{"id":32415,"date":"2021-06-09T17:00:10","date_gmt":"2021-06-09T17:00:10","guid":{"rendered":"https:\/\/naturalremedy.com\/product\/swine-stodi\/"},"modified":"2025-11-19T09:33:42","modified_gmt":"2025-11-19T09:33:42","slug":"swine-stodi","status":"publish","type":"product","link":"https:\/\/www.naturalremedy.com\/de\/monogastrics-swine\/diarrhoea-management-and-gut-health\/swine-stodi\/","title":{"rendered":"Stodi \u00ae"},"content":{"rendered":"<p>Ein standardisiertes botanisches Pulver (NRSBP) zur Vorbeugung von Durchfall nach dem Absetzen bei Ferkeln, das die Darmintegrit\u00e4t verbessert und die Darmgesundheit sch\u00fctzt.<\/p>\n","protected":false},"excerpt":{"rendered":"<p>Ein standardisiertes botanisches Pulver (NRSBP) zur Vorbeugung von Durchfall nach dem Absetzen bei Ferkeln, das die Darmintegrit\u00e4t verbessert und die Darmgesundheit sch\u00fctzt.<\/p>\n","protected":false},"featured_media":32416,"comment_status":"open","ping_status":"closed","template":"","meta":{"_acf_changed":false},"product_brand":[],"product_cat":[94,80,195,81,91,207],"product_tag":[],"class_list":{"0":"post-32415","1":"product","2":"type-product","3":"status-publish","4":"has-post-thumbnail","6":"product_cat-diarrhoea-management-and-gut-health-swine-care-international","7":"product_cat-international","8":"product_cat-international-swine","9":"product_cat-monogastrics","10":"product_cat-monogastrics-swine","11":"product_cat-swine-diarrhoea-management-and-gut-health","13":"first","14":"instock","15":"shipping-taxable","16":"product-type-simple"},"acf":{"product_name":"Stodi","headline":"Eine nat\u00fcrliche L\u00f6sung zur Vorbeugung von Durchfall","product_thumbnail":811,"product_content":"Ein standardisiertes botanisches Pulver (NRSBP) zur Vorbeugung von Durchfall nach dem Absetzen bei Ferkeln, das die Darmintegrit\u00e4t verbessert und die Darmgesundheit sch\u00fctzt.\n\nSTODI hat sich als f\u00f6rderlich f\u00fcr das n\u00fctzliche Darmmikrobiom erwiesen und reduziert auch die Abh\u00e4ngigkeit von Antibiotika bei der Kontrolle von Durchfall nach dem Absetzen und Schweinedysenterie bei erwachsenen Schweinen.\n\nEs wurde auch beobachtet, dass es die Gewichtszunahme-Parameter und die Kotkonsistenz bei Ferkeln im Vergleich zu Zinkoxid in \u00e4hnlichen Dosierungen verbessert.\n\n<strong>Zusammensetzung: <\/strong>\nSynergistische Kombination von Phytochemikalien wie Andrographolid, Punicalagin und anderen Ellagitanninen und Polyphenolen aus ausgew\u00e4hlten Kr\u00e4utern.","availability_in":[{"available":"25 kg S\u00e4cke"},{"available":"500 kg S\u00e4cke"}],"product_video_text":"","product_video":"","usp_content":"<ul>\n \t<li>Beugt Durchfall vor.<\/li>\n \t<li>Sch\u00fctzt die Darmintegrit\u00e4t und das Mikrobiom.<\/li>\n \t<li>Umweltfreundlich.<\/li>\n \t<li>Gew\u00e4hrleistet Wachstum.<\/li>\n \t<li>Sicher f\u00fcr die Lebensmittelkette.<\/li>\n \t<li>Verbessert die Darmimmunit\u00e4t und das Mikrobiom.<\/li>\n<\/ul>","features_content":"","usage_content":"<ul>\n \t<li>Prestarter: Bis zu 4 kg pro Tonne Futter bei schweren DPD-F\u00e4llen f\u00fcr mindestens 2 Wochen.<\/li>\n \t<li>Starter: 2-4 kg pro Tonne Futter bis der Durchfall nachl\u00e4sst.<\/li>\n \t<li>Schweinedysenterie: 4 kg pro Tonne Futter f\u00fcr mindestens 2 Wochen.<\/li>\n<\/ul>","benfits":"","mixing_rate_content":"","target_species":[{"svg_icon":32427,"species_name":"Schwein"}],"continent":["South East Asia","East Asia","Middle East","Europe","Latin American","South American"],"faqs":null,"certifications":[{"certificate_image":92976},{"certificate_image":92969},{"certificate_image":92968}]},"_links":{"self":[{"href":"https:\/\/www.naturalremedy.com\/de\/wp-json\/wp\/v2\/product\/32415","targetHints":{"allow":["GET"]}}],"collection":[{"href":"https:\/\/www.naturalremedy.com\/de\/wp-json\/wp\/v2\/product"}],"about":[{"href":"https:\/\/www.naturalremedy.com\/de\/wp-json\/wp\/v2\/types\/product"}],"replies":[{"embeddable":true,"href":"https:\/\/www.naturalremedy.com\/de\/wp-json\/wp\/v2\/comments?post=32415"}],"version-history":[{"count":1,"href":"https:\/\/www.naturalremedy.com\/de\/wp-json\/wp\/v2\/product\/32415\/revisions"}],"predecessor-version":[{"id":75181,"href":"https:\/\/www.naturalremedy.com\/de\/wp-json\/wp\/v2\/product\/32415\/revisions\/75181"}],"wp:featuredmedia":[{"embeddable":true,"href":"https:\/\/www.naturalremedy.com\/de\/wp-json\/wp\/v2\/media\/32416"}],"wp:attachment":[{"href":"https:\/\/www.naturalremedy.com\/de\/wp-json\/wp\/v2\/media?parent=32415"}],"wp:term":[{"taxonomy":"product_brand","embeddable":true,"href":"https:\/\/www.naturalremedy.com\/de\/wp-json\/wp\/v2\/product_brand?post=32415"},{"taxonomy":"product_cat","embeddable":true,"href":"https:\/\/www.naturalremedy.com\/de\/wp-json\/wp\/v2\/product_cat?post=32415"},{"taxonomy":"product_tag","embeddable":true,"href":"https:\/\/www.naturalremedy.com\/de\/wp-json\/wp\/v2\/product_tag?post=32415"}],"curies":[{"name":"wp","href":"https:\/\/api.w.org\/{rel}","templated":true}]}}