{"id":32417,"date":"2024-09-12T05:09:37","date_gmt":"2024-09-12T05:09:37","guid":{"rendered":"https:\/\/naturalremedy.com\/product\/kolin-plus-%e1%b5%80%e1%b4%b9\/"},"modified":"2025-12-29T05:06:55","modified_gmt":"2025-12-29T05:06:55","slug":"poultry-kolin-plus","status":"publish","type":"product","link":"https:\/\/www.naturalremedy.com\/de\/monogastrics-poultry\/choline-chloride-replacement\/poultry-kolin-plus\/","title":{"rendered":"Kolin plus \u1d40\u1d39"},"content":{"rendered":"","protected":false},"excerpt":{"rendered":"","protected":false},"featured_media":32419,"comment_status":"open","ping_status":"closed","template":"","meta":{"_acf_changed":false},"product_brand":[],"product_cat":[203,193],"product_tag":[204],"class_list":{"0":"post-32417","1":"product","2":"type-product","3":"status-publish","4":"has-post-thumbnail","6":"product_cat-choline-chloride-replacement","7":"product_cat-international-poultry","8":"product_tag-choline-chloride-replacement","10":"first","11":"instock","12":"shipping-taxable","13":"product-type-simple"},"acf":{"product_name":"Kolin Plus  ","headline":"","product_thumbnail":32418,"product_content":"<span dir=\"auto\"><span class=\"VIpgJd-yAWNEb-VIpgJd-fmcmS-sn54Q\" dir=\"auto\">KOLIN PLUS ist ein standardisiertes botanisches Pulver von Natural Remedies (NR-SBP). KOLIN PLUS ist ein bew\u00e4hrtes Pulver zur besseren Fettmobilisierung, zum Fettstoffwechsel und f\u00fcr ein optimales Muskelwachstum. KOLIN PLUS ist ein nat\u00fcrliches Cholin f\u00fcr Gefl\u00fcgel und eine umweltfreundlichere Alternative zu Cholinchlorid.  <\/span><\/span>\n\n<span dir=\"auto\">KOLIN PLUS wurde entwickelt, um die Nachteile von Cholinchlorid zu \u00fcberwinden, ohne die Leistung von Gefl\u00fcgel oder Schweinen zu beeintr\u00e4chtigen. Es handelt sich um eine Polyherbal-Formulierung, die eine robuste Mischung aus Catechinen, Curcuminoiden, Galluss\u00e4ure und verschiedenen Polyphenolen umfasst, die den effizienten Stoffwechsel und die Mobilisierung von Fett unterst\u00fctzen. <\/span>\n\n<span dir=\"auto\">KOLIN PLUS enth\u00e4lt auch Phosphatidylcholin, das die Entwicklung der Zellstruktur und das allgemeine Wachstum unterst\u00fctzt.<\/span>","availability_in":[{"available":"25 kg S\u00e4cke"}],"product_video_text":"","product_video":"","usp_content":"KOLIN PLUS ist eine bequeme, kompatible, wirtschaftliche und schonende Alternative zu Cholinchlorid.","features_content":"","usage_content":"","benfits":"","mixing_rate_content":"","target_species":[{"svg_icon":32425,"species_name":"Gefl\u00fcgelzucht"}],"continent":["South East Asia","South Asia","East Asia","Latin American"],"faqs":null,"certifications":null},"_links":{"self":[{"href":"https:\/\/www.naturalremedy.com\/de\/wp-json\/wp\/v2\/product\/32417","targetHints":{"allow":["GET"]}}],"collection":[{"href":"https:\/\/www.naturalremedy.com\/de\/wp-json\/wp\/v2\/product"}],"about":[{"href":"https:\/\/www.naturalremedy.com\/de\/wp-json\/wp\/v2\/types\/product"}],"replies":[{"embeddable":true,"href":"https:\/\/www.naturalremedy.com\/de\/wp-json\/wp\/v2\/comments?post=32417"}],"version-history":[{"count":1,"href":"https:\/\/www.naturalremedy.com\/de\/wp-json\/wp\/v2\/product\/32417\/revisions"}],"predecessor-version":[{"id":75175,"href":"https:\/\/www.naturalremedy.com\/de\/wp-json\/wp\/v2\/product\/32417\/revisions\/75175"}],"wp:featuredmedia":[{"embeddable":true,"href":"https:\/\/www.naturalremedy.com\/de\/wp-json\/wp\/v2\/media\/32419"}],"wp:attachment":[{"href":"https:\/\/www.naturalremedy.com\/de\/wp-json\/wp\/v2\/media?parent=32417"}],"wp:term":[{"taxonomy":"product_brand","embeddable":true,"href":"https:\/\/www.naturalremedy.com\/de\/wp-json\/wp\/v2\/product_brand?post=32417"},{"taxonomy":"product_cat","embeddable":true,"href":"https:\/\/www.naturalremedy.com\/de\/wp-json\/wp\/v2\/product_cat?post=32417"},{"taxonomy":"product_tag","embeddable":true,"href":"https:\/\/www.naturalremedy.com\/de\/wp-json\/wp\/v2\/product_tag?post=32417"}],"curies":[{"name":"wp","href":"https:\/\/api.w.org\/{rel}","templated":true}]}}