{"id":32420,"date":"2024-10-29T12:50:39","date_gmt":"2024-10-29T12:50:39","guid":{"rendered":"https:\/\/naturalremedy.com\/product\/zigbir-3\/"},"modified":"2025-11-25T04:09:47","modified_gmt":"2025-11-25T04:09:47","slug":"poultry-zigbir","status":"publish","type":"product","link":"https:\/\/www.naturalremedy.com\/de\/monogastrics-poultry\/liver-health\/poultry-zigbir\/","title":{"rendered":"Zigbir"},"content":{"rendered":"<p>ZIGBIR ist ein forschungsbasiertes, nat\u00fcrliches Lebersupplement f\u00fcr Gefl\u00fcgel, das die Leber- und Darmgesundheit optimiert und deren normale Funktionen wiederherstellt. ZIGBIR ist ein standardisiertes botanisches Pulver (NRSBP), das aktive Phytochemikalien wie Andrographolid, Phyllantin, Flavonoide und Alkaloide enth\u00e4lt. <\/p>\n","protected":false},"excerpt":{"rendered":"<p>ZIGBIR ist ein forschungsbasiertes, nat\u00fcrliches Lebersupplement f\u00fcr Gefl\u00fcgel, das die Leber- und Darmgesundheit optimiert und deren normale Funktionen wiederherstellt. ZIGBIR ist ein standardisiertes botanisches Pulver (NRSBP), das aktive Phytochemikalien wie Andrographolid, Phyllantin, Flavonoide und Alkaloide enth\u00e4lt.<\/p>\n","protected":false},"featured_media":32402,"comment_status":"open","ping_status":"closed","template":"","meta":{"_acf_changed":false},"product_brand":[],"product_cat":[80,193,87,194,81,82],"product_tag":[],"class_list":{"0":"post-32420","1":"product","2":"type-product","3":"status-publish","4":"has-post-thumbnail","6":"product_cat-international","7":"product_cat-international-poultry","8":"product_cat-liver-health-poultry-care-international","9":"product_cat-liver-health-poultry","10":"product_cat-monogastrics","11":"product_cat-monogastrics-poultry","13":"first","14":"instock","15":"shipping-taxable","16":"product-type-simple"},"acf":{"product_name":"Zigbir","headline":"","product_thumbnail":"","product_content":"ZIGBIR ist ein forschungsbasiertes nat\u00fcrliches Leberpr\u00e4parat f\u00fcr Gefl\u00fcgel, das die Gesundheit von Leber und Darm optimiert und deren normale Funktionen wiederherstellt. ZIGBIR ist ein standardisiertes botanisches Pulver (NRSBP), das aktive Phytochemikalien wie Andrographolid, Phyllanthin, Flavonoide und Alkaloide enth\u00e4lt.  ","availability_in":[{"available":"1 Liter"},{"available":"5 Liter Beh\u00e4lter"},{"available":"25 kg Sack "}],"product_video_text":"","product_video":"","usp_content":"ZIGBIR ist eine nat\u00fcrliche L\u00f6sung zur Optimierung der Gesundheit und Funktionen von Leber und Darm & bietet einzigartige Eigenschaften und Vorteile.\n<ul>\n \t<li>Bio-Sekretion.<\/li>\n \t<li>Bio-Schutz.<\/li>\n \t<li>Bio-St\u00e4rkung.<\/li>\n<\/ul>","features_content":"","usage_content":"<ul>\n \t<li>Gefl\u00fcgel: 300g-500g\/Tonne Futter<\/li>\n \t<li>Schweine: 500g-1kg\/Tonne Futter<\/li>\n<\/ul>","benfits":"","mixing_rate_content":"","target_species":[{"svg_icon":32425,"species_name":"Gefl\u00fcgelzucht"},{"svg_icon":32427,"species_name":"Schwein"}],"continent":[],"faqs":null,"certifications":null},"_links":{"self":[{"href":"https:\/\/www.naturalremedy.com\/de\/wp-json\/wp\/v2\/product\/32420","targetHints":{"allow":["GET"]}}],"collection":[{"href":"https:\/\/www.naturalremedy.com\/de\/wp-json\/wp\/v2\/product"}],"about":[{"href":"https:\/\/www.naturalremedy.com\/de\/wp-json\/wp\/v2\/types\/product"}],"replies":[{"embeddable":true,"href":"https:\/\/www.naturalremedy.com\/de\/wp-json\/wp\/v2\/comments?post=32420"}],"version-history":[{"count":1,"href":"https:\/\/www.naturalremedy.com\/de\/wp-json\/wp\/v2\/product\/32420\/revisions"}],"predecessor-version":[{"id":75173,"href":"https:\/\/www.naturalremedy.com\/de\/wp-json\/wp\/v2\/product\/32420\/revisions\/75173"}],"wp:featuredmedia":[{"embeddable":true,"href":"https:\/\/www.naturalremedy.com\/de\/wp-json\/wp\/v2\/media\/32402"}],"wp:attachment":[{"href":"https:\/\/www.naturalremedy.com\/de\/wp-json\/wp\/v2\/media?parent=32420"}],"wp:term":[{"taxonomy":"product_brand","embeddable":true,"href":"https:\/\/www.naturalremedy.com\/de\/wp-json\/wp\/v2\/product_brand?post=32420"},{"taxonomy":"product_cat","embeddable":true,"href":"https:\/\/www.naturalremedy.com\/de\/wp-json\/wp\/v2\/product_cat?post=32420"},{"taxonomy":"product_tag","embeddable":true,"href":"https:\/\/www.naturalremedy.com\/de\/wp-json\/wp\/v2\/product_tag?post=32420"}],"curies":[{"name":"wp","href":"https:\/\/api.w.org\/{rel}","templated":true}]}}