{"id":29225,"date":"2025-08-26T09:06:28","date_gmt":"2025-08-26T09:06:28","guid":{"rendered":"https:\/\/naturalremedy.com\/aviso-legal\/"},"modified":"2026-03-13T05:53:06","modified_gmt":"2026-03-13T05:53:06","slug":"disclaimer","status":"publish","type":"page","link":"https:\/\/www.naturalremedy.com\/es\/disclaimer\/","title":{"rendered":"Disclaimer"},"content":{"rendered":"\t\t<div data-elementor-type=\"wp-page\" data-elementor-id=\"29225\" class=\"elementor elementor-29225 elementor-23042\" data-elementor-post-type=\"page\">\n\t\t\t\t<div class=\"elementor-element elementor-element-0c58aa1 e-flex e-con-boxed e-con e-parent\" data-id=\"0c58aa1\" data-element_type=\"container\" data-e-type=\"container\" data-settings=\"{&quot;background_background&quot;:&quot;classic&quot;}\">\n\t\t\t\t\t<div class=\"e-con-inner\">\n\t\t\t\t<div class=\"elementor-element elementor-element-e640fbb elementor-widget elementor-widget-heading\" data-id=\"e640fbb\" data-element_type=\"widget\" data-e-type=\"widget\" data-widget_type=\"heading.default\">\n\t\t\t\t\t<h1 class=\"elementor-heading-title elementor-size-default\">Disclaimer<\/h1>\t\t\t\t<\/div>\n\t\t\t\t<div class=\"elementor-element elementor-element-79b0b44 elementor-widget elementor-widget-text-editor\" data-id=\"79b0b44\" data-element_type=\"widget\" data-e-type=\"widget\" data-widget_type=\"text-editor.default\">\n\t\t\t\t\t\t\t\t\t<p><strong>Informaci\u00f3n general:<\/strong><\/p><p class=\"sec-desc\">Este es el sitio web oficial de Natural Remedies Private Limited. Todos los contenidos de este sitio son solo para informaci\u00f3n general o uso. <\/p><p><strong>Precisi\u00f3n de la informaci\u00f3n:<\/strong><\/p><p class=\"sec-desc\">No se hacen representaciones, garant\u00edas ni avales de ning\u00fan tipo en cuanto a la precisi\u00f3n, adecuaci\u00f3n, fiabilidad, integridad, idoneidad o aplicabilidad de la informaci\u00f3n a una situaci\u00f3n particular.<\/p><p><strong>Navegaci\u00f3n por el sitio:<\/strong><\/p><p class=\"sec-desc\">Cualquier material\/contenido descargado u obtenido de otro modo mediante el uso del sitio se realiza bajo su propia discreci\u00f3n y riesgo. Aunque tomamos todas las precauciones y cuidados contra los virus en el contenido presente o enviado a trav\u00e9s del sitio web, nosotros y\/o nuestros asociados y afiliados no garantizamos que este sitio, sus servidores o cualquier correo enviado desde nosotros no contengan virus o componentes da\u00f1inos. Si se causa alg\u00fan da\u00f1o a su sistema inform\u00e1tico y se producen p\u00e9rdidas, Natural Remedies Private Limited no ser\u00e1 responsable. Usted ser\u00e1 el \u00fanico responsable de cualquier da\u00f1o a su sistema inform\u00e1tico o p\u00e9rdida de datos o cualquier otro da\u00f1o que resulte del uso de dicho material.   <\/p><p><strong>Derechos de autor y marcas comerciales:<\/strong><\/p><p class=\"sec-desc\">A menos que se indique lo contrario, los derechos de autor y todos los derechos de propiedad intelectual de todo el material presentado en el sitio (incluidos, entre otros, texto, audio, v\u00eddeo o im\u00e1genes gr\u00e1ficas), las marcas comerciales y los logotipos que aparecen en este sitio son propiedad de Natural Remedies Private Limited, sus filiales y asociados, y est\u00e1n protegidos por las leyes indias aplicables.<\/p><p><strong>Remedios:<\/strong><\/p><p class=\"sec-desc\">Los remedios que se dan en el sitio se basan en los usos terap\u00e9uticos de las hierbas culinarias. Estos se pueden tomar para dolencias menores, pero de ninguna manera sustituyen el diagn\u00f3stico de un m\u00e9dico. Si el problema persiste, consulte a un m\u00e9dico de inmediato. Aunque estos remedios son generalmente seguros para el p\u00fablico y por lo general no tienen efectos secundarios, Natural Remedies Private Limited aconseja que estos se practiquen \/ tomen a la sola discreci\u00f3n del usuario.   <\/p>\t\t\t\t\t\t\t\t<\/div>\n\t\t\t\t\t<\/div>\n\t\t\t\t<\/div>\n\t\t\t\t<\/div>\n\t\t","protected":false},"excerpt":{"rendered":"<p>Disclaimer Informaci\u00f3n general: Este es el sitio web oficial de Natural Remedies Private Limited. Todos los contenidos de este sitio son solo para informaci\u00f3n general o uso. Precisi\u00f3n de la informaci\u00f3n: No se hacen representaciones, garant\u00edas ni avales de ning\u00fan tipo en cuanto a la precisi\u00f3n, adecuaci\u00f3n, fiabilidad, integridad, idoneidad o aplicabilidad de la informaci\u00f3n [&hellip;]<\/p>\n","protected":false},"author":1,"featured_media":0,"parent":0,"menu_order":0,"comment_status":"closed","ping_status":"closed","template":"","meta":{"_acf_changed":false,"footnotes":""},"class_list":["post-29225","page","type-page","status-publish","hentry"],"acf":[],"_links":{"self":[{"href":"https:\/\/www.naturalremedy.com\/es\/wp-json\/wp\/v2\/pages\/29225","targetHints":{"allow":["GET"]}}],"collection":[{"href":"https:\/\/www.naturalremedy.com\/es\/wp-json\/wp\/v2\/pages"}],"about":[{"href":"https:\/\/www.naturalremedy.com\/es\/wp-json\/wp\/v2\/types\/page"}],"author":[{"embeddable":true,"href":"https:\/\/www.naturalremedy.com\/es\/wp-json\/wp\/v2\/users\/1"}],"replies":[{"embeddable":true,"href":"https:\/\/www.naturalremedy.com\/es\/wp-json\/wp\/v2\/comments?post=29225"}],"version-history":[{"count":7,"href":"https:\/\/www.naturalremedy.com\/es\/wp-json\/wp\/v2\/pages\/29225\/revisions"}],"predecessor-version":[{"id":130614,"href":"https:\/\/www.naturalremedy.com\/es\/wp-json\/wp\/v2\/pages\/29225\/revisions\/130614"}],"wp:attachment":[{"href":"https:\/\/www.naturalremedy.com\/es\/wp-json\/wp\/v2\/media?parent=29225"}],"curies":[{"name":"wp","href":"https:\/\/api.w.org\/{rel}","templated":true}]}}