{"id":137816,"date":"2026-05-15T05:26:48","date_gmt":"2026-05-15T05:26:48","guid":{"rendered":"https:\/\/www.naturalremedy.com\/?post_type=product&#038;p=137816"},"modified":"2026-05-15T05:26:49","modified_gmt":"2026-05-15T05:26:49","slug":"easygrow-%e1%b5%80%e1%b4%b9","status":"publish","type":"product","link":"https:\/\/www.naturalremedy.com\/es\/product\/easygrow-%E1%B5%80%E1%B4%B9\/","title":{"rendered":"Easygrow \u1d40\u1d39"},"content":{"rendered":"","protected":false},"excerpt":{"rendered":"","protected":false},"featured_media":137817,"comment_status":"closed","ping_status":"closed","template":"","meta":{"_acf_changed":false},"product_brand":[],"product_cat":[112,119,113],"product_tag":[],"class_list":{"0":"post-137816","1":"product","2":"type-product","3":"status-publish","4":"has-post-thumbnail","6":"product_cat-india-monogastrics","7":"product_cat-growth-promoter","8":"product_cat-poultry-care","10":"first","11":"instock","12":"shipping-taxable","13":"product-type-simple"},"acf":{"product_name":"","headline":"Easygrow \u1d40\u1d39: Natural growth promoters in poultry","product_thumbnail":137817,"product_content":"EasyGrow este un amestec unic de vitamine solubile \u00een gr\u0103simi, vitamine solubile \u00een ap\u0103, fitoconstituen\u021bi, inozitol, aminoacizi esen\u021biali \u0219i hidrolizat de protein\u0103 din lapte pentru a stimula dezvoltarea sistemelor digestiv \u0219i imunitar ale puilor.\r\n\r\nBeneficiile utiliz\u0103rii EasyGrow sunt urm\u0103toarele:\r\n\u00cembun\u0103t\u0103\u021be\u0219te supravie\u021buirea puilor.\r\n\u00cembun\u0103t\u0103\u021be\u0219te imunitatea puiilor.\r\nAjut\u0103 la ob\u021binerea unei cre\u0219teri mai bune a greut\u0103\u021bii corporale \u0219i a FCR.\r\nUniformitate mai bun\u0103 a stolului.\r\nNutri\u021bia timpurie a puiilor \u0219i controlul stresului.\r\nPentru a restabili echilibrul nutri\u021bional \u00een condi\u021bii stresante, cum ar fi produc\u021bia de v\u00e2rf, vaccinarea, bolile (tratament de sus\u021binere), transportul, ciocul \u0219i naparlirea.eaking &amp; moulting.","availability_in":[{"available":"1 ltr"}],"product_video_text":"","product_video":"","usp_content":"<ul>\r\n \t<li>Aminoacizi hidroliza\u021bi din lapte pentru o digestie u\u0219oar\u0103.<\/li>\r\n \t<li>Tehnologia de Solubilizare \u00cembun\u0103t\u0103\u021bit\u0103 (EST).<\/li>\r\n \t<li>Stabilitate dovedit\u0103 \u00een apa potabil\u0103.<\/li>\r\n \t<li>Amestec perfect de micronutrien\u021bi.<\/li>\r\n<\/ul>","features_content":"","usage_content":"<ul>\r\n \t<li>Pollos, Inicio, Crecimiento, Finalizaci\u00f3n\/Ponedoras\/Reproductoras: 1 ml por litro de agua de bebida durante 5-7 d\u00edas al mes.\r\n<ul>\r\n \t<li>Condiciones espec\u00edficas o tratamientos de apoyo: 2 ml por litro de agua potable durante 5-7 d\u00edas o seg\u00fan lo recomendado por el veterinario.<\/li>\r\n<\/ul>\r\n<\/li>\r\n<\/ul>","benfits":"","mixing_rate_content":"","target_species":null,"continent":[],"faqs":null,"certifications":null},"_links":{"self":[{"href":"https:\/\/www.naturalremedy.com\/es\/wp-json\/wp\/v2\/product\/137816","targetHints":{"allow":["GET"]}}],"collection":[{"href":"https:\/\/www.naturalremedy.com\/es\/wp-json\/wp\/v2\/product"}],"about":[{"href":"https:\/\/www.naturalremedy.com\/es\/wp-json\/wp\/v2\/types\/product"}],"replies":[{"embeddable":true,"href":"https:\/\/www.naturalremedy.com\/es\/wp-json\/wp\/v2\/comments?post=137816"}],"version-history":[{"count":1,"href":"https:\/\/www.naturalremedy.com\/es\/wp-json\/wp\/v2\/product\/137816\/revisions"}],"predecessor-version":[{"id":137818,"href":"https:\/\/www.naturalremedy.com\/es\/wp-json\/wp\/v2\/product\/137816\/revisions\/137818"}],"wp:featuredmedia":[{"embeddable":true,"href":"https:\/\/www.naturalremedy.com\/es\/wp-json\/wp\/v2\/media\/137817"}],"wp:attachment":[{"href":"https:\/\/www.naturalremedy.com\/es\/wp-json\/wp\/v2\/media?parent=137816"}],"wp:term":[{"taxonomy":"product_brand","embeddable":true,"href":"https:\/\/www.naturalremedy.com\/es\/wp-json\/wp\/v2\/product_brand?post=137816"},{"taxonomy":"product_cat","embeddable":true,"href":"https:\/\/www.naturalremedy.com\/es\/wp-json\/wp\/v2\/product_cat?post=137816"},{"taxonomy":"product_tag","embeddable":true,"href":"https:\/\/www.naturalremedy.com\/es\/wp-json\/wp\/v2\/product_tag?post=137816"}],"curies":[{"name":"wp","href":"https:\/\/api.w.org\/{rel}","templated":true}]}}