{"id":32132,"date":"2024-10-29T12:50:39","date_gmt":"2024-10-29T12:50:39","guid":{"rendered":"https:\/\/naturalremedy.com\/product\/zigbir-3\/"},"modified":"2025-12-04T09:47:11","modified_gmt":"2025-12-04T09:47:11","slug":"poultry-zigbir","status":"publish","type":"product","link":"https:\/\/www.naturalremedy.com\/es\/monogastrics-poultry\/liver-health\/poultry-zigbir\/","title":{"rendered":"Zigbir"},"content":{"rendered":"<p>ZIGBIR es un suplemento hep\u00e1tico natural para aves de corral basado en la investigaci\u00f3n, dise\u00f1ado para optimizar la salud del h\u00edgado y el intestino y restaurar sus funciones normales. ZIGBIR es un Polvo Bot\u00e1nico Estandarizado (NRSBP) que contiene fitoqu\u00edmicos activos como andrografolida, filantina, flavonoides y alcaloides. <\/p>\n","protected":false},"excerpt":{"rendered":"<p>ZIGBIR es un suplemento hep\u00e1tico natural para aves de corral basado en la investigaci\u00f3n, dise\u00f1ado para optimizar la salud del h\u00edgado y el intestino y restaurar sus funciones normales. ZIGBIR es un Polvo Bot\u00e1nico Estandarizado (NRSBP) que contiene fitoqu\u00edmicos activos como andrografolida, filantina, flavonoides y alcaloides.<\/p>\n","protected":false},"featured_media":32143,"comment_status":"open","ping_status":"closed","template":"","meta":{"_acf_changed":false},"product_brand":[],"product_cat":[80,193,87,127,81,82],"product_tag":[],"class_list":{"0":"post-32132","1":"product","2":"type-product","3":"status-publish","4":"has-post-thumbnail","6":"product_cat-international","7":"product_cat-international-poultry","8":"product_cat-liver-health-poultry-care-international","9":"product_cat-liver-health-poultry-monogastrics-domestic","10":"product_cat-monogastrics","11":"product_cat-monogastrics-poultry","13":"first","14":"instock","15":"shipping-taxable","16":"product-type-simple"},"acf":{"product_name":"Zigbir","headline":"","product_thumbnail":"","product_content":"ZIGBIR es un suplemento hep\u00e1tico natural para aves de corral basado en la investigaci\u00f3n para optimizar la salud del h\u00edgado y el intestino y restaurar sus funciones normales. ZIGBIR es un Polvo Bot\u00e1nico Estandarizado (NRSBP) que contiene fitoqu\u00edmicos activos como andrografolida, filantina, flavonoides y alcaloides.  ","availability_in":[{"available":"1 litro"},{"available":"Jarras de 5 litros"},{"available":"Bolsa de 25 kg "}],"product_video_text":"","product_video":"","usp_content":"ZIGBIR es una soluci\u00f3n natural para optimizar la salud y las funciones del h\u00edgado y el intestino, y ofrece caracter\u00edsticas y beneficios \u00fanicos.\n<ul>\n \t<li>Bio-secreci\u00f3n.<\/li>\n \t<li>Bio-protecci\u00f3n.<\/li>\n \t<li>Bio-fortalecimiento.<\/li>\n<\/ul>","features_content":"","usage_content":"<ul>\n \t<li>Aves de corral: 300g-500g\/tonelada de pienso<\/li>\n \t<li>Porcinos: 500g-1kg\/tonelada de pienso<\/li>\n<\/ul>","benfits":"","mixing_rate_content":"","target_species":[{"svg_icon":32140,"species_name":"Avicultura"},{"svg_icon":32142,"species_name":"Porcino"}],"continent":[],"faqs":null,"certifications":null},"_links":{"self":[{"href":"https:\/\/www.naturalremedy.com\/es\/wp-json\/wp\/v2\/product\/32132","targetHints":{"allow":["GET"]}}],"collection":[{"href":"https:\/\/www.naturalremedy.com\/es\/wp-json\/wp\/v2\/product"}],"about":[{"href":"https:\/\/www.naturalremedy.com\/es\/wp-json\/wp\/v2\/types\/product"}],"replies":[{"embeddable":true,"href":"https:\/\/www.naturalremedy.com\/es\/wp-json\/wp\/v2\/comments?post=32132"}],"version-history":[{"count":1,"href":"https:\/\/www.naturalremedy.com\/es\/wp-json\/wp\/v2\/product\/32132\/revisions"}],"predecessor-version":[{"id":50195,"href":"https:\/\/www.naturalremedy.com\/es\/wp-json\/wp\/v2\/product\/32132\/revisions\/50195"}],"wp:featuredmedia":[{"embeddable":true,"href":"https:\/\/www.naturalremedy.com\/es\/wp-json\/wp\/v2\/media\/32143"}],"wp:attachment":[{"href":"https:\/\/www.naturalremedy.com\/es\/wp-json\/wp\/v2\/media?parent=32132"}],"wp:term":[{"taxonomy":"product_brand","embeddable":true,"href":"https:\/\/www.naturalremedy.com\/es\/wp-json\/wp\/v2\/product_brand?post=32132"},{"taxonomy":"product_cat","embeddable":true,"href":"https:\/\/www.naturalremedy.com\/es\/wp-json\/wp\/v2\/product_cat?post=32132"},{"taxonomy":"product_tag","embeddable":true,"href":"https:\/\/www.naturalremedy.com\/es\/wp-json\/wp\/v2\/product_tag?post=32132"}],"curies":[{"name":"wp","href":"https:\/\/api.w.org\/{rel}","templated":true}]}}