{"id":32149,"date":"2021-06-19T13:05:04","date_gmt":"2021-06-19T13:05:04","guid":{"rendered":"https:\/\/naturalremedy.com\/product\/poultry-stodi\/"},"modified":"2025-11-19T10:56:44","modified_gmt":"2025-11-19T10:56:44","slug":"poultry-stodi","status":"publish","type":"product","link":"https:\/\/www.naturalremedy.com\/es\/monogastrics-poultry\/diarrhoea-management-and-gut-health\/poultry-stodi\/","title":{"rendered":"Stodi \u00ae"},"content":{"rendered":"","protected":false},"excerpt":{"rendered":"","protected":false},"featured_media":32153,"comment_status":"open","ping_status":"closed","template":"","meta":{"_acf_changed":false},"product_brand":[],"product_cat":[202,86,80,193,81,82],"product_tag":[],"class_list":{"0":"post-32149","1":"product","2":"type-product","3":"status-publish","4":"has-post-thumbnail","6":"product_cat-diarrhoea-management-and-gut-health","8":"product_cat-international","9":"product_cat-international-poultry","10":"product_cat-monogastrics","11":"product_cat-monogastrics-poultry","13":"first","14":"instock","15":"shipping-taxable","16":"product-type-simple"},"acf":{"product_name":"Stodi","headline":"","product_thumbnail":32152,"product_content":"<h1 class=\"p-tab-title text-center-mb m-0\"><span dir=\"auto\">\n  <span class=\"VIpgJd-yAWNEb-VIpgJd-fmcmS-sn54Q\" dir=\"auto\">Stodi <\/span>\n<\/span><sup>\n  <span dir=\"auto\">\n    <span class=\"VIpgJd-yAWNEb-VIpgJd-fmcmS-sn54Q\" dir=\"auto\">\u00ae<\/span>\n  <\/span>\n<\/sup><span dir=\"auto\">\n  <span class=\"VIpgJd-yAWNEb-VIpgJd-fmcmS-sn54Q\" dir=\"auto\"> para aves - Salud intestinal y tratamiento de la diarrea<\/span>\n<\/span><\/h1>\n<span dir=\"auto\">Stodi es una combinaci\u00f3n sin\u00e9rgica de fitoqu\u00edmicos como andrografolida, punicalaginas, elagitaninos y polifenoles de hierbas seleccionadas. Los fitoactivos garantizan el control de heces blandas en aves y de la diarrea de origen conocido y desconocido cuando se utilizan de forma preventiva, y ayudan en la recuperaci\u00f3n cuando se usan junto con otros aditivos alimentarios durante el tratamiento. <\/span>\n\n<span dir=\"auto\">Ayuda a restaurar el equilibrio intestinal y garantiza una productividad \u00f3ptima.<\/span>","availability_in":[{"available":"Sacos de 25 kg"},{"available":"Saco de 500 kg"}],"product_video_text":"","product_video":"","usp_content":"<ul>\n \t<li><span dir=\"auto\">Normaliza el peristaltismo intestinal.<\/span><\/li>\n \t<li><span dir=\"auto\">Aumenta la integridad intestinal.<\/span><\/li>\n \t<li><span dir=\"auto\">Mejora la inmunidad intestinal.<\/span><\/li>\n \t<li><span dir=\"auto\">Mejora el microbioma intestinal.<\/span><\/li>\n \t<li><span dir=\"auto\">Ayuda a reducir la producci\u00f3n de amon\u00edaco.<\/span><\/li>\n<\/ul>","features_content":"","usage_content":"","benfits":"","mixing_rate_content":"","target_species":[{"svg_icon":32140,"species_name":""},{"svg_icon":32142,"species_name":""}],"continent":["South East Asia","East Asia","Middle East","Europe","Latin American","South American"],"faqs":null,"certifications":[{"certificate_image":92976},{"certificate_image":92969},{"certificate_image":92968}]},"_links":{"self":[{"href":"https:\/\/www.naturalremedy.com\/es\/wp-json\/wp\/v2\/product\/32149","targetHints":{"allow":["GET"]}}],"collection":[{"href":"https:\/\/www.naturalremedy.com\/es\/wp-json\/wp\/v2\/product"}],"about":[{"href":"https:\/\/www.naturalremedy.com\/es\/wp-json\/wp\/v2\/types\/product"}],"replies":[{"embeddable":true,"href":"https:\/\/www.naturalremedy.com\/es\/wp-json\/wp\/v2\/comments?post=32149"}],"version-history":[{"count":1,"href":"https:\/\/www.naturalremedy.com\/es\/wp-json\/wp\/v2\/product\/32149\/revisions"}],"predecessor-version":[{"id":75240,"href":"https:\/\/www.naturalremedy.com\/es\/wp-json\/wp\/v2\/product\/32149\/revisions\/75240"}],"wp:featuredmedia":[{"embeddable":true,"href":"https:\/\/www.naturalremedy.com\/es\/wp-json\/wp\/v2\/media\/32153"}],"wp:attachment":[{"href":"https:\/\/www.naturalremedy.com\/es\/wp-json\/wp\/v2\/media?parent=32149"}],"wp:term":[{"taxonomy":"product_brand","embeddable":true,"href":"https:\/\/www.naturalremedy.com\/es\/wp-json\/wp\/v2\/product_brand?post=32149"},{"taxonomy":"product_cat","embeddable":true,"href":"https:\/\/www.naturalremedy.com\/es\/wp-json\/wp\/v2\/product_cat?post=32149"},{"taxonomy":"product_tag","embeddable":true,"href":"https:\/\/www.naturalremedy.com\/es\/wp-json\/wp\/v2\/product_tag?post=32149"}],"curies":[{"name":"wp","href":"https:\/\/api.w.org\/{rel}","templated":true}]}}