{"id":130940,"date":"2025-09-24T04:25:18","date_gmt":"2025-09-24T04:25:18","guid":{"rendered":"https:\/\/www.naturalremedy.com\/animal-health-care-blogs\/"},"modified":"2026-03-13T08:38:15","modified_gmt":"2026-03-13T08:38:15","slug":"animal-health-care-blogs","status":"publish","type":"page","link":"https:\/\/www.naturalremedy.com\/fr\/animal-health-care-blogs\/","title":{"rendered":"Blogs"},"content":{"rendered":"\t\t<div data-elementor-type=\"wp-page\" data-elementor-id=\"130940\" class=\"elementor elementor-130940 elementor-30685\" data-elementor-post-type=\"page\">\n\t\t\t\t<div class=\"elementor-element elementor-element-bb2d1e3 e-flex e-con-boxed e-con e-parent\" data-id=\"bb2d1e3\" data-element_type=\"container\" data-e-type=\"container\" data-settings=\"{&quot;background_background&quot;:&quot;classic&quot;}\">\n\t\t\t\t\t<div class=\"e-con-inner\">\n\t\t\t\t\t<\/div>\n\t\t\t\t<\/div>\n\t\t<div class=\"elementor-element elementor-element-f57539f e-flex e-con-boxed e-con e-parent\" data-id=\"f57539f\" data-element_type=\"container\" data-e-type=\"container\">\n\t\t\t\t\t<div class=\"e-con-inner\">\n\t\t\t\t<div class=\"elementor-element elementor-element-6eefba0 elementor-widget elementor-widget-heading\" data-id=\"6eefba0\" data-element_type=\"widget\" data-e-type=\"widget\" data-widget_type=\"heading.default\">\n\t\t\t\t\t<h1 class=\"elementor-heading-title elementor-size-default\">Blogs<\/h1>\t\t\t\t<\/div>\n\t\t\t\t<div class=\"elementor-element elementor-element-c2d69c9 elementor-grid-3 elementor-grid-tablet-2 elementor-grid-mobile-1 elementor-posts--thumbnail-top elementor-widget elementor-widget-posts\" data-id=\"c2d69c9\" data-element_type=\"widget\" data-e-type=\"widget\" data-settings=\"{&quot;pagination_type&quot;:&quot;prev_next&quot;,&quot;classic_columns&quot;:&quot;3&quot;,&quot;classic_columns_tablet&quot;:&quot;2&quot;,&quot;classic_columns_mobile&quot;:&quot;1&quot;,&quot;classic_row_gap&quot;:{&quot;unit&quot;:&quot;px&quot;,&quot;size&quot;:35,&quot;sizes&quot;:[]},&quot;classic_row_gap_tablet&quot;:{&quot;unit&quot;:&quot;px&quot;,&quot;size&quot;:&quot;&quot;,&quot;sizes&quot;:[]},&quot;classic_row_gap_mobile&quot;:{&quot;unit&quot;:&quot;px&quot;,&quot;size&quot;:&quot;&quot;,&quot;sizes&quot;:[]}}\" data-widget_type=\"posts.classic\">\n\t\t\t\t<div class=\"elementor-widget-container\">\n\t\t\t\t\t\t\t<div class=\"elementor-posts-container elementor-posts elementor-posts--skin-classic elementor-grid\" role=\"list\">\n\t\t\t\t<article class=\"elementor-post elementor-grid-item post-131210 post type-post status-publish format-standard has-post-thumbnail hentry\" role=\"listitem\">\n\t\t\t\t<a class=\"elementor-post__thumbnail__link\" href=\"https:\/\/www.naturalremedy.com\/fr\/how-natural-remediespeople-first-mindset-won-it-the-happiest-places-to-work-certification-thrice\/\" tabindex=\"-1\" >\n\t\t\t<div class=\"elementor-post__thumbnail\"><img fetchpriority=\"high\" decoding=\"async\" width=\"700\" height=\"500\" src=\"https:\/\/www.naturalremedy.com\/wp-content\/uploads\/2025\/10\/Natural-Remedies-1.png\" class=\"attachment-full size-full wp-image-131241\" alt=\"\" srcset=\"https:\/\/www.naturalremedy.com\/wp-content\/uploads\/2025\/10\/Natural-Remedies-1.png 700w, https:\/\/www.naturalremedy.com\/wp-content\/uploads\/2025\/10\/Natural-Remedies-1-300x214.png 300w, https:\/\/www.naturalremedy.com\/wp-content\/uploads\/2025\/10\/Natural-Remedies-1-600x429.png 600w, https:\/\/www.naturalremedy.com\/wp-content\/uploads\/2025\/10\/Natural-Remedies-1-64x46.png 64w\" sizes=\"(max-width: 700px) 100vw, 700px\" \/><\/div>\n\t\t<\/a>\n\t\t\t\t<div class=\"elementor-post__text\">\n\t\t\t\t<h3 class=\"elementor-post__title\">\n\t\t\t<a href=\"https:\/\/www.naturalremedy.com\/fr\/how-natural-remediespeople-first-mindset-won-it-the-happiest-places-to-work-certification-thrice\/\" >\n\t\t\t\tComment la mentalit\u00e9 ax\u00e9e sur l\u2019humain de Natural Remedies lui a permis de remporter trois fois la certification Happiest Places to Work\u00ae\t\t\t<\/a>\n\t\t<\/h3>\n\t\t\t\t<div class=\"elementor-post__meta-data\">\n\t\t\t\t\t<span class=\"elementor-post-date\">\n\t\t\toctobre 8, 2025\t\t<\/span>\n\t\t\t\t<\/div>\n\t\t\n\t\t<a class=\"elementor-post__read-more\" href=\"https:\/\/www.naturalremedy.com\/fr\/how-natural-remediespeople-first-mindset-won-it-the-happiest-places-to-work-certification-thrice\/\" aria-label=\"En savoir plus sur Comment la mentalit\u00e9 ax\u00e9e sur l\u2019humain de Natural Remedies lui a permis de remporter trois fois la certification Happiest Places to Work\u00ae\" tabindex=\"-1\" >\n\t\t\tEn savoir plus \u00bb\t\t<\/a>\n\n\t\t\t\t<\/div>\n\t\t\t\t<\/article>\n\t\t\t\t<article class=\"elementor-post elementor-grid-item post-131223 post type-post status-publish format-standard hentry category-poultry-care\" role=\"listitem\">\n\t\t\t\t<div class=\"elementor-post__text\">\n\t\t\t\t<h3 class=\"elementor-post__title\">\n\t\t\t<a href=\"https:\/\/www.naturalremedy.com\/fr\/cold-stress-in-poultry\/\" >\n\t\t\t\tLe stress li\u00e9 au froid chez les volailles\t\t\t<\/a>\n\t\t<\/h3>\n\t\t\t\t<div class=\"elementor-post__meta-data\">\n\t\t\t\t\t<span class=\"elementor-post-date\">\n\t\t\tao\u00fbt 29, 2025\t\t<\/span>\n\t\t\t\t<\/div>\n\t\t\n\t\t<a class=\"elementor-post__read-more\" href=\"https:\/\/www.naturalremedy.com\/fr\/cold-stress-in-poultry\/\" aria-label=\"En savoir plus sur Le stress li\u00e9 au froid chez les volailles\" tabindex=\"-1\" >\n\t\t\tEn savoir plus \u00bb\t\t<\/a>\n\n\t\t\t\t<\/div>\n\t\t\t\t<\/article>\n\t\t\t\t<article class=\"elementor-post elementor-grid-item post-131261 post type-post status-publish format-standard hentry category-blogs category-poultry-care\" role=\"listitem\">\n\t\t\t\t<div class=\"elementor-post__text\">\n\t\t\t\t<h3 class=\"elementor-post__title\">\n\t\t\t<a href=\"https:\/\/www.naturalremedy.com\/fr\/optimizing-poultry-nutrition-the-role-of-choline-supplementation\/\" >\n\t\t\t\tOptimiser la nutrition avicole : le r\u00f4le de la suppl\u00e9mentation en choline\t\t\t<\/a>\n\t\t<\/h3>\n\t\t\t\t<div class=\"elementor-post__meta-data\">\n\t\t\t\t\t<span class=\"elementor-post-date\">\n\t\t\tao\u00fbt 17, 2025\t\t<\/span>\n\t\t\t\t<\/div>\n\t\t\n\t\t<a class=\"elementor-post__read-more\" href=\"https:\/\/www.naturalremedy.com\/fr\/optimizing-poultry-nutrition-the-role-of-choline-supplementation\/\" aria-label=\"En savoir plus sur Optimiser la nutrition avicole : le r\u00f4le de la suppl\u00e9mentation en choline\" tabindex=\"-1\" >\n\t\t\tEn savoir plus \u00bb\t\t<\/a>\n\n\t\t\t\t<\/div>\n\t\t\t\t<\/article>\n\t\t\t\t<article class=\"elementor-post elementor-grid-item post-131252 post type-post status-publish format-standard has-post-thumbnail hentry category-poultry-care\" role=\"listitem\">\n\t\t\t\t<a class=\"elementor-post__thumbnail__link\" href=\"https:\/\/www.naturalremedy.com\/fr\/loose-droppings-in-poultry-causes-treatment\/\" tabindex=\"-1\" >\n\t\t\t<div class=\"elementor-post__thumbnail\"><img decoding=\"async\" width=\"2048\" height=\"895\" src=\"https:\/\/www.naturalremedy.com\/wp-content\/uploads\/2025\/01\/Loose-Droppings-in-Poultry.webp\" class=\"attachment-full size-full wp-image-131253\" alt=\"Fientes liquides chez les volailles : causes et traitement\" srcset=\"https:\/\/www.naturalremedy.com\/wp-content\/uploads\/2025\/01\/Loose-Droppings-in-Poultry.webp 2048w, https:\/\/www.naturalremedy.com\/wp-content\/uploads\/2025\/01\/Loose-Droppings-in-Poultry-300x131.webp 300w, https:\/\/www.naturalremedy.com\/wp-content\/uploads\/2025\/01\/Loose-Droppings-in-Poultry-1024x448.webp 1024w, https:\/\/www.naturalremedy.com\/wp-content\/uploads\/2025\/01\/Loose-Droppings-in-Poultry-768x336.webp 768w, https:\/\/www.naturalremedy.com\/wp-content\/uploads\/2025\/01\/Loose-Droppings-in-Poultry-1536x671.webp 1536w, https:\/\/www.naturalremedy.com\/wp-content\/uploads\/2025\/01\/Loose-Droppings-in-Poultry-600x262.webp 600w\" sizes=\"(max-width: 2048px) 100vw, 2048px\" \/><\/div>\n\t\t<\/a>\n\t\t\t\t<div class=\"elementor-post__text\">\n\t\t\t\t<h3 class=\"elementor-post__title\">\n\t\t\t<a href=\"https:\/\/www.naturalremedy.com\/fr\/loose-droppings-in-poultry-causes-treatment\/\" >\n\t\t\t\tFientes liquides chez les volailles : causes et traitement\t\t\t<\/a>\n\t\t<\/h3>\n\t\t\t\t<div class=\"elementor-post__meta-data\">\n\t\t\t\t\t<span class=\"elementor-post-date\">\n\t\t\tjanvier 21, 2025\t\t<\/span>\n\t\t\t\t<\/div>\n\t\t\n\t\t<a class=\"elementor-post__read-more\" href=\"https:\/\/www.naturalremedy.com\/fr\/loose-droppings-in-poultry-causes-treatment\/\" aria-label=\"En savoir plus sur Fientes liquides chez les volailles : causes et traitement\" tabindex=\"-1\" >\n\t\t\tEn savoir plus \u00bb\t\t<\/a>\n\n\t\t\t\t<\/div>\n\t\t\t\t<\/article>\n\t\t\t\t<article class=\"elementor-post elementor-grid-item post-131258 post type-post status-publish format-standard has-post-thumbnail hentry category-blogs category-poultry-care\" role=\"listitem\">\n\t\t\t\t<a class=\"elementor-post__thumbnail__link\" href=\"https:\/\/www.naturalremedy.com\/fr\/deep-litter-system-in-poultry-advantages-disadvantages\/\" tabindex=\"-1\" >\n\t\t\t<div class=\"elementor-post__thumbnail\"><img decoding=\"async\" width=\"1600\" height=\"1066\" src=\"https:\/\/www.naturalremedy.com\/wp-content\/uploads\/2024\/11\/Deep-Litter-System-In-Poultry-Advantages-Disadvantages.webp\" class=\"attachment-full size-full wp-image-131259\" alt=\"Syst\u00e8me de liti\u00e8re profonde en aviculture : avantages et inconv\u00e9nients\" srcset=\"https:\/\/www.naturalremedy.com\/wp-content\/uploads\/2024\/11\/Deep-Litter-System-In-Poultry-Advantages-Disadvantages.webp 1600w, https:\/\/www.naturalremedy.com\/wp-content\/uploads\/2024\/11\/Deep-Litter-System-In-Poultry-Advantages-Disadvantages-300x200.webp 300w, https:\/\/www.naturalremedy.com\/wp-content\/uploads\/2024\/11\/Deep-Litter-System-In-Poultry-Advantages-Disadvantages-1024x682.webp 1024w, https:\/\/www.naturalremedy.com\/wp-content\/uploads\/2024\/11\/Deep-Litter-System-In-Poultry-Advantages-Disadvantages-768x512.webp 768w, https:\/\/www.naturalremedy.com\/wp-content\/uploads\/2024\/11\/Deep-Litter-System-In-Poultry-Advantages-Disadvantages-1536x1023.webp 1536w, https:\/\/www.naturalremedy.com\/wp-content\/uploads\/2024\/11\/Deep-Litter-System-In-Poultry-Advantages-Disadvantages-600x400.webp 600w\" sizes=\"(max-width: 1600px) 100vw, 1600px\" \/><\/div>\n\t\t<\/a>\n\t\t\t\t<div class=\"elementor-post__text\">\n\t\t\t\t<h3 class=\"elementor-post__title\">\n\t\t\t<a href=\"https:\/\/www.naturalremedy.com\/fr\/deep-litter-system-in-poultry-advantages-disadvantages\/\" >\n\t\t\t\tSyst\u00e8me de liti\u00e8re profonde en aviculture : avantages et inconv\u00e9nients\t\t\t<\/a>\n\t\t<\/h3>\n\t\t\t\t<div class=\"elementor-post__meta-data\">\n\t\t\t\t\t<span class=\"elementor-post-date\">\n\t\t\tnovembre 29, 2024\t\t<\/span>\n\t\t\t\t<\/div>\n\t\t\n\t\t<a class=\"elementor-post__read-more\" href=\"https:\/\/www.naturalremedy.com\/fr\/deep-litter-system-in-poultry-advantages-disadvantages\/\" aria-label=\"En savoir plus sur Syst\u00e8me de liti\u00e8re profonde en aviculture : avantages et inconv\u00e9nients\" tabindex=\"-1\" >\n\t\t\tEn savoir plus \u00bb\t\t<\/a>\n\n\t\t\t\t<\/div>\n\t\t\t\t<\/article>\n\t\t\t\t<article class=\"elementor-post elementor-grid-item post-131250 post type-post status-publish format-standard hentry category-uncategorized\" role=\"listitem\">\n\t\t\t\t<div class=\"elementor-post__text\">\n\t\t\t\t<h3 class=\"elementor-post__title\">\n\t\t\t<a href=\"https:\/\/www.naturalremedy.com\/fr\/importance-of-weaning-in-pigs\/\" >\n\t\t\t\tImportance du sevrage chez les porcs\t\t\t<\/a>\n\t\t<\/h3>\n\t\t\t\t<div class=\"elementor-post__meta-data\">\n\t\t\t\t\t<span class=\"elementor-post-date\">\n\t\t\tseptembre 30, 2024\t\t<\/span>\n\t\t\t\t<\/div>\n\t\t\n\t\t<a class=\"elementor-post__read-more\" href=\"https:\/\/www.naturalremedy.com\/fr\/importance-of-weaning-in-pigs\/\" aria-label=\"En savoir plus sur Importance du sevrage chez les porcs\" tabindex=\"-1\" >\n\t\t\tEn savoir plus \u00bb\t\t<\/a>\n\n\t\t\t\t<\/div>\n\t\t\t\t<\/article>\n\t\t\t\t<article class=\"elementor-post elementor-grid-item post-131244 post type-post status-publish format-standard has-post-thumbnail hentry category-animal-healthcare\" role=\"listitem\">\n\t\t\t\t<a class=\"elementor-post__thumbnail__link\" href=\"https:\/\/www.naturalremedy.com\/fr\/phytogenics-sustainable-solutions-for-animal-health\/\" tabindex=\"-1\" >\n\t\t\t<div class=\"elementor-post__thumbnail\"><img loading=\"lazy\" decoding=\"async\" width=\"1792\" height=\"1024\" src=\"https:\/\/www.naturalremedy.com\/wp-content\/uploads\/2024\/08\/Phytogenics-1.jpg\" class=\"attachment-full size-full wp-image-131246\" alt=\"Phytog\u00e9niques : des solutions durables pour la sant\u00e9 animale\" srcset=\"https:\/\/www.naturalremedy.com\/wp-content\/uploads\/2024\/08\/Phytogenics-1.jpg 1792w, https:\/\/www.naturalremedy.com\/wp-content\/uploads\/2024\/08\/Phytogenics-1-600x343.jpg 600w, https:\/\/www.naturalremedy.com\/wp-content\/uploads\/2024\/08\/Phytogenics-1-300x171.jpg 300w, https:\/\/www.naturalremedy.com\/wp-content\/uploads\/2024\/08\/Phytogenics-1-1024x585.jpg 1024w, https:\/\/www.naturalremedy.com\/wp-content\/uploads\/2024\/08\/Phytogenics-1-768x439.jpg 768w, https:\/\/www.naturalremedy.com\/wp-content\/uploads\/2024\/08\/Phytogenics-1-1536x878.jpg 1536w\" sizes=\"(max-width: 1792px) 100vw, 1792px\" \/><\/div>\n\t\t<\/a>\n\t\t\t\t<div class=\"elementor-post__text\">\n\t\t\t\t<h3 class=\"elementor-post__title\">\n\t\t\t<a href=\"https:\/\/www.naturalremedy.com\/fr\/phytogenics-sustainable-solutions-for-animal-health\/\" >\n\t\t\t\tPhytog\u00e9niques : des solutions durables pour la sant\u00e9 animale\t\t\t<\/a>\n\t\t<\/h3>\n\t\t\t\t<div class=\"elementor-post__meta-data\">\n\t\t\t\t\t<span class=\"elementor-post-date\">\n\t\t\tao\u00fbt 23, 2024\t\t<\/span>\n\t\t\t\t<\/div>\n\t\t\n\t\t<a class=\"elementor-post__read-more\" href=\"https:\/\/www.naturalremedy.com\/fr\/phytogenics-sustainable-solutions-for-animal-health\/\" aria-label=\"En savoir plus sur Phytog\u00e9niques : des solutions durables pour la sant\u00e9 animale\" tabindex=\"-1\" >\n\t\t\tEn savoir plus \u00bb\t\t<\/a>\n\n\t\t\t\t<\/div>\n\t\t\t\t<\/article>\n\t\t\t\t<\/div>\n\t\t\n\t\t\t\t\t\t<\/div>\n\t\t\t\t<\/div>\n\t\t\t\t\t<\/div>\n\t\t\t\t<\/div>\n\t\t\t\t<\/div>\n\t\t","protected":false},"excerpt":{"rendered":"<p>Blogs<\/p>\n","protected":false},"author":1,"featured_media":0,"parent":0,"menu_order":0,"comment_status":"closed","ping_status":"closed","template":"","meta":{"_acf_changed":false,"footnotes":""},"class_list":["post-130940","page","type-page","status-publish","hentry"],"acf":[],"_links":{"self":[{"href":"https:\/\/www.naturalremedy.com\/fr\/wp-json\/wp\/v2\/pages\/130940","targetHints":{"allow":["GET"]}}],"collection":[{"href":"https:\/\/www.naturalremedy.com\/fr\/wp-json\/wp\/v2\/pages"}],"about":[{"href":"https:\/\/www.naturalremedy.com\/fr\/wp-json\/wp\/v2\/types\/page"}],"author":[{"embeddable":true,"href":"https:\/\/www.naturalremedy.com\/fr\/wp-json\/wp\/v2\/users\/1"}],"replies":[{"embeddable":true,"href":"https:\/\/www.naturalremedy.com\/fr\/wp-json\/wp\/v2\/comments?post=130940"}],"version-history":[{"count":1,"href":"https:\/\/www.naturalremedy.com\/fr\/wp-json\/wp\/v2\/pages\/130940\/revisions"}],"predecessor-version":[{"id":130945,"href":"https:\/\/www.naturalremedy.com\/fr\/wp-json\/wp\/v2\/pages\/130940\/revisions\/130945"}],"wp:attachment":[{"href":"https:\/\/www.naturalremedy.com\/fr\/wp-json\/wp\/v2\/media?parent=130940"}],"curies":[{"name":"wp","href":"https:\/\/api.w.org\/{rel}","templated":true}]}}