{"id":131172,"date":"2025-08-26T09:06:28","date_gmt":"2025-08-26T09:06:28","guid":{"rendered":"https:\/\/www.naturalremedy.com\/disclaimer\/"},"modified":"2026-03-13T09:52:54","modified_gmt":"2026-03-13T09:52:54","slug":"disclaimer","status":"publish","type":"page","link":"https:\/\/www.naturalremedy.com\/fr\/disclaimer\/","title":{"rendered":"Avertissement"},"content":{"rendered":"\t\t<div data-elementor-type=\"wp-page\" data-elementor-id=\"131172\" class=\"elementor elementor-131172 elementor-23042\" data-elementor-post-type=\"page\">\n\t\t\t\t<div class=\"elementor-element elementor-element-0c58aa1 e-flex e-con-boxed e-con e-parent\" data-id=\"0c58aa1\" data-element_type=\"container\" data-e-type=\"container\" data-settings=\"{&quot;background_background&quot;:&quot;classic&quot;}\">\n\t\t\t\t\t<div class=\"e-con-inner\">\n\t\t\t\t<div class=\"elementor-element elementor-element-e640fbb elementor-widget elementor-widget-heading\" data-id=\"e640fbb\" data-element_type=\"widget\" data-e-type=\"widget\" data-widget_type=\"heading.default\">\n\t\t\t\t\t<h1 class=\"elementor-heading-title elementor-size-default\">Avertissement<\/h1>\t\t\t\t<\/div>\n\t\t\t\t<div class=\"elementor-element elementor-element-79b0b44 elementor-widget elementor-widget-text-editor\" data-id=\"79b0b44\" data-element_type=\"widget\" data-e-type=\"widget\" data-widget_type=\"text-editor.default\">\n\t\t\t\t\t\t\t\t\t<p><strong>Informations g\u00e9n\u00e9rales :<\/strong><\/p><p class=\"sec-desc\">Ceci est le site web officiel de Natural Remedies Private Limited. Tous les contenus de ce site sont uniquement destin\u00e9s \u00e0 des fins d&rsquo;information g\u00e9n\u00e9rale ou d&rsquo;utilisation. <\/p><p><strong>Exactitude des informations :<\/strong><\/p><p class=\"sec-desc\">Aucune d\u00e9claration, garantie ou assurance d&rsquo;aucune sorte n&rsquo;est donn\u00e9e quant \u00e0 l&rsquo;exactitude, l&rsquo;ad\u00e9quation, la fiabilit\u00e9, l&rsquo;exhaustivit\u00e9, la pertinence ou l&rsquo;applicabilit\u00e9 des informations \u00e0 une situation particuli\u00e8re.<\/p><p><strong>Navigation sur le site :<\/strong><\/p><p class=\"sec-desc\">Tout mat\u00e9riel ou contenu t\u00e9l\u00e9charg\u00e9 ou obtenu par l&rsquo;utilisation du site l&rsquo;est \u00e0 votre propre discr\u00e9tion et \u00e0 vos propres risques. Bien que nous prenions toutes les pr\u00e9cautions et mesures n\u00e9cessaires contre les virus dans le contenu pr\u00e9sent ou envoy\u00e9 via le site web, nous et\/ou nos associ\u00e9s et affili\u00e9s ne garantissons pas que ce site, ses serveurs ou tout courrier envoy\u00e9 par nos soins seront exempts de virus ou de composants nuisibles. Si des dommages sont caus\u00e9s \u00e0 votre syst\u00e8me informatique et que des pertes en d\u00e9coulent, Natural Remedies Private Limited n&rsquo;en sera pas responsable. Vous serez seul responsable de tout dommage caus\u00e9 \u00e0 votre syst\u00e8me informatique, de toute perte de donn\u00e9es ou de tout autre pr\u00e9judice r\u00e9sultant de l&rsquo;utilisation de ce mat\u00e9riel.   <\/p><p><strong>Droits d&rsquo;auteur et marques d\u00e9pos\u00e9es :<\/strong><\/p><p class=\"sec-desc\">Sauf indication contraire, les droits d&rsquo;auteur et tous les droits de propri\u00e9t\u00e9 intellectuelle sur l&rsquo;ensemble des contenus pr\u00e9sent\u00e9s sur le site (y compris, mais sans s&rsquo;y limiter, les textes, fichiers audio, vid\u00e9os ou images graphiques), les marques d\u00e9pos\u00e9es et logos apparaissant sur ce site sont la propri\u00e9t\u00e9 de Natural Remedies Private Limited, de ses affili\u00e9s et associ\u00e9s, et sont prot\u00e9g\u00e9s par les lois indiennes applicables.<\/p><p><strong>Rem\u00e8des :<\/strong><\/p><p class=\"sec-desc\">Les rem\u00e8des propos\u00e9s sur le site sont bas\u00e9s sur les usages th\u00e9rapeutiques des plantes culinaires. Ils peuvent \u00eatre utilis\u00e9s pour des affections mineures, mais ne constituent en aucun cas un substitut au diagnostic d&rsquo;un m\u00e9decin. Si le probl\u00e8me persiste, consultez imm\u00e9diatement un m\u00e9decin. Bien que ces rem\u00e8des soient g\u00e9n\u00e9ralement sans danger pour le public et n&rsquo;aient habituellement pas d&rsquo;effets secondaires, Natural Remedies Private Limited recommande qu&rsquo;ils soient pratiqu\u00e9s ou pris \u00e0 la seule discr\u00e9tion de l&rsquo;utilisateur.   <\/p>\t\t\t\t\t\t\t\t<\/div>\n\t\t\t\t\t<\/div>\n\t\t\t\t<\/div>\n\t\t\t\t<\/div>\n\t\t","protected":false},"excerpt":{"rendered":"<p>Avertissement Informations g\u00e9n\u00e9rales : Ceci est le site web officiel de Natural Remedies Private Limited. Tous les contenus de ce site sont uniquement destin\u00e9s \u00e0 des fins d&rsquo;information g\u00e9n\u00e9rale ou d&rsquo;utilisation. Exactitude des informations : Aucune d\u00e9claration, garantie ou assurance d&rsquo;aucune sorte n&rsquo;est donn\u00e9e quant \u00e0 l&rsquo;exactitude, l&rsquo;ad\u00e9quation, la fiabilit\u00e9, l&rsquo;exhaustivit\u00e9, la pertinence ou l&rsquo;applicabilit\u00e9 [&hellip;]<\/p>\n","protected":false},"author":1,"featured_media":0,"parent":0,"menu_order":0,"comment_status":"closed","ping_status":"closed","template":"","meta":{"_acf_changed":false,"footnotes":""},"class_list":["post-131172","page","type-page","status-publish","hentry"],"acf":[],"_links":{"self":[{"href":"https:\/\/www.naturalremedy.com\/fr\/wp-json\/wp\/v2\/pages\/131172","targetHints":{"allow":["GET"]}}],"collection":[{"href":"https:\/\/www.naturalremedy.com\/fr\/wp-json\/wp\/v2\/pages"}],"about":[{"href":"https:\/\/www.naturalremedy.com\/fr\/wp-json\/wp\/v2\/types\/page"}],"author":[{"embeddable":true,"href":"https:\/\/www.naturalremedy.com\/fr\/wp-json\/wp\/v2\/users\/1"}],"replies":[{"embeddable":true,"href":"https:\/\/www.naturalremedy.com\/fr\/wp-json\/wp\/v2\/comments?post=131172"}],"version-history":[{"count":1,"href":"https:\/\/www.naturalremedy.com\/fr\/wp-json\/wp\/v2\/pages\/131172\/revisions"}],"predecessor-version":[{"id":131173,"href":"https:\/\/www.naturalremedy.com\/fr\/wp-json\/wp\/v2\/pages\/131172\/revisions\/131173"}],"wp:attachment":[{"href":"https:\/\/www.naturalremedy.com\/fr\/wp-json\/wp\/v2\/media?parent=131172"}],"curies":[{"name":"wp","href":"https:\/\/api.w.org\/{rel}","templated":true}]}}