{"id":131193,"date":"2025-08-28T11:20:56","date_gmt":"2025-08-28T11:20:56","guid":{"rendered":"https:\/\/www.naturalremedy.com\/terms-of-use\/"},"modified":"2026-03-13T09:53:28","modified_gmt":"2026-03-13T09:53:28","slug":"terms-of-use","status":"publish","type":"page","link":"https:\/\/www.naturalremedy.com\/fr\/terms-of-use\/","title":{"rendered":"Conditions dutilisation"},"content":{"rendered":"\t\t<div data-elementor-type=\"wp-page\" data-elementor-id=\"131193\" class=\"elementor elementor-131193 elementor-23247\" data-elementor-post-type=\"page\">\n\t\t\t\t<div class=\"elementor-element elementor-element-0c58aa1 e-flex e-con-boxed e-con e-parent\" data-id=\"0c58aa1\" data-element_type=\"container\" data-e-type=\"container\" data-settings=\"{&quot;background_background&quot;:&quot;classic&quot;}\">\n\t\t\t\t\t<div class=\"e-con-inner\">\n\t\t\t\t<div class=\"elementor-element elementor-element-e640fbb elementor-widget elementor-widget-heading\" data-id=\"e640fbb\" data-element_type=\"widget\" data-e-type=\"widget\" data-widget_type=\"heading.default\">\n\t\t\t\t\t<h2 class=\"elementor-heading-title elementor-size-default\">Conditions dutilisation<\/h2>\t\t\t\t<\/div>\n\t\t\t\t<div class=\"elementor-element elementor-element-79b0b44 elementor-widget elementor-widget-text-editor\" data-id=\"79b0b44\" data-element_type=\"widget\" data-e-type=\"widget\" data-widget_type=\"text-editor.default\">\n\t\t\t\t\t\t\t\t\t<p>VEUILLEZ LIRE ATTENTIVEMENT CES CONDITIONS AVANT DUTILISER CE SITE WEB. LUTILISATION DE CE SITE WEB INDIQUE QUE VOUS ACCEPTEZ CES CONDITIONS. VEUILLEZ NE PAS UTILISER CE SITE WEB SI VOUS NACCEPTEZ PAS CES CONDITIONS.  <\/p><p class=\"sec-desc\">En utilisant ce Site, vous acceptez les conditions g\u00e9n\u00e9rales qui constituent lint\u00e9gralit\u00e9 de laccord entre Natural Remedies Private Limited et vous. Les pr\u00e9sentes Conditions remplacent toutes les d\u00e9clarations, garanties et ententes ant\u00e9rieures et contemporaines, quelles soient orales ou \u00e9crites, relatives au Site, \u00e0 son contenu et \u00e0 tout service fourni sur le site. En cas de conflit entre les pr\u00e9sentes Conditions et tout accord ou entente relatif au Site, les pr\u00e9sentes Conditions pr\u00e9vaudront.  <\/p><p class=\"sec-desc\">Le contenu de ce site web est prot\u00e9g\u00e9 par le droit dauteur et est la propri\u00e9t\u00e9 de Natural Remedies Private Limited. Tous les droits relatifs \u00e0 ce contenu sont r\u00e9serv\u00e9s. Les informations et images pr\u00e9sent\u00e9es ici ne peuvent en aucun cas \u00eatre reproduites ou utilis\u00e9es sans autorisation \u00e9crite pr\u00e9alable. Les utilisateurs peuvent consulter et t\u00e9l\u00e9charger le contenu de ce site uniquement pour un usage personnel, non commercial, \u00e0 domicile. Tout acte consistant \u00e0 reproduire, republier, t\u00e9l\u00e9verser, publier, transmettre, distribuer ou afficher publiquement du contenu de ce site web sans lautorisation \u00e9crite de Natural Remedies Private Limited constituera une violation des droits dauteur et des marques d\u00e9tenus par Natural Remedies Private Limited.    <\/p><p class=\"sec-desc\">Les utilisateurs sengagent \u00e0 ne pas utiliser le site \u00e0 des fins de vente, de commerce ou \u00e0 dautres fins commerciales. Les utilisateurs ne peuvent pas utiliser un langage mena\u00e7ant, abusif, vulgaire, discourtois ou criminel. Les utilisateurs ne peuvent pas non plus publier ou transmettre des informations ou des contenus qui violeraient les droits dun tiers ou qui contiennent un virus ou tout autre composant nuisible. Natural Remedies Private Limited se r\u00e9serve le droit de supprimer ou de modifier tout message ou contenu soumis par les utilisateurs.   <\/p><p class=\"sec-desc\">LUtilisateur comprend et reconna\u00eet que tout lien qui conduit lUtilisateur vers des sites tiers nest pas maintenu par Natural Remedies Private Limited et que la politique de confidentialit\u00e9 de Natural Remedies Private Limited ne sapplique pas. Ce lien vous est fourni pour votre commodit\u00e9 et ne constitue pas une approbation, par Natural Remedies Private Limited, des informations ou des contacts que vous pourriez trouver sur ce site non li\u00e9 \u00e0 Natural Remedies Private Limited. <\/p><p class=\"sec-desc\">En aucun cas, y compris, sans sy limiter, en cas de n\u00e9gligence, Natural Remedies Private Limited ne pourra \u00eatre tenue responsable des dommages sp\u00e9ciaux ou indirects r\u00e9sultant de lutilisation ou de limpossibilit\u00e9 dutiliser les contenus de ce site.<\/p><p class=\"sec-desc\">Le pr\u00e9sent accord est en vigueur jusqu\u00e0 sa r\u00e9siliation par lune ou lautre des parties. Vous pouvez r\u00e9silier le pr\u00e9sent accord \u00e0 tout moment en cessant dutiliser ce site et en d\u00e9truisant tous les contenus obtenus \u00e0 partir de celui-ci. <\/p><p class=\"sec-desc\">En utilisant ce Site, vous acceptez que les pr\u00e9sentes conditions soient r\u00e9gies et interpr\u00e9t\u00e9es conform\u00e9ment aux lois de la juridiction de l\u00c9tat du Karnataka, Inde, sans \u00e9gard \u00e0 ses r\u00e8gles de conflit de lois. En utilisant ce Site, vous acceptez \u00e9galement que tout litige d\u00e9coulant des pr\u00e9sentes Conditions ou en lien avec celles-ci soit port\u00e9 devant les tribunaux comp\u00e9tents de Bangalore. <\/p>\t\t\t\t\t\t\t\t<\/div>\n\t\t\t\t\t<\/div>\n\t\t\t\t<\/div>\n\t\t\t\t<\/div>\n\t\t","protected":false},"excerpt":{"rendered":"<p>Conditions dutilisation VEUILLEZ LIRE ATTENTIVEMENT CES CONDITIONS AVANT DUTILISER CE SITE WEB. LUTILISATION DE CE SITE WEB INDIQUE QUE VOUS ACCEPTEZ CES CONDITIONS. VEUILLEZ NE PAS UTILISER CE SITE WEB SI VOUS NACCEPTEZ PAS CES CONDITIONS. En utilisant ce Site, vous acceptez les conditions g\u00e9n\u00e9rales qui constituent lint\u00e9gralit\u00e9 de laccord entre Natural Remedies Private Limited [&hellip;]<\/p>\n","protected":false},"author":1,"featured_media":0,"parent":0,"menu_order":0,"comment_status":"closed","ping_status":"closed","template":"","meta":{"_acf_changed":false,"footnotes":""},"class_list":["post-131193","page","type-page","status-publish","hentry"],"acf":[],"_links":{"self":[{"href":"https:\/\/www.naturalremedy.com\/fr\/wp-json\/wp\/v2\/pages\/131193","targetHints":{"allow":["GET"]}}],"collection":[{"href":"https:\/\/www.naturalremedy.com\/fr\/wp-json\/wp\/v2\/pages"}],"about":[{"href":"https:\/\/www.naturalremedy.com\/fr\/wp-json\/wp\/v2\/types\/page"}],"author":[{"embeddable":true,"href":"https:\/\/www.naturalremedy.com\/fr\/wp-json\/wp\/v2\/users\/1"}],"replies":[{"embeddable":true,"href":"https:\/\/www.naturalremedy.com\/fr\/wp-json\/wp\/v2\/comments?post=131193"}],"version-history":[{"count":1,"href":"https:\/\/www.naturalremedy.com\/fr\/wp-json\/wp\/v2\/pages\/131193\/revisions"}],"predecessor-version":[{"id":131196,"href":"https:\/\/www.naturalremedy.com\/fr\/wp-json\/wp\/v2\/pages\/131193\/revisions\/131196"}],"wp:attachment":[{"href":"https:\/\/www.naturalremedy.com\/fr\/wp-json\/wp\/v2\/media?parent=131193"}],"curies":[{"name":"wp","href":"https:\/\/api.w.org\/{rel}","templated":true}]}}