{"id":131029,"date":"2023-10-25T06:23:49","date_gmt":"2023-10-25T06:23:49","guid":{"rendered":"https:\/\/www.naturalremedy.com\/product\/poultry-kolin-plus\/"},"modified":"2023-10-25T06:23:49","modified_gmt":"2023-10-25T06:23:49","slug":"poultry-kolin-plus","status":"publish","type":"product","link":"https:\/\/www.naturalremedy.com\/fr\/product\/poultry-kolin-plus\/","title":{"rendered":"Kolin Plus \u1d40\u1d39"},"content":{"rendered":"","protected":false},"excerpt":{"rendered":"","protected":false},"featured_media":131031,"comment_status":"open","ping_status":"closed","template":"","meta":{"_acf_changed":false},"product_brand":[],"product_cat":[118,81,112,82,113],"product_tag":[],"class_list":{"0":"post-131029","1":"product","2":"type-product","3":"status-publish","4":"has-post-thumbnail","6":"product_cat-choline-replacer","7":"product_cat-monogastrics","8":"product_cat-india-monogastrics","9":"product_cat-monogastrics-poultry","10":"product_cat-poultry-care","12":"first","13":"instock","14":"shipping-taxable","15":"product-type-simple"},"acf":{"product_name":"","headline":"Kolin Plus \u1d40\u1d39 : Alternative plus \u00e9cologique au chlorure de choline","product_thumbnail":"","product_content":"KOLIN PLUS est une poudre botanique standardis\u00e9e de Natural Remedies (NR-SBP). KOLIN PLUS est reconnu pour une meilleure mobilisation des graisses, un meilleur m\u00e9tabolisme des graisses et une croissance musculaire optimale. KOLIN PLUS est une alternative plus \u00e9cologique au chlorure de choline.  \n\n<strong>Mobilisation des graisses<\/strong>\nKOLIN PLUS r\u00e9duit la graisse abdominale et le taux de graisse h\u00e9patique. Il r\u00e9duit \u00e9galement le taux \u00e9lev\u00e9 de transaminases dans le sang en maintenant la sant\u00e9 du foie. \n\n<strong>M\u00e9tabolisme des graisses<\/strong>\nKOLIN PLUS inhibe l'enzyme Cat\u00e9chol O M\u00e9thyl Transf\u00e9rase (COMT) et optimise le taux de cat\u00e9cholamines pour un meilleur m\u00e9tabolisme des graisses.\n\n<strong>Croissance musculaire<\/strong>\nKOLIN PLUS optimise le poids corporel, l'IC et le rendement carcasse % dans les r\u00e9gimes d\u00e9ficients en choline.\n\nValid\u00e9 scientifiquement par les technologies OMICS.","availability_in":[{"available":"25 kg"}],"product_video_text":"","product_video":"https:\/\/www.youtube.com\/embed\/wGsfS2WEVIs","usp_content":"<ul>\n \t<li>Pratique \u2013 Non hygroscopique.<\/li>\n \t<li>Compatible \u2013 Convient aux pr\u00e9m\u00e9langes.<\/li>\n \t<li>\u00c9conomique \u2013 Dosage r\u00e9duit avec la m\u00eame efficacit\u00e9.<\/li>\n \t<li>Respectueux \u2013 Pas de TMA, non corrosif.<\/li>\n<\/ul>","features_content":"","usage_content":"400 g\/tonne d'aliment pour remplacer jusqu'\u00e0 1 kg de chlorure de choline.","benfits":"","mixing_rate_content":"","target_species":[{"svg_icon":131039,"species_name":"Poulets de chair "},{"svg_icon":131039,"species_name":"Poules pondeuses"}],"continent":[],"faqs":null,"certifications":[{"certificate_image":92976},{"certificate_image":92969},{"certificate_image":92968}]},"_links":{"self":[{"href":"https:\/\/www.naturalremedy.com\/fr\/wp-json\/wp\/v2\/product\/131029","targetHints":{"allow":["GET"]}}],"collection":[{"href":"https:\/\/www.naturalremedy.com\/fr\/wp-json\/wp\/v2\/product"}],"about":[{"href":"https:\/\/www.naturalremedy.com\/fr\/wp-json\/wp\/v2\/types\/product"}],"replies":[{"embeddable":true,"href":"https:\/\/www.naturalremedy.com\/fr\/wp-json\/wp\/v2\/comments?post=131029"}],"version-history":[{"count":0,"href":"https:\/\/www.naturalremedy.com\/fr\/wp-json\/wp\/v2\/product\/131029\/revisions"}],"wp:featuredmedia":[{"embeddable":true,"href":"https:\/\/www.naturalremedy.com\/fr\/wp-json\/wp\/v2\/media\/131031"}],"wp:attachment":[{"href":"https:\/\/www.naturalremedy.com\/fr\/wp-json\/wp\/v2\/media?parent=131029"}],"wp:term":[{"taxonomy":"product_brand","embeddable":true,"href":"https:\/\/www.naturalremedy.com\/fr\/wp-json\/wp\/v2\/product_brand?post=131029"},{"taxonomy":"product_cat","embeddable":true,"href":"https:\/\/www.naturalremedy.com\/fr\/wp-json\/wp\/v2\/product_cat?post=131029"},{"taxonomy":"product_tag","embeddable":true,"href":"https:\/\/www.naturalremedy.com\/fr\/wp-json\/wp\/v2\/product_tag?post=131029"}],"curies":[{"name":"wp","href":"https:\/\/api.w.org\/{rel}","templated":true}]}}