{"id":131032,"date":"2023-10-25T06:26:28","date_gmt":"2023-10-25T06:26:28","guid":{"rendered":"https:\/\/www.naturalremedy.com\/product\/poultry-respease-2\/"},"modified":"2023-10-25T06:26:28","modified_gmt":"2023-10-25T06:26:28","slug":"poultry-respease-2","status":"publish","type":"product","link":"https:\/\/www.naturalremedy.com\/fr\/product\/poultry-respease-2\/","title":{"rendered":"Respease \u1d40\u1d39"},"content":{"rendered":"","protected":false},"excerpt":{"rendered":"","protected":false},"featured_media":131033,"comment_status":"open","ping_status":"closed","template":"","meta":{"_acf_changed":false},"product_brand":[],"product_cat":[112,113,114],"product_tag":[],"class_list":{"0":"post-131032","1":"product","2":"type-product","3":"status-publish","4":"has-post-thumbnail","6":"product_cat-india-monogastrics","7":"product_cat-poultry-care","8":"product_cat-respiratory-health","10":"first","11":"instock","12":"shipping-taxable","13":"product-type-simple"},"acf":{"product_name":"","headline":"","product_thumbnail":131054,"product_content":"Respease est une solution innovante pour optimiser limmunit\u00e9 respiratoire des oiseaux. Respease assure une meilleure productivit\u00e9 et sant\u00e9, renforce limmunit\u00e9 respiratoire, am\u00e9liore loxyg\u00e9nation du sang et poss\u00e8de \u00e9galement des propri\u00e9t\u00e9s anti-inflammatoires. ","availability_in":[{"available":"1 l"},{"available":"5 l"}],"product_video_text":"","product_video":"","usp_content":"<ul>\n \t<li>Renforcement de limmunit\u00e9 respiratoire<\/li>\n \t<li>Action anti-inflammatoire<\/li>\n \t<li>Meilleure oxyg\u00e9nation du sang<\/li>\n<\/ul>","features_content":"","usage_content":"","benfits":"","mixing_rate_content":"","target_species":[{"svg_icon":131039,"species_name":"Poulets de chair"},{"svg_icon":131039,"species_name":"Poules pondeuses"},{"svg_icon":131039,"species_name":"Reproducteurs"}],"continent":[],"faqs":null,"certifications":[{"certificate_image":92976},{"certificate_image":92969},{"certificate_image":92968}]},"_links":{"self":[{"href":"https:\/\/www.naturalremedy.com\/fr\/wp-json\/wp\/v2\/product\/131032","targetHints":{"allow":["GET"]}}],"collection":[{"href":"https:\/\/www.naturalremedy.com\/fr\/wp-json\/wp\/v2\/product"}],"about":[{"href":"https:\/\/www.naturalremedy.com\/fr\/wp-json\/wp\/v2\/types\/product"}],"replies":[{"embeddable":true,"href":"https:\/\/www.naturalremedy.com\/fr\/wp-json\/wp\/v2\/comments?post=131032"}],"version-history":[{"count":0,"href":"https:\/\/www.naturalremedy.com\/fr\/wp-json\/wp\/v2\/product\/131032\/revisions"}],"wp:featuredmedia":[{"embeddable":true,"href":"https:\/\/www.naturalremedy.com\/fr\/wp-json\/wp\/v2\/media\/131033"}],"wp:attachment":[{"href":"https:\/\/www.naturalremedy.com\/fr\/wp-json\/wp\/v2\/media?parent=131032"}],"wp:term":[{"taxonomy":"product_brand","embeddable":true,"href":"https:\/\/www.naturalremedy.com\/fr\/wp-json\/wp\/v2\/product_brand?post=131032"},{"taxonomy":"product_cat","embeddable":true,"href":"https:\/\/www.naturalremedy.com\/fr\/wp-json\/wp\/v2\/product_cat?post=131032"},{"taxonomy":"product_tag","embeddable":true,"href":"https:\/\/www.naturalremedy.com\/fr\/wp-json\/wp\/v2\/product_tag?post=131032"}],"curies":[{"name":"wp","href":"https:\/\/api.w.org\/{rel}","templated":true}]}}