{"id":131034,"date":"2024-10-29T12:50:39","date_gmt":"2024-10-29T12:50:39","guid":{"rendered":"https:\/\/www.naturalremedy.com\/product\/zigbir-3\/"},"modified":"2024-10-29T12:50:39","modified_gmt":"2024-10-29T12:50:39","slug":"zigbir-3","status":"publish","type":"product","link":"https:\/\/www.naturalremedy.com\/fr\/product\/zigbir-3\/","title":{"rendered":"Zigbir"},"content":{"rendered":"","protected":false},"excerpt":{"rendered":"","protected":false},"featured_media":131042,"comment_status":"open","ping_status":"closed","template":"","meta":{"_acf_changed":false},"product_brand":[],"product_cat":[80,87,81,82],"product_tag":[],"class_list":{"0":"post-131034","1":"product","2":"type-product","3":"status-publish","4":"has-post-thumbnail","6":"product_cat-international","7":"product_cat-liver-health-poultry-care-international","8":"product_cat-monogastrics","9":"product_cat-monogastrics-poultry","11":"first","12":"instock","13":"shipping-taxable","14":"product-type-simple"},"acf":{"product_name":"Zigbir","headline":"","product_thumbnail":"","product_content":"ZIGBIR est un compl\u00e9ment h\u00e9patique naturel issu de la recherche pour la volaille, con\u00e7u pour optimiser la sant\u00e9 du foie et de lintestin et r\u00e9tablir leurs fonctions normales. ZIGBIR est une poudre botanique standardis\u00e9e (NRSBP) contenant des compos\u00e9s phytochimiques actifs tels que landrographolide, la phyllanthine, les flavono\u00efdes et les alcalo\u00efdes. ","availability_in":[{"available":"1 l"},{"available":"Bidons de 5 l"},{"available":"Sac de 25 kg "}],"product_video_text":"","product_video":"","usp_content":"ZIGBIR est une solution naturelle pour optimiser la sant\u00e9 et les fonctions du foie et de lintestin  offre des caract\u00e9ristiques et avantages uniques.\n<ul>\n \t<li>Bio-s\u00e9cr\u00e9tion.<\/li>\n \t<li>Bio-protection.<\/li>\n \t<li>Bio-renforcement.<\/li>\n<\/ul>","features_content":"","usage_content":"<ul>\n \t<li>Volaille : 300 g-500 g\/tonne daliment<\/li>\n \t<li>Porcs : 500 g-1 kg\/tonne daliment<\/li>\n<\/ul>","benfits":"","mixing_rate_content":"","target_species":[{"svg_icon":131039,"species_name":"Volaille"},{"svg_icon":131041,"species_name":"Porcs"}],"continent":[],"faqs":null,"certifications":null},"_links":{"self":[{"href":"https:\/\/www.naturalremedy.com\/fr\/wp-json\/wp\/v2\/product\/131034","targetHints":{"allow":["GET"]}}],"collection":[{"href":"https:\/\/www.naturalremedy.com\/fr\/wp-json\/wp\/v2\/product"}],"about":[{"href":"https:\/\/www.naturalremedy.com\/fr\/wp-json\/wp\/v2\/types\/product"}],"replies":[{"embeddable":true,"href":"https:\/\/www.naturalremedy.com\/fr\/wp-json\/wp\/v2\/comments?post=131034"}],"version-history":[{"count":0,"href":"https:\/\/www.naturalremedy.com\/fr\/wp-json\/wp\/v2\/product\/131034\/revisions"}],"wp:featuredmedia":[{"embeddable":true,"href":"https:\/\/www.naturalremedy.com\/fr\/wp-json\/wp\/v2\/media\/131042"}],"wp:attachment":[{"href":"https:\/\/www.naturalremedy.com\/fr\/wp-json\/wp\/v2\/media?parent=131034"}],"wp:term":[{"taxonomy":"product_brand","embeddable":true,"href":"https:\/\/www.naturalremedy.com\/fr\/wp-json\/wp\/v2\/product_brand?post=131034"},{"taxonomy":"product_cat","embeddable":true,"href":"https:\/\/www.naturalremedy.com\/fr\/wp-json\/wp\/v2\/product_cat?post=131034"},{"taxonomy":"product_tag","embeddable":true,"href":"https:\/\/www.naturalremedy.com\/fr\/wp-json\/wp\/v2\/product_tag?post=131034"}],"curies":[{"name":"wp","href":"https:\/\/api.w.org\/{rel}","templated":true}]}}