{"id":131043,"date":"2023-02-10T14:10:01","date_gmt":"2023-02-10T14:10:01","guid":{"rendered":"https:\/\/www.naturalremedy.com\/product\/respease-%e1%b5%80%e1%b4%b9\/"},"modified":"2023-02-10T14:10:01","modified_gmt":"2023-02-10T14:10:01","slug":"respease-%e1%b5%80%e1%b4%b9","status":"publish","type":"product","link":"https:\/\/www.naturalremedy.com\/fr\/product\/respease-%E1%B5%80%E1%B4%B9\/","title":{"rendered":"Respease \u1d40\u1d39"},"content":{"rendered":"","protected":false},"excerpt":{"rendered":"","protected":false},"featured_media":131044,"comment_status":"open","ping_status":"closed","template":"","meta":{"_acf_changed":false},"product_brand":[],"product_cat":[80,100,99],"product_tag":[],"class_list":{"0":"post-131043","1":"product","2":"type-product","3":"status-publish","4":"has-post-thumbnail","6":"product_cat-international","7":"product_cat-liver-health-ruminant-care-international","8":"product_cat-ruminants","10":"first","11":"instock","12":"shipping-taxable","13":"product-type-simple"},"acf":{"product_name":"Respease ","headline":"","product_thumbnail":131054,"product_content":"Respease est un compl\u00e9ment alimentaire respiratoire pour volailles. C&rsquo;est une combinaison novatrice de phyto-actifs s\u00e9lectifs poss\u00e9dant des propri\u00e9t\u00e9s bronchodilatatrices, antitussives, expectorantes et d\u00e9congestionnantes. Les phyto-actifs de Respease sont principalement les glycyrrhizines, la vasicine, l&rsquo;acide ursolique et les polyph\u00e9nols qui, par leur action multimodale, conf\u00e8rent de nombreux avantages aux esp\u00e8ces avicoles.  \n\nEnsemble, ils contribuent \u00e0 am\u00e9liorer la r\u00e9silience des oiseaux face aux d\u00e9fis respiratoires dorigines connues et inconnues. Respease aide les oiseaux \u00e0 retrouver leur fonction normale tout en stimulant leur comportement alimentaire, leurs niveaux dactivit\u00e9 et en r\u00e9duisant les sympt\u00f4mes tels que les r\u00e2les, les \u00e9coulements nasaux et oculaires. ","availability_in":[{"available":"Sac de 25 kg"},{"available":"Bidon de 1 litre"},{"available":"Bidon de 5 litres"}],"product_video_text":"","product_video":"","usp_content":"<ul>\n \t<li>Anti-inflammatoire.<\/li>\n \t<li>Mucolytique.<\/li>\n \t<li>Expectorant.<\/li>\n \t<li>Antioxydant.<\/li>\n \t<li>Antispasmodique et bronchodilatateur.<\/li>\n \t<li>Am\u00e9liore limmunit\u00e9 respiratoire.<\/li>\n<\/ul>","features_content":"","usage_content":"<ul>\n \t<li>P<strong>our volailles : <\/strong>\nSous forme de poudre : 750 g par tonne d\u2019aliments en pr\u00e9ventif et 2 kg par tonne d\u2019aliments en th\u00e9rapie de soutien pendant le traitement.<\/li>\n \t<li><strong>Sous forme liquide :<\/strong> Selon le stade du cycle de vie, la posologie peut \u00eatre :\n<strong>Poussins :<\/strong> 350 ml pour 1 000 litres d\u2019eau\n<strong>D\u00e9marrage :<\/strong> 650 ml pour 1 000 litres d\u2019eau<\/li>\n \t<li><strong>Finisseurs et pondeuses :<\/strong> 1,5 litre pour 1 000 litres d\u2019eau.<\/li>\n<\/ul>","benfits":"","mixing_rate_content":"","target_species":[{"svg_icon":131039,"species_name":"Poulets de chair"},{"svg_icon":131039,"species_name":"Pondeuses"},{"svg_icon":131039,"species_name":"Reproducteurs"}],"continent":["South East Asia","East Asia","Middle East","Europe","Latin American","South American"],"faqs":null,"certifications":[{"certificate_image":92976},{"certificate_image":92969},{"certificate_image":92968}]},"_links":{"self":[{"href":"https:\/\/www.naturalremedy.com\/fr\/wp-json\/wp\/v2\/product\/131043","targetHints":{"allow":["GET"]}}],"collection":[{"href":"https:\/\/www.naturalremedy.com\/fr\/wp-json\/wp\/v2\/product"}],"about":[{"href":"https:\/\/www.naturalremedy.com\/fr\/wp-json\/wp\/v2\/types\/product"}],"replies":[{"embeddable":true,"href":"https:\/\/www.naturalremedy.com\/fr\/wp-json\/wp\/v2\/comments?post=131043"}],"version-history":[{"count":0,"href":"https:\/\/www.naturalremedy.com\/fr\/wp-json\/wp\/v2\/product\/131043\/revisions"}],"wp:featuredmedia":[{"embeddable":true,"href":"https:\/\/www.naturalremedy.com\/fr\/wp-json\/wp\/v2\/media\/131044"}],"wp:attachment":[{"href":"https:\/\/www.naturalremedy.com\/fr\/wp-json\/wp\/v2\/media?parent=131043"}],"wp:term":[{"taxonomy":"product_brand","embeddable":true,"href":"https:\/\/www.naturalremedy.com\/fr\/wp-json\/wp\/v2\/product_brand?post=131043"},{"taxonomy":"product_cat","embeddable":true,"href":"https:\/\/www.naturalremedy.com\/fr\/wp-json\/wp\/v2\/product_cat?post=131043"},{"taxonomy":"product_tag","embeddable":true,"href":"https:\/\/www.naturalremedy.com\/fr\/wp-json\/wp\/v2\/product_tag?post=131043"}],"curies":[{"name":"wp","href":"https:\/\/api.w.org\/{rel}","templated":true}]}}