{"id":131045,"date":"2023-03-10T14:51:24","date_gmt":"2023-03-10T14:51:24","guid":{"rendered":"https:\/\/www.naturalremedy.com\/product\/poultry-phytocee-b\/"},"modified":"2023-03-10T14:51:24","modified_gmt":"2023-03-10T14:51:24","slug":"poultry-phytocee-b","status":"publish","type":"product","link":"https:\/\/www.naturalremedy.com\/fr\/product\/poultry-phytocee-b\/","title":{"rendered":"Phytocee \u00ae"},"content":{"rendered":"<p>PHYTOCEE est une solution naturelle issue de la recherche pour contr\u00f4ler les effets n\u00e9fastes du stress caus\u00e9 par de multiples facteurs. PHYTOCEE est une formulation polyherbal contenant des phytoconstituants tels que les polyph\u00e9nols, les withanolides et les triterp\u00e9no\u00efdes. PHYTOCEE agit comme un renfort des d\u00e9fenses naturelles, am\u00e9liore lendurance, optimise lIMC et aide \u00e0 r\u00e9duire les effets nocifs du stress.  <\/p>\n<p>PHYTOCEE est une solution naturelle issue de la recherche pour le contr\u00f4le du stress, dot\u00e9e de caract\u00e9ristiques et davantages uniques.<\/p>\n","protected":false},"excerpt":{"rendered":"<p>PHYTOCEE est une solution naturelle issue de la recherche pour contr\u00f4ler les effets n\u00e9fastes du stress caus\u00e9 par de multiples facteurs. PHYTOCEE est une formulation polyherbal contenant des phytoconstituants tels que les polyph\u00e9nols, les withanolides et les triterp\u00e9no\u00efdes. PHYTOCEE agit comme un renfort des d\u00e9fenses naturelles, am\u00e9liore lendurance, optimise lIMC et aide \u00e0 r\u00e9duire les [&hellip;]<\/p>\n","protected":false},"featured_media":131046,"comment_status":"open","ping_status":"closed","template":"","meta":{"_acf_changed":false},"product_brand":[],"product_cat":[84,80,81,82],"product_tag":[],"class_list":{"0":"post-131045","1":"product","2":"type-product","3":"status-publish","4":"has-post-thumbnail","6":"product_cat-adaptogenic-anti-stress-immunomodulatory","7":"product_cat-international","8":"product_cat-monogastrics","9":"product_cat-monogastrics-poultry","11":"first","12":"instock","13":"shipping-taxable","14":"product-type-simple"},"acf":{"product_name":"Phytocee  ","headline":"Un renfort des d\u00e9fenses naturelles","product_thumbnail":131050,"product_content":"PHYTOCEE est une solution naturelle bas\u00e9e sur la recherche visant \u00e0 am\u00e9liorer l\u2019immunit\u00e9 des oiseaux ainsi qu\u2019\u00e0 contr\u00f4ler les effets du stress caus\u00e9 par de multiples facteurs de stress. Sa formulation polyherbale contient des phytoconstituants tels que des polyph\u00e9nols, des withanolides et des triterp\u00e9no\u00efdes. \n\nPHYTOCEE est un additif alimentaire phytog\u00e9nique qui agit comme un renfor\u00e7ateur naturel des d\u00e9fenses. Il favorise \u00e9galement l\u2019endurance, optimise l\u2019immunit\u00e9 \u00e0 m\u00e9diation cellulaire et aide \u00e0 r\u00e9duire les effets nocifs du stress. Cet additif alimentaire phytog\u00e9nique est stable \u00e0 la chaleur et peut \u00eatre directement ajout\u00e9 \u00e0 l\u2019alimentation animale.  \n\nValid\u00e9 scientifiquement par les technologies OMICS","availability_in":[{"available":"5 kg"},{"available":"25 kg"}],"product_video_text":"","product_video":"","usp_content":"PHYTOCEE a \u00e9t\u00e9 d\u00e9velopp\u00e9 comme une solution naturelle issue de la recherche pour contr\u00f4ler le stress et pr\u00e9sente des caract\u00e9ristiques et avantages uniques tels que :\n<ul>\n \t<li><strong>Adaptog\u00e8ne et am\u00e9lioration de l\u2019endurance<\/strong>\nAm\u00e9liore l\u2019endurance et r\u00e9tablit les fonctions physiologiques normales lors de conditions difficiles.<\/li>\n \t<li><strong>Optimisation de l\u2019IMC <\/strong>\nOptimise l\u2019immunit\u00e9 \u00e0 m\u00e9diation cellulaire et pr\u00e9vient la vuln\u00e9rabilit\u00e9 aux maladies.<\/li>\n \t<li><strong>Tol\u00e9rance efficace au stress<\/strong>\nR\u00e9duit le taux de corticost\u00e9rone s\u00e9rique et prot\u00e8ge contre les dommages oxydatifs gr\u00e2ce \u00e0 ses fortes propri\u00e9t\u00e9s antioxydantes.<\/li>\n<\/ul>","features_content":"","usage_content":"200 g par tonne daliment pour volaille.","benfits":"","mixing_rate_content":"","target_species":[{"svg_icon":131039,"species_name":"Poulets de chair"},{"svg_icon":131039,"species_name":"Reproducteurs"},{"svg_icon":131039,"species_name":"Pondeuses"}],"continent":["South Asia"],"faqs":null,"certifications":[{"certificate_image":92976},{"certificate_image":92969},{"certificate_image":92968}]},"_links":{"self":[{"href":"https:\/\/www.naturalremedy.com\/fr\/wp-json\/wp\/v2\/product\/131045","targetHints":{"allow":["GET"]}}],"collection":[{"href":"https:\/\/www.naturalremedy.com\/fr\/wp-json\/wp\/v2\/product"}],"about":[{"href":"https:\/\/www.naturalremedy.com\/fr\/wp-json\/wp\/v2\/types\/product"}],"replies":[{"embeddable":true,"href":"https:\/\/www.naturalremedy.com\/fr\/wp-json\/wp\/v2\/comments?post=131045"}],"version-history":[{"count":0,"href":"https:\/\/www.naturalremedy.com\/fr\/wp-json\/wp\/v2\/product\/131045\/revisions"}],"wp:featuredmedia":[{"embeddable":true,"href":"https:\/\/www.naturalremedy.com\/fr\/wp-json\/wp\/v2\/media\/131046"}],"wp:attachment":[{"href":"https:\/\/www.naturalremedy.com\/fr\/wp-json\/wp\/v2\/media?parent=131045"}],"wp:term":[{"taxonomy":"product_brand","embeddable":true,"href":"https:\/\/www.naturalremedy.com\/fr\/wp-json\/wp\/v2\/product_brand?post=131045"},{"taxonomy":"product_cat","embeddable":true,"href":"https:\/\/www.naturalremedy.com\/fr\/wp-json\/wp\/v2\/product_cat?post=131045"},{"taxonomy":"product_tag","embeddable":true,"href":"https:\/\/www.naturalremedy.com\/fr\/wp-json\/wp\/v2\/product_tag?post=131045"}],"curies":[{"name":"wp","href":"https:\/\/api.w.org\/{rel}","templated":true}]}}