{"id":131047,"date":"2021-06-19T11:52:03","date_gmt":"2021-06-19T11:52:03","guid":{"rendered":"https:\/\/www.naturalremedy.com\/product\/poultry-phytocee\/"},"modified":"2021-06-19T11:52:03","modified_gmt":"2021-06-19T11:52:03","slug":"poultry-phytocee","status":"publish","type":"product","link":"https:\/\/www.naturalremedy.com\/fr\/product\/poultry-phytocee\/","title":{"rendered":"Phytocee \u00ae"},"content":{"rendered":"","protected":false},"excerpt":{"rendered":"","protected":false},"featured_media":131046,"comment_status":"open","ping_status":"closed","template":"","meta":{"_acf_changed":false},"product_brand":[],"product_cat":[120,112,113],"product_tag":[],"class_list":{"0":"post-131047","1":"product","2":"type-product","3":"status-publish","4":"has-post-thumbnail","6":"product_cat-adaptogenic-general-immunity","7":"product_cat-india-monogastrics","8":"product_cat-poultry-care","10":"first","11":"instock","12":"shipping-taxable","13":"product-type-simple"},"acf":{"product_name":"Phytocee","headline":"","product_thumbnail":131050,"product_content":"PHYTOCEE est une poudre botanique standardis\u00e9e (NRSBP) destin\u00e9e \u00e0 contr\u00f4ler les effets n\u00e9fastes du stress caus\u00e9 par de multiples facteurs de stress. PHYTOCEE est une formulation polyherbale contenant des phytochimiques actifs tels que des polyph\u00e9nols, des withanolides et des triterp\u00e9no\u00efdes. \n\nPHYTOCEE agit comme un renfor\u00e7ateur naturel des d\u00e9fenses, am\u00e9liore l\u2019endurance, optimise l\u2019immunit\u00e9 \u00e0 m\u00e9diation cellulaire (CMI) et aide \u00e0 r\u00e9duire les effets nocifs du stress.","availability_in":[{"available":" Sacs de 25 kg"}],"product_video_text":"","product_video":"","usp_content":"PHYTOCEE est une solution naturelle de contr\u00f4le du stress, avec des caract\u00e9ristiques et avantages uniques :\n<ul>\n \t<li>Adaptog\u00e8ne.<\/li>\n \t<li>Immunomodulateur.<\/li>\n \t<li>Antistress.<\/li>\n<\/ul>","features_content":"","usage_content":"","benfits":"","mixing_rate_content":"","target_species":[{"svg_icon":131039,"species_name":"Volaille"},{"svg_icon":131041,"species_name":"Porcins"}],"continent":["South East Asia","South Asia","East Asia","Middle East","Europe","Latin American","African"],"faqs":null,"certifications":[{"certificate_image":92976},{"certificate_image":92969},{"certificate_image":92968}]},"_links":{"self":[{"href":"https:\/\/www.naturalremedy.com\/fr\/wp-json\/wp\/v2\/product\/131047","targetHints":{"allow":["GET"]}}],"collection":[{"href":"https:\/\/www.naturalremedy.com\/fr\/wp-json\/wp\/v2\/product"}],"about":[{"href":"https:\/\/www.naturalremedy.com\/fr\/wp-json\/wp\/v2\/types\/product"}],"replies":[{"embeddable":true,"href":"https:\/\/www.naturalremedy.com\/fr\/wp-json\/wp\/v2\/comments?post=131047"}],"version-history":[{"count":0,"href":"https:\/\/www.naturalremedy.com\/fr\/wp-json\/wp\/v2\/product\/131047\/revisions"}],"wp:featuredmedia":[{"embeddable":true,"href":"https:\/\/www.naturalremedy.com\/fr\/wp-json\/wp\/v2\/media\/131046"}],"wp:attachment":[{"href":"https:\/\/www.naturalremedy.com\/fr\/wp-json\/wp\/v2\/media?parent=131047"}],"wp:term":[{"taxonomy":"product_brand","embeddable":true,"href":"https:\/\/www.naturalremedy.com\/fr\/wp-json\/wp\/v2\/product_brand?post=131047"},{"taxonomy":"product_cat","embeddable":true,"href":"https:\/\/www.naturalremedy.com\/fr\/wp-json\/wp\/v2\/product_cat?post=131047"},{"taxonomy":"product_tag","embeddable":true,"href":"https:\/\/www.naturalremedy.com\/fr\/wp-json\/wp\/v2\/product_tag?post=131047"}],"curies":[{"name":"wp","href":"https:\/\/api.w.org\/{rel}","templated":true}]}}