{"id":131059,"date":"2021-06-09T16:58:26","date_gmt":"2021-06-09T16:58:26","guid":{"rendered":"https:\/\/www.naturalremedy.com\/product\/swine-phytocee\/"},"modified":"2021-06-09T16:58:26","modified_gmt":"2021-06-09T16:58:26","slug":"swine-phytocee","status":"publish","type":"product","link":"https:\/\/www.naturalremedy.com\/fr\/product\/swine-phytocee\/","title":{"rendered":"Phytocee \u00ae"},"content":{"rendered":"","protected":false},"excerpt":{"rendered":"","protected":false},"featured_media":131048,"comment_status":"open","ping_status":"closed","template":"","meta":{"_acf_changed":false},"product_brand":[],"product_cat":[93,80,81,91],"product_tag":[],"class_list":{"0":"post-131059","1":"product","2":"type-product","3":"status-publish","4":"has-post-thumbnail","6":"product_cat-adaptogenicanti-stress-immunomodulatory-swine-care-international","7":"product_cat-international","8":"product_cat-monogastrics","9":"product_cat-monogastrics-swine","11":"first","12":"instock","13":"shipping-taxable","14":"product-type-simple"},"acf":{"product_name":"Phytocee","headline":"Solution naturelle anti-stress et immunomodulatrice","product_thumbnail":131049,"product_content":"Une solution naturelle bas\u00e9e sur la recherche qui contr\u00f4le le stress caus\u00e9 par de multiples facteurs. Elle am\u00e9liore lendurance et optimise limmunit\u00e9 cellulaire et humorale. \n\nPhytocee est une combinaison efficace de polyph\u00e9nols phytochimiques NR, de withanolides et de triterp\u00e9no\u00efdes pour offrir une d\u00e9fense fiable aux porcs contre divers d\u00e9fis.\n\nLes effets de Phytocee aux diff\u00e9rents stades des porcs sont :\n\n<strong>Porcelets<\/strong>\n<ul>\n \t<li>R\u00e9duit le stress pendant la p\u00e9riode post-sevrage.<\/li>\n \t<li>Am\u00e9liore le gain moyen quotidien chez les porcelets sevr\u00e9s.<\/li>\n \t<li>R\u00e9duit les incidences de morsure de queue et dautres r\u00e9ponses au stress psychologique.<\/li>\n<\/ul>\n<strong>Porcs de finition<\/strong>\n<ul>\n \t<li>Optimise le gain de poids corporel.<\/li>\n \t<li>R\u00e9duit les co\u00fbts de m\u00e9dication.<\/li>\n \t<li>R\u00e9duit la morbidit\u00e9.<\/li>\n \t<li>Am\u00e9lioration de la qualit\u00e9 de la viande.<\/li>\n<\/ul>\n<strong>Truies<\/strong>\n<ul>\n \t<li>Am\u00e9liore la parit\u00e9.<\/li>\n \t<li>R\u00e9duit la mortalit\u00e9 chez les porcelets.<\/li>\n \t<li>Am\u00e9liore la production de lait et les niveaux dimmunoglobulines dans le colostrum.<\/li>\n \t<li>R\u00e9duit le hal\u00e8tement, signe de stress.<\/li>\n \t<li>R\u00e9duit les niveaux de cortisol pendant le stress social \u00e9vident lors du regroupement et du r\u00e9agencement.<\/li>\n<\/ul>","availability_in":[{"available":"Sacs de 25 kg"}],"product_video_text":"","product_video":"","usp_content":"<ul>\n \t<li><strong>Adaptog\u00e8ne<\/strong>\nAm\u00e9liore l\u2019endurance et maintient les fonctions physiologiques normales.<\/li>\n \t<li><strong>Immunit\u00e9 \u00e0 m\u00e9diation cellulaire (IMC)<\/strong>\nOptimise l\u2019immunit\u00e9 \u00e0 m\u00e9diation cellulaire et pr\u00e9vient la vuln\u00e9rabilit\u00e9 aux maladies.<\/li>\n \t<li><strong>Anti-stress<\/strong>\nR\u00e9duit le niveau de corticost\u00e9rone s\u00e9rique et pr\u00e9vient les dommages oxydatifs.<\/li>\n \t<li><strong>Favorise le bien-\u00eatre des porcs<\/strong>\nR\u00e9duit les incidences de morsure de queue et de hal\u00e8tement dans des conditions stressantes.<\/li>\n<\/ul>","features_content":"","usage_content":"<ul>\n \t<li>Porcelets sevr\u00e9s : Phytocee doit \u00eatre m\u00e9lang\u00e9 \u00e0 laliment de sevrage pour les porcelets sevr\u00e9s \u00e0 raison de 2 kg \u00e0 3 kg par tonne daliment.<\/li>\n \t<li>Dur\u00e9e : Phytocee doit \u00eatre m\u00e9lang\u00e9 pendant les 4 derni\u00e8res semaines juste avant labattage ou la commercialisation pour am\u00e9liorer le poids de la carcasse et dans dautres conditions stressantes, principalement le stress thermique lorsque les temp\u00e9ratures d\u00e9passent 34 \u00b0C.<\/li>\n \t<li>Porcelets pr\u00e9-sevr\u00e9s : 1 kg \u00e0 2 kg par tonne daliment.<\/li>\n \t<li>Truies gestantes : 750 g \u00e0 1 kg par tonne daliment pendant le dernier trimestre.<\/li>\n \t<li>Truies allaitantes : 500 g \u00e0 750 g par tonne daliment imm\u00e9diatement apr\u00e8s la mise bas.<\/li>\n \t<li>Porcs de finition : 750 g \u00e0 1 kg par tonne daliment pendant la derni\u00e8re phase dengraissement, pendant un mois.<\/li>\n<\/ul>","benfits":"","mixing_rate_content":"","target_species":[{"svg_icon":131041,"species_name":"Porcs"}],"continent":["South East Asia","South Asia","East Asia","Middle East","Europe","Latin American","African"],"faqs":null,"certifications":[{"certificate_image":92976},{"certificate_image":92969},{"certificate_image":92968}]},"_links":{"self":[{"href":"https:\/\/www.naturalremedy.com\/fr\/wp-json\/wp\/v2\/product\/131059","targetHints":{"allow":["GET"]}}],"collection":[{"href":"https:\/\/www.naturalremedy.com\/fr\/wp-json\/wp\/v2\/product"}],"about":[{"href":"https:\/\/www.naturalremedy.com\/fr\/wp-json\/wp\/v2\/types\/product"}],"replies":[{"embeddable":true,"href":"https:\/\/www.naturalremedy.com\/fr\/wp-json\/wp\/v2\/comments?post=131059"}],"version-history":[{"count":0,"href":"https:\/\/www.naturalremedy.com\/fr\/wp-json\/wp\/v2\/product\/131059\/revisions"}],"wp:featuredmedia":[{"embeddable":true,"href":"https:\/\/www.naturalremedy.com\/fr\/wp-json\/wp\/v2\/media\/131048"}],"wp:attachment":[{"href":"https:\/\/www.naturalremedy.com\/fr\/wp-json\/wp\/v2\/media?parent=131059"}],"wp:term":[{"taxonomy":"product_brand","embeddable":true,"href":"https:\/\/www.naturalremedy.com\/fr\/wp-json\/wp\/v2\/product_brand?post=131059"},{"taxonomy":"product_cat","embeddable":true,"href":"https:\/\/www.naturalremedy.com\/fr\/wp-json\/wp\/v2\/product_cat?post=131059"},{"taxonomy":"product_tag","embeddable":true,"href":"https:\/\/www.naturalremedy.com\/fr\/wp-json\/wp\/v2\/product_tag?post=131059"}],"curies":[{"name":"wp","href":"https:\/\/api.w.org\/{rel}","templated":true}]}}