{"id":131062,"date":"2021-06-09T17:00:10","date_gmt":"2021-06-09T17:00:10","guid":{"rendered":"https:\/\/www.naturalremedy.com\/product\/swine-stodi\/"},"modified":"2021-06-09T17:00:10","modified_gmt":"2021-06-09T17:00:10","slug":"swine-stodi","status":"publish","type":"product","link":"https:\/\/www.naturalremedy.com\/fr\/product\/swine-stodi\/","title":{"rendered":"Stodi \u00ae"},"content":{"rendered":"","protected":false},"excerpt":{"rendered":"","protected":false},"featured_media":0,"comment_status":"open","ping_status":"closed","template":"","meta":{"_acf_changed":false},"product_brand":[],"product_cat":[94,80,81,91],"product_tag":[],"class_list":{"0":"post-131062","1":"product","2":"type-product","3":"status-publish","5":"product_cat-diarrhoea-management-and-gut-health-swine-care-international","6":"product_cat-international","7":"product_cat-monogastrics","8":"product_cat-monogastrics-swine","10":"first","11":"instock","12":"shipping-taxable","13":"product-type-simple"},"acf":{"product_name":"Stodi","headline":"Une solution naturelle pour pr\u00e9venir la diarrh\u00e9e","product_thumbnail":811,"product_content":"Une poudre botanique standardis\u00e9e (NRSBP) pour pr\u00e9venir la diarrh\u00e9e post-sevrage chez les porcelets, qui aide \u00e0 am\u00e9liorer l\u2019int\u00e9grit\u00e9 intestinale et pr\u00e9serve la sant\u00e9 digestive.\n\nIl est prouv\u00e9 que STODI favorise un microbiome intestinal b\u00e9n\u00e9fique et r\u00e9duit \u00e9galement la d\u00e9pendance aux antibiotiques lorsqu\u2019il est utilis\u00e9 pour contr\u00f4ler la diarrh\u00e9e post-sevrage et la dysenterie porcine chez les porcs adultes.\n\nIl a \u00e9galement \u00e9t\u00e9 not\u00e9 qu\u2019il am\u00e9liore les param\u00e8tres de gain de poids et la consistance f\u00e9cale chez les porcelets par rapport \u00e0 l\u2019oxyde de zinc \u00e0 des dosages similaires.\n\n<strong>Composition : <\/strong>\nCombinaison synergique de compos\u00e9s phytochimiques tels que l\u2019andrographolide, les punicalagines et d\u2019autres ellagitanins et polyph\u00e9nols issus d\u2019herbes s\u00e9lectionn\u00e9es.","availability_in":[{"available":"Sacs de 25 kg"},{"available":"Sacs de 500 kg"}],"product_video_text":"","product_video":"","usp_content":"<ul>\n \t<li>Pr\u00e9vient la diarrh\u00e9e.<\/li>\n \t<li>Pr\u00e9serve lint\u00e9grit\u00e9 et le microbiome intestinaux.<\/li>\n \t<li>Sans danger pour lenvironnement.<\/li>\n \t<li>S\u00e9curise la croissance.<\/li>\n \t<li>Sans danger pour la cha\u00eene alimentaire.<\/li>\n \t<li>Am\u00e9liore limmunit\u00e9 et le microbiome intestinaux.<\/li>\n<\/ul>","features_content":"","usage_content":"<ul>\n \t<li>Pre-starter : Jusqu\u00e0 4 kg par tonne daliment en cas de DPS s\u00e9v\u00e8re pendant au moins 2 semaines.<\/li>\n \t<li>Starter : 2-4 kg par tonne daliment jusqu\u00e0 r\u00e9duction de la diarrh\u00e9e.<\/li>\n \t<li>Dysenterie porcine : 4 kg par tonne daliment pendant au moins 2 semaines.<\/li>\n<\/ul>","benfits":"","mixing_rate_content":"","target_species":[{"svg_icon":131041,"species_name":"Porcins"}],"continent":["South East Asia","East Asia","Middle East","Europe","Latin American","South American"],"faqs":null,"certifications":[{"certificate_image":92976},{"certificate_image":92969},{"certificate_image":92968}]},"_links":{"self":[{"href":"https:\/\/www.naturalremedy.com\/fr\/wp-json\/wp\/v2\/product\/131062","targetHints":{"allow":["GET"]}}],"collection":[{"href":"https:\/\/www.naturalremedy.com\/fr\/wp-json\/wp\/v2\/product"}],"about":[{"href":"https:\/\/www.naturalremedy.com\/fr\/wp-json\/wp\/v2\/types\/product"}],"replies":[{"embeddable":true,"href":"https:\/\/www.naturalremedy.com\/fr\/wp-json\/wp\/v2\/comments?post=131062"}],"version-history":[{"count":0,"href":"https:\/\/www.naturalremedy.com\/fr\/wp-json\/wp\/v2\/product\/131062\/revisions"}],"wp:attachment":[{"href":"https:\/\/www.naturalremedy.com\/fr\/wp-json\/wp\/v2\/media?parent=131062"}],"wp:term":[{"taxonomy":"product_brand","embeddable":true,"href":"https:\/\/www.naturalremedy.com\/fr\/wp-json\/wp\/v2\/product_brand?post=131062"},{"taxonomy":"product_cat","embeddable":true,"href":"https:\/\/www.naturalremedy.com\/fr\/wp-json\/wp\/v2\/product_cat?post=131062"},{"taxonomy":"product_tag","embeddable":true,"href":"https:\/\/www.naturalremedy.com\/fr\/wp-json\/wp\/v2\/product_tag?post=131062"}],"curies":[{"name":"wp","href":"https:\/\/api.w.org\/{rel}","templated":true}]}}