{"id":137723,"date":"2023-10-25T06:25:56","date_gmt":"2023-10-25T06:25:56","guid":{"rendered":"https:\/\/www.naturalremedy.com\/product\/easygrow-%e1%b5%80%e1%b4%b9-2\/"},"modified":"2023-10-25T06:25:56","modified_gmt":"2023-10-25T06:25:56","slug":"easygrow-%e1%b5%80%e1%b4%b9-2","status":"publish","type":"product","link":"https:\/\/www.naturalremedy.com\/fr\/product\/easygrow-%E1%B5%80%E1%B4%B9-2\/","title":{"rendered":"Easygrow \u1d40\u1d39"},"content":{"rendered":"","protected":false},"excerpt":{"rendered":"","protected":false},"featured_media":137724,"comment_status":"open","ping_status":"closed","template":"","meta":{"_acf_changed":false},"product_brand":[],"product_cat":[119,112,113],"product_tag":[],"class_list":{"0":"post-137723","1":"product","2":"type-product","3":"status-publish","4":"has-post-thumbnail","6":"product_cat-growth-promoter","7":"product_cat-india-monogastrics","8":"product_cat-poultry-care","10":"first","11":"instock","12":"shipping-taxable","13":"product-type-simple"},"acf":{"product_name":"","headline":"Easygrow \u1d40\u1d39 : Promoteurs de croissance naturels pour volailles","product_thumbnail":1134,"product_content":"EasyGrow est un m\u00e9lange unique de vitamines liposolubles, vitamines hydrosolubles, phytoconstituants, inositol, acides amin\u00e9s essentiels et hydrolysat de prot\u00e9ines de lait pour stimuler le d\u00e9veloppement des syst\u00e8mes digestif et immunitaire des poussins.\n\n<strong>Les avantages d'EasyGrow sont les suivants :<\/strong>\nAm\u00e9liore la viabilit\u00e9 des poussins.\nRenforce l'immunit\u00e9 des poussins.\nFavorise un meilleur gain de poids corporel et un meilleur IC.\nMeilleure uniformit\u00e9 du troupeau.\nNutrition pr\u00e9coce des poussins et contr\u00f4le du stress.\nR\u00e9tablit l'\u00e9quilibre nutritionnel en conditions de stress comme le pic de production, la vaccination, les maladies (traitement de soutien), le transport, l'\u00e9pointage et la mue.","availability_in":[{"available":"1 l"}],"product_video_text":"","product_video":"","usp_content":"<ul>\n \t<li>Acides amin\u00e9s hydrolys\u00e9s issus du lait pour une digestion facile.<\/li>\n \t<li>Technologie de solubilisation am\u00e9lior\u00e9e (EST).<\/li>\n \t<li>Stabilit\u00e9 prouv\u00e9e dans l'eau de boisson.<\/li>\n \t<li>M\u00e9lange parfait de micronutriments.<\/li>\n<\/ul>","features_content":"","usage_content":"<ul>\n \t<li>Poussins, d\u00e9marrage, croissance, finition\/pondeuses\/reproducteurs : 1 ml par litre d'eau de boisson pendant 5 \u00e0 7 jours par mois.<\/li>\n \t<li>Conditions sp\u00e9cifiques ou traitements de soutien : 2 ml par litre d'eau de boisson pendant 5 \u00e0 7 jours ou selon les recommandations du v\u00e9t\u00e9rinaire.<\/li>\n<\/ul>","benfits":"","mixing_rate_content":"","target_species":[{"svg_icon":131039,"species_name":"Poulets de chair"},{"svg_icon":131039,"species_name":"Pondeuses "},{"svg_icon":131039,"species_name":"Reproducteurs"}],"continent":[],"faqs":null,"certifications":null},"_links":{"self":[{"href":"https:\/\/www.naturalremedy.com\/fr\/wp-json\/wp\/v2\/product\/137723","targetHints":{"allow":["GET"]}}],"collection":[{"href":"https:\/\/www.naturalremedy.com\/fr\/wp-json\/wp\/v2\/product"}],"about":[{"href":"https:\/\/www.naturalremedy.com\/fr\/wp-json\/wp\/v2\/types\/product"}],"replies":[{"embeddable":true,"href":"https:\/\/www.naturalremedy.com\/fr\/wp-json\/wp\/v2\/comments?post=137723"}],"version-history":[{"count":0,"href":"https:\/\/www.naturalremedy.com\/fr\/wp-json\/wp\/v2\/product\/137723\/revisions"}],"wp:featuredmedia":[{"embeddable":true,"href":"https:\/\/www.naturalremedy.com\/fr\/wp-json\/wp\/v2\/media\/137724"}],"wp:attachment":[{"href":"https:\/\/www.naturalremedy.com\/fr\/wp-json\/wp\/v2\/media?parent=137723"}],"wp:term":[{"taxonomy":"product_brand","embeddable":true,"href":"https:\/\/www.naturalremedy.com\/fr\/wp-json\/wp\/v2\/product_brand?post=137723"},{"taxonomy":"product_cat","embeddable":true,"href":"https:\/\/www.naturalremedy.com\/fr\/wp-json\/wp\/v2\/product_cat?post=137723"},{"taxonomy":"product_tag","embeddable":true,"href":"https:\/\/www.naturalremedy.com\/fr\/wp-json\/wp\/v2\/product_tag?post=137723"}],"curies":[{"name":"wp","href":"https:\/\/api.w.org\/{rel}","templated":true}]}}