{"id":137725,"date":"2023-02-15T06:14:07","date_gmt":"2023-02-15T06:14:07","guid":{"rendered":"https:\/\/www.naturalremedy.com\/product\/stodi-2\/"},"modified":"2026-05-14T09:09:57","modified_gmt":"2026-05-14T09:09:57","slug":"stodi-2","status":"publish","type":"product","link":"https:\/\/www.naturalremedy.com\/fr\/product\/stodi-2\/","title":{"rendered":"Stodi \u00ae"},"content":{"rendered":"<p>STODI est une poudre botanique standardis\u00e9e destin\u00e9e \u00e0 r\u00e9duire les fientes humides et \u00e0 am\u00e9liorer l\u2019int\u00e9grit\u00e9 intestinale. STODI soutient \u00e9galement la croissance et a un impact positif sur l\u2019environnement en r\u00e9duisant la production d\u2019ammoniac et la population de mouches gr\u00e2ce \u00e0 son action unique visant \u00e0 r\u00e9duire l\u2019humidit\u00e9 de la liti\u00e8re. Stodi est une combinaison synergique de phyto-constituants tels que l\u2019andrographolide, les punicalagines et d\u2019autres ellagitanins &amp; polyph\u00e9nols issus d\u2019herbes s\u00e9lectionn\u00e9es. Stodi a \u00e9galement d\u00e9montr\u00e9, via des \u00e9tudes de m\u00e9tag\u00e9nomique, une am\u00e9lioration du microbiote intestinal et une am\u00e9lioration de l\u2019immunit\u00e9 intestinale gr\u00e2ce \u00e0 des \u00e9tudes sur la surface du GALT.<\/p>\n","protected":false},"excerpt":{"rendered":"<p>STODI est une poudre botanique standardis\u00e9e destin\u00e9e \u00e0 r\u00e9duire les fientes humides et \u00e0 am\u00e9liorer l\u2019int\u00e9grit\u00e9 intestinale. STODI soutient \u00e9galement la croissance et a un impact positif sur l\u2019environnement en r\u00e9duisant la production d\u2019ammoniac et la population de mouches gr\u00e2ce \u00e0 son action unique visant \u00e0 r\u00e9duire l\u2019humidit\u00e9 de la liti\u00e8re. Stodi est une combinaison [&hellip;]<\/p>\n","protected":false},"featured_media":137721,"comment_status":"open","ping_status":"closed","template":"","meta":{"_acf_changed":false},"product_brand":[],"product_cat":[103,112,113,115],"product_tag":[],"class_list":{"0":"post-137725","1":"product","2":"type-product","3":"status-publish","4":"has-post-thumbnail","6":"product_cat-domestic","7":"product_cat-india-monogastrics","8":"product_cat-poultry-care","9":"product_cat-wet-litter-control","11":"first","12":"instock","13":"shipping-taxable","14":"product-type-simple"},"acf":{"product_name":"Stodi ","headline":"Ma\u00eetrise totale de la diarrh\u00e9e ","product_thumbnail":1068,"product_content":"STODI est une poudre botanique standardis\u00e9e qui r\u00e9duit les fientes humides et am\u00e9liore l\u2019int\u00e9grit\u00e9 intestinale. STODI soutient \u00e9galement la croissance et a un impact positif sur l\u2019environnement. STODI r\u00e9duit la production d\u2019ammoniac et la population de mouches gr\u00e2ce \u00e0 son action unique de r\u00e9duction de l\u2019humidit\u00e9 de la liti\u00e8re.\r\n\r\nSTODI associe en synergie des phyto-constituants tels que l\u2019andrographolide, les punicalagines et d\u2019autres ellagitanins et polyph\u00e9nols issus d\u2019herbes s\u00e9lectionn\u00e9es. STODI a \u00e9galement d\u00e9montr\u00e9, via des \u00e9tudes de m\u00e9tag\u00e9nomique, une am\u00e9lioration du microbiote intestinal, ainsi qu\u2019une am\u00e9lioration de l\u2019immunit\u00e9 intestinale gr\u00e2ce \u00e0 des \u00e9tudes sur la surface du GALT.\r\n\r\nValid\u00e9 scientifiquement gr\u00e2ce aux technologies OMICS.","availability_in":[{"available":"25 kg"}],"product_video_text":"","product_video":"","usp_content":"<ul>\r\n \t<li>Renforce l\u2019int\u00e9grit\u00e9 intestinale.<\/li>\r\n \t<li>Normalise le p\u00e9ristaltisme intestinal.<\/li>\r\n \t<li>Effets anti-inflammatoires sur la lumi\u00e8re intestinale.<\/li>\r\n \t<li>Renforce l\u2019immunit\u00e9 intestinale.<\/li>\r\n \t<li>Contr\u00f4le l\u2019hypers\u00e9cr\u00e9tion.<\/li>\r\n<\/ul>","features_content":"","usage_content":"<ul>\r\n \t<li>En pr\u00e9vention : 1 kg par tonne d\u2019aliment.<\/li>\r\n<\/ul>","benfits":"","mixing_rate_content":"","target_species":[{"svg_icon":131039,"species_name":"Poulets de chair"},{"svg_icon":131039,"species_name":"Pondeuses"},{"svg_icon":131039,"species_name":"Reproducteurs "}],"continent":["South Asia"],"faqs":null,"certifications":[{"certificate_image":137726},{"certificate_image":137728},{"certificate_image":137729}]},"_links":{"self":[{"href":"https:\/\/www.naturalremedy.com\/fr\/wp-json\/wp\/v2\/product\/137725","targetHints":{"allow":["GET"]}}],"collection":[{"href":"https:\/\/www.naturalremedy.com\/fr\/wp-json\/wp\/v2\/product"}],"about":[{"href":"https:\/\/www.naturalremedy.com\/fr\/wp-json\/wp\/v2\/types\/product"}],"replies":[{"embeddable":true,"href":"https:\/\/www.naturalremedy.com\/fr\/wp-json\/wp\/v2\/comments?post=137725"}],"version-history":[{"count":1,"href":"https:\/\/www.naturalremedy.com\/fr\/wp-json\/wp\/v2\/product\/137725\/revisions"}],"predecessor-version":[{"id":137744,"href":"https:\/\/www.naturalremedy.com\/fr\/wp-json\/wp\/v2\/product\/137725\/revisions\/137744"}],"wp:featuredmedia":[{"embeddable":true,"href":"https:\/\/www.naturalremedy.com\/fr\/wp-json\/wp\/v2\/media\/137721"}],"wp:attachment":[{"href":"https:\/\/www.naturalremedy.com\/fr\/wp-json\/wp\/v2\/media?parent=137725"}],"wp:term":[{"taxonomy":"product_brand","embeddable":true,"href":"https:\/\/www.naturalremedy.com\/fr\/wp-json\/wp\/v2\/product_brand?post=137725"},{"taxonomy":"product_cat","embeddable":true,"href":"https:\/\/www.naturalremedy.com\/fr\/wp-json\/wp\/v2\/product_cat?post=137725"},{"taxonomy":"product_tag","embeddable":true,"href":"https:\/\/www.naturalremedy.com\/fr\/wp-json\/wp\/v2\/product_tag?post=137725"}],"curies":[{"name":"wp","href":"https:\/\/api.w.org\/{rel}","templated":true}]}}