{"id":137745,"date":"2021-06-09T16:54:47","date_gmt":"2021-06-09T16:54:47","guid":{"rendered":"https:\/\/www.naturalremedy.com\/product\/egmax-mb\/"},"modified":"2026-05-14T08:54:29","modified_gmt":"2026-05-14T08:54:29","slug":"egmax-mb","status":"publish","type":"product","link":"https:\/\/www.naturalremedy.com\/fr\/product\/egmax-mb\/","title":{"rendered":"Egmax MB \u00ae"},"content":{"rendered":"","protected":false},"excerpt":{"rendered":"","protected":false},"featured_media":137746,"comment_status":"open","ping_status":"closed","template":"","meta":{"_acf_changed":false},"product_brand":[],"product_cat":[112,113,117],"product_tag":[],"class_list":{"0":"post-137745","1":"product","2":"type-product","3":"status-publish","4":"has-post-thumbnail","6":"product_cat-india-monogastrics","7":"product_cat-poultry-care","8":"product_cat-reproductive-care-poultry-care","10":"first","11":"instock","12":"shipping-taxable","13":"product-type-simple"},"acf":{"product_name":"Egmax MB","headline":"Nutrition fonctionnelle pour des performances optimales des souches modernes","product_thumbnail":137755,"product_content":"EGMAX MB, une poudre botanique standardis\u00e9e (SBP), vise \u00e0 optimiser la productivit\u00e9 des femelles. Cette SBP comprend des phyto-constituants qui agissent comme additifs alimentaires naturels pour des performances optimales.\r\n\r\nEGMAX MB aide \u00e0 am\u00e9liorer la qualit\u00e9 et la quantit\u00e9 des \u0153ufs \u00e0 couver, favorise la fertilit\u00e9 et l\u2019\u00e9closabilit\u00e9 et contribue \u00e0 optimiser la production d\u2019\u0153ufs et la masse d\u2019\u0153ufs. EGMAX MB est un produit essentiel de sant\u00e9 avicole qui agit comme fournisseur de nutrition fonctionnelle afin d\u2019am\u00e9liorer la productivit\u00e9 globale et la rentabilit\u00e9 des poules reproductrices et pondeuses.","availability_in":[{"available":"1 kg"}],"product_video_text":"","product_video":"","usp_content":"<ul>\r\n \t<li>Am\u00e9lioration de la folliculogen\u00e8se.<\/li>\r\n \t<li>Antioxydant puissant pour pi\u00e9ger les radicaux libres.<\/li>\r\n \t<li>Nutrition fonctionnelle pour des performances optimales des souches modernes.<\/li>\r\n<\/ul>","features_content":"","usage_content":"<ul>\r\n \t<li>500 g par tonne d\u2019aliment pendant 15 jours par mois.<\/li>\r\n \t<li>En conditions difficiles (apr\u00e8s exclusion de l\u2019\u00e9tiologie) : 1 kg par tonne d\u2019aliment pendant 21 jours par mois, jusqu\u2019au r\u00e9tablissement de la ponte.<\/li>\r\n \t<li>Troupeau non pondeur : 1 kg par tonne d\u2019aliment en continu jusqu\u2019au r\u00e9tablissement de la ponte.<\/li>\r\n \t<li>Pondeuses commerciales : 500 g par tonne d\u2019aliment pendant 07 jours, puis 300 g par tonne d\u2019aliment jusqu\u2019au r\u00e9tablissement de la ponte.<\/li>\r\n<\/ul>","benfits":"","mixing_rate_content":"","target_species":[{"svg_icon":131039,"species_name":"Reproducteurs "},{"svg_icon":131039,"species_name":"  Pondeuses  "}],"continent":["South Asia"],"faqs":null,"certifications":null},"_links":{"self":[{"href":"https:\/\/www.naturalremedy.com\/fr\/wp-json\/wp\/v2\/product\/137745","targetHints":{"allow":["GET"]}}],"collection":[{"href":"https:\/\/www.naturalremedy.com\/fr\/wp-json\/wp\/v2\/product"}],"about":[{"href":"https:\/\/www.naturalremedy.com\/fr\/wp-json\/wp\/v2\/types\/product"}],"replies":[{"embeddable":true,"href":"https:\/\/www.naturalremedy.com\/fr\/wp-json\/wp\/v2\/comments?post=137745"}],"version-history":[{"count":1,"href":"https:\/\/www.naturalremedy.com\/fr\/wp-json\/wp\/v2\/product\/137745\/revisions"}],"predecessor-version":[{"id":137756,"href":"https:\/\/www.naturalremedy.com\/fr\/wp-json\/wp\/v2\/product\/137745\/revisions\/137756"}],"wp:featuredmedia":[{"embeddable":true,"href":"https:\/\/www.naturalremedy.com\/fr\/wp-json\/wp\/v2\/media\/137746"}],"wp:attachment":[{"href":"https:\/\/www.naturalremedy.com\/fr\/wp-json\/wp\/v2\/media?parent=137745"}],"wp:term":[{"taxonomy":"product_brand","embeddable":true,"href":"https:\/\/www.naturalremedy.com\/fr\/wp-json\/wp\/v2\/product_brand?post=137745"},{"taxonomy":"product_cat","embeddable":true,"href":"https:\/\/www.naturalremedy.com\/fr\/wp-json\/wp\/v2\/product_cat?post=137745"},{"taxonomy":"product_tag","embeddable":true,"href":"https:\/\/www.naturalremedy.com\/fr\/wp-json\/wp\/v2\/product_tag?post=137745"}],"curies":[{"name":"wp","href":"https:\/\/api.w.org\/{rel}","templated":true}]}}