{"id":84413,"date":"2025-08-26T09:06:28","date_gmt":"2025-08-26T09:06:28","guid":{"rendered":"https:\/\/www.naturalremedy.com\/disclaimer\/"},"modified":"2025-12-04T06:18:18","modified_gmt":"2025-12-04T06:18:18","slug":"disclaimer","status":"publish","type":"page","link":"https:\/\/www.naturalremedy.com\/it\/disclaimer\/","title":{"rendered":"Dichiarazione di non responsabilit\u00e0"},"content":{"rendered":"\t\t<div data-elementor-type=\"wp-page\" data-elementor-id=\"84413\" class=\"elementor elementor-84413 elementor-23042\" data-elementor-post-type=\"page\">\n\t\t\t\t<div class=\"elementor-element elementor-element-0c58aa1 e-flex e-con-boxed e-con e-parent\" data-id=\"0c58aa1\" data-element_type=\"container\" data-e-type=\"container\" data-settings=\"{&quot;background_background&quot;:&quot;classic&quot;}\">\n\t\t\t\t\t<div class=\"e-con-inner\">\n\t\t\t\t<div class=\"elementor-element elementor-element-e640fbb elementor-widget elementor-widget-heading\" data-id=\"e640fbb\" data-element_type=\"widget\" data-e-type=\"widget\" data-widget_type=\"heading.default\">\n\t\t\t\t\t<h2 class=\"elementor-heading-title elementor-size-default\">Dichiarazione di non responsabilit\u00e0<\/h2>\t\t\t\t<\/div>\n\t\t\t\t<div class=\"elementor-element elementor-element-79b0b44 elementor-widget elementor-widget-text-editor\" data-id=\"79b0b44\" data-element_type=\"widget\" data-e-type=\"widget\" data-widget_type=\"text-editor.default\">\n\t\t\t\t\t\t\t\t\t<p><strong>Informazioni generali:<\/strong><\/p><p class=\"sec-desc\">Questo \u00e8 il sito web ufficiale di Natural Remedies Private Limited. Tutti i contenuti di questo Sito sono solo a scopo informativo o per uso generale. <\/p><p><strong>Accuratezza delle informazioni:<\/strong><\/p><p class=\"sec-desc\">Non viene fornita alcuna dichiarazione, garanzia o assicurazione in merito all&#8217;accuratezza, adeguatezza, affidabilit\u00e0, completezza, idoneit\u00e0 o applicabilit\u00e0 delle informazioni a una situazione particolare.<\/p><p><strong>Navigazione del sito:<\/strong><\/p><p class=\"sec-desc\">Qualsiasi materiale\/contenuto scaricato o altrimenti ottenuto tramite l&#8217;uso del sito \u00e8 a vostra discrezione e rischio. Sebbene adottiamo tutte le precauzioni e la cura contro i virus presenti nel Contenuto o inviati tramite il sito web, noi e\/o i nostri associati e affiliati non garantiamo che questo sito, i suoi server o qualsiasi e-mail inviata da noi non contengano virus o componenti dannosi. Se si verificano danni al vostro sistema informatico e si accumulano perdite, non sar\u00e0 responsabilit\u00e0 di Natural Remedies Private Limited. Sarete gli unici responsabili per qualsiasi danno al vostro sistema informatico o perdita di dati o qualsiasi altro danno derivante dall&#8217;uso di tale materiale.   <\/p><p><strong>Copyright e marchi registrati:<\/strong><\/p><p class=\"sec-desc\">Salvo diversa indicazione, il copyright e tutti i diritti di propriet\u00e0 intellettuale su tutto il materiale presentato sul sito (inclusi, a titolo esemplificativo ma non esaustivo, testi, audio, video o immagini grafiche), i marchi e i loghi che appaiono su questo sito sono di propriet\u00e0 di Natural Remedies Private Limited, delle sue affiliate e associate e sono protetti dalle leggi indiane applicabili.<\/p><p><strong>Rimedi:<\/strong><\/p><p class=\"sec-desc\">I rimedi presentati sul sito si basano sugli usi terapeutici delle erbe culinarie. Questi possono essere assunti per disturbi minori ma non sostituiscono in alcun modo la diagnosi di un medico. Se il problema persiste, consultare immediatamente un medico. Sebbene questi rimedi siano generalmente sicuri per il pubblico e di solito non abbiano effetti collaterali, Natural Remedies Private Limited consiglia che vengano praticati\/assunti a esclusiva discrezione dell&#8217;utente.   <\/p>\t\t\t\t\t\t\t\t<\/div>\n\t\t\t\t\t<\/div>\n\t\t\t\t<\/div>\n\t\t\t\t<\/div>\n\t\t","protected":false},"excerpt":{"rendered":"<p>Dichiarazione di non responsabilit\u00e0 Informazioni generali: Questo \u00e8 il sito web ufficiale di Natural Remedies Private Limited. Tutti i contenuti di questo Sito sono solo a scopo informativo o per uso generale. Accuratezza delle informazioni: Non viene fornita alcuna dichiarazione, garanzia o assicurazione in merito all&#8217;accuratezza, adeguatezza, affidabilit\u00e0, completezza, idoneit\u00e0 o applicabilit\u00e0 delle informazioni a [&hellip;]<\/p>\n","protected":false},"author":1,"featured_media":0,"parent":0,"menu_order":0,"comment_status":"closed","ping_status":"closed","template":"","meta":{"_acf_changed":false,"footnotes":""},"class_list":["post-84413","page","type-page","status-publish","hentry"],"acf":[],"_links":{"self":[{"href":"https:\/\/www.naturalremedy.com\/it\/wp-json\/wp\/v2\/pages\/84413","targetHints":{"allow":["GET"]}}],"collection":[{"href":"https:\/\/www.naturalremedy.com\/it\/wp-json\/wp\/v2\/pages"}],"about":[{"href":"https:\/\/www.naturalremedy.com\/it\/wp-json\/wp\/v2\/types\/page"}],"author":[{"embeddable":true,"href":"https:\/\/www.naturalremedy.com\/it\/wp-json\/wp\/v2\/users\/1"}],"replies":[{"embeddable":true,"href":"https:\/\/www.naturalremedy.com\/it\/wp-json\/wp\/v2\/comments?post=84413"}],"version-history":[{"count":1,"href":"https:\/\/www.naturalremedy.com\/it\/wp-json\/wp\/v2\/pages\/84413\/revisions"}],"predecessor-version":[{"id":84477,"href":"https:\/\/www.naturalremedy.com\/it\/wp-json\/wp\/v2\/pages\/84413\/revisions\/84477"}],"wp:attachment":[{"href":"https:\/\/www.naturalremedy.com\/it\/wp-json\/wp\/v2\/media?parent=84413"}],"curies":[{"name":"wp","href":"https:\/\/api.w.org\/{rel}","templated":true}]}}