{"id":84535,"date":"2025-08-28T11:20:56","date_gmt":"2025-08-28T11:20:56","guid":{"rendered":"https:\/\/www.naturalremedy.com\/terms-of-use\/"},"modified":"2025-12-23T06:48:02","modified_gmt":"2025-12-23T06:48:02","slug":"terms-of-use","status":"publish","type":"page","link":"https:\/\/www.naturalremedy.com\/it\/terms-of-use\/","title":{"rendered":"Condizioni d&#8217;uso"},"content":{"rendered":"\t\t<div data-elementor-type=\"wp-page\" data-elementor-id=\"84535\" class=\"elementor elementor-84535 elementor-23247\" data-elementor-post-type=\"page\">\n\t\t\t\t<div class=\"elementor-element elementor-element-0c58aa1 e-flex e-con-boxed e-con e-parent\" data-id=\"0c58aa1\" data-element_type=\"container\" data-e-type=\"container\" data-settings=\"{&quot;background_background&quot;:&quot;classic&quot;}\">\n\t\t\t\t\t<div class=\"e-con-inner\">\n\t\t\t\t<div class=\"elementor-element elementor-element-e640fbb elementor-widget elementor-widget-heading\" data-id=\"e640fbb\" data-element_type=\"widget\" data-e-type=\"widget\" data-widget_type=\"heading.default\">\n\t\t\t\t\t<h2 class=\"elementor-heading-title elementor-size-default\">Condizioni d'uso<\/h2>\t\t\t\t<\/div>\n\t\t\t\t<div class=\"elementor-element elementor-element-79b0b44 elementor-widget elementor-widget-text-editor\" data-id=\"79b0b44\" data-element_type=\"widget\" data-e-type=\"widget\" data-widget_type=\"text-editor.default\">\n\t\t\t\t\t\t\t\t\t<p>SI PREGA DI LEGGERE ATTENTAMENTE QUESTI TERMINI PRIMA DI UTILIZZARE QUESTO SITO WEB. L&#8217;UTILIZZO DI QUESTO SITO WEB INDICA L&#8217;ACCETTAZIONE DI QUESTI TERMINI. SI PREGA DI NON UTILIZZARE QUESTO SITO WEB SE NON SI ACCETTANO QUESTI TERMINI.  <\/p><p class=\"sec-desc\">Utilizzando questo Sito, l&#8217;utente accetta i termini e le condizioni che costituiscono l&#8217;intero accordo tra Natural Remedies Private Limited e l&#8217;utente. Questi Termini sostituiscono tutte le dichiarazioni, garanzie e intese precedenti e contemporanee, orali o scritte, relative al Sito, ai suoi contenuti e a qualsiasi servizio fornito sul sito. In caso di conflitto tra questi Termini e qualsiasi accordo o intesa relativa al Sito, prevarranno i Termini.  <\/p><p class=\"sec-desc\">Il materiale presente su questo sito web \u00e8 protetto dalla legge sul copyright ed \u00e8 di propriet\u00e0 di Natural Remedies Private Limited. Tutti i diritti su questo materiale sono riservati. Le informazioni e le immagini qui presentate non possono in nessun caso essere riprodotte o utilizzate senza previa autorizzazione scritta. Gli utenti possono visualizzare e scaricare materiale da questo sito solo per uso personale, non commerciale e domestico. Qualsiasi atto di riproduzione, ripubblicazione, caricamento, pubblicazione, trasmissione, distribuzione o visualizzazione pubblica di materiale da questo sito web senza l&#8217;autorizzazione scritta di Natural Remedies Private Limited costituir\u00e0 una violazione del Copyright e del Marchio di propriet\u00e0 di Natural Remedies Private Limited.    <\/p><p class=\"sec-desc\">Gli utenti accettano di non utilizzare il sito per scopi di vendita, commercio o altri scopi commerciali. Gli utenti non possono utilizzare un linguaggio minaccioso, offensivo, volgare, scortese o criminale. Gli utenti non possono inoltre pubblicare o trasmettere informazioni o materiali che violerebbero i diritti di terzi o che contengono un virus o altri componenti dannosi. Natural Remedies Private Limited si riserva il diritto di rimuovere o modificare qualsiasi messaggio o materiale inviato dagli utenti.   <\/p><p class=\"sec-desc\">L&#8217;Utente comprende e riconosce che qualsiasi link che lo indirizza a siti di terze parti non \u00e8 gestito da Natural Remedies Private Limited e che la politica sulla privacy di Natural Remedies Private Limited non si applica. Questo link \u00e8 fornito per comodit\u00e0 e non costituisce un&#8217;approvazione da parte di Natural Remedies Private Limited di qualsiasi informazione o contatto che l&#8217;utente possa trovare su questo sito non di Natural Remedies Private Limited. <\/p><p class=\"sec-desc\">In nessun caso, inclusa ma non limitata alla negligenza, Natural Remedies Private Limited sar\u00e0 responsabile per danni speciali o consequenziali derivanti dall&#8217;uso o dall&#8217;incapacit\u00e0 di usare i materiali presenti in questo sito.<\/p><p class=\"sec-desc\">Il presente accordo \u00e8 efficace fino alla risoluzione da parte di una delle parti. L&#8217;utente pu\u00f2 risolvere il presente accordo in qualsiasi momento interrompendo l&#8217;utilizzo di questo sito e distruggendo tutti i materiali ottenuti da esso. <\/p><p class=\"sec-desc\">Utilizzando questo Sito, l&#8217;utente accetta che questi termini siano regolati e interpretati in conformit\u00e0 con le leggi della giurisdizione dello Stato del Karnataka, India, senza riguardo alle sue norme sul conflitto di leggi. Utilizzando questo Sito, l&#8217;utente accetta inoltre che qualsiasi controversia derivante da o in relazione a questi Termini sar\u00e0 portata nei tribunali della giurisdizione di Bangalore. <\/p>\t\t\t\t\t\t\t\t<\/div>\n\t\t\t\t\t<\/div>\n\t\t\t\t<\/div>\n\t\t\t\t<\/div>\n\t\t","protected":false},"excerpt":{"rendered":"<p>Condizioni d&#8217;uso SI PREGA DI LEGGERE ATTENTAMENTE QUESTI TERMINI PRIMA DI UTILIZZARE QUESTO SITO WEB. L&#8217;UTILIZZO DI QUESTO SITO WEB INDICA L&#8217;ACCETTAZIONE DI QUESTI TERMINI. SI PREGA DI NON UTILIZZARE QUESTO SITO WEB SE NON SI ACCETTANO QUESTI TERMINI. Utilizzando questo Sito, l&#8217;utente accetta i termini e le condizioni che costituiscono l&#8217;intero accordo tra Natural [&hellip;]<\/p>\n","protected":false},"author":1,"featured_media":0,"parent":0,"menu_order":0,"comment_status":"closed","ping_status":"closed","template":"","meta":{"_acf_changed":false,"footnotes":""},"class_list":["post-84535","page","type-page","status-publish","hentry"],"acf":[],"_links":{"self":[{"href":"https:\/\/www.naturalremedy.com\/it\/wp-json\/wp\/v2\/pages\/84535","targetHints":{"allow":["GET"]}}],"collection":[{"href":"https:\/\/www.naturalremedy.com\/it\/wp-json\/wp\/v2\/pages"}],"about":[{"href":"https:\/\/www.naturalremedy.com\/it\/wp-json\/wp\/v2\/types\/page"}],"author":[{"embeddable":true,"href":"https:\/\/www.naturalremedy.com\/it\/wp-json\/wp\/v2\/users\/1"}],"replies":[{"embeddable":true,"href":"https:\/\/www.naturalremedy.com\/it\/wp-json\/wp\/v2\/comments?post=84535"}],"version-history":[{"count":1,"href":"https:\/\/www.naturalremedy.com\/it\/wp-json\/wp\/v2\/pages\/84535\/revisions"}],"predecessor-version":[{"id":84589,"href":"https:\/\/www.naturalremedy.com\/it\/wp-json\/wp\/v2\/pages\/84535\/revisions\/84589"}],"wp:attachment":[{"href":"https:\/\/www.naturalremedy.com\/it\/wp-json\/wp\/v2\/media?parent=84535"}],"curies":[{"name":"wp","href":"https:\/\/api.w.org\/{rel}","templated":true}]}}