{"id":84598,"date":"2025-09-24T04:25:18","date_gmt":"2025-09-24T04:25:18","guid":{"rendered":"https:\/\/www.naturalremedy.com\/animal-health-care-blogs\/"},"modified":"2026-01-02T05:41:32","modified_gmt":"2026-01-02T05:41:32","slug":"animal-health-care-blogs","status":"publish","type":"page","link":"https:\/\/www.naturalremedy.com\/it\/animal-health-care-blogs\/","title":{"rendered":"Blog"},"content":{"rendered":"\t\t<div data-elementor-type=\"wp-page\" data-elementor-id=\"84598\" class=\"elementor elementor-84598 elementor-30685\" data-elementor-post-type=\"page\">\n\t\t\t\t<div class=\"elementor-element elementor-element-bb2d1e3 e-flex e-con-boxed e-con e-parent\" data-id=\"bb2d1e3\" data-element_type=\"container\" data-e-type=\"container\" data-settings=\"{&quot;background_background&quot;:&quot;classic&quot;}\">\n\t\t\t\t\t<div class=\"e-con-inner\">\n\t\t\t\t\t<\/div>\n\t\t\t\t<\/div>\n\t\t<div class=\"elementor-element elementor-element-f57539f e-flex e-con-boxed e-con e-parent\" data-id=\"f57539f\" data-element_type=\"container\" data-e-type=\"container\">\n\t\t\t\t\t<div class=\"e-con-inner\">\n\t\t\t\t<div class=\"elementor-element elementor-element-c2d69c9 elementor-grid-3 elementor-grid-tablet-2 elementor-grid-mobile-1 elementor-posts--thumbnail-top elementor-widget elementor-widget-posts\" data-id=\"c2d69c9\" data-element_type=\"widget\" data-e-type=\"widget\" data-settings=\"{&quot;pagination_type&quot;:&quot;prev_next&quot;,&quot;classic_columns&quot;:&quot;3&quot;,&quot;classic_columns_tablet&quot;:&quot;2&quot;,&quot;classic_columns_mobile&quot;:&quot;1&quot;,&quot;classic_row_gap&quot;:{&quot;unit&quot;:&quot;px&quot;,&quot;size&quot;:35,&quot;sizes&quot;:[]},&quot;classic_row_gap_tablet&quot;:{&quot;unit&quot;:&quot;px&quot;,&quot;size&quot;:&quot;&quot;,&quot;sizes&quot;:[]},&quot;classic_row_gap_mobile&quot;:{&quot;unit&quot;:&quot;px&quot;,&quot;size&quot;:&quot;&quot;,&quot;sizes&quot;:[]}}\" data-widget_type=\"posts.classic\">\n\t\t\t\t<div class=\"elementor-widget-container\">\n\t\t\t\t\t\t\t<div class=\"elementor-posts-container elementor-posts elementor-posts--skin-classic elementor-grid\" role=\"list\">\n\t\t\t\t<article class=\"elementor-post elementor-grid-item post-85287 post type-post status-publish format-standard has-post-thumbnail hentry\" role=\"listitem\">\n\t\t\t\t<a class=\"elementor-post__thumbnail__link\" href=\"https:\/\/www.naturalremedy.com\/it\/blog\/how-natural-remediespeople-first-mindset-won-it-the-happiest-places-to-work-certification-thrice\/\" tabindex=\"-1\" >\n\t\t\t<div class=\"elementor-post__thumbnail\"><img fetchpriority=\"high\" decoding=\"async\" width=\"700\" height=\"500\" src=\"https:\/\/www.naturalremedy.com\/wp-content\/uploads\/2025\/10\/Natural-Remedies.png\" class=\"attachment-full size-full wp-image-85288\" alt=\"How Natural Remedies\u2019people-first mindset won it the Happiest Places to Work\u00ae certification thrice\" srcset=\"https:\/\/www.naturalremedy.com\/wp-content\/uploads\/2025\/10\/Natural-Remedies.png 700w, https:\/\/www.naturalremedy.com\/wp-content\/uploads\/2025\/10\/Natural-Remedies-300x214.png 300w, https:\/\/www.naturalremedy.com\/wp-content\/uploads\/2025\/10\/Natural-Remedies-600x429.png 600w\" sizes=\"(max-width: 700px) 100vw, 700px\" \/><\/div>\n\t\t<\/a>\n\t\t\t\t<div class=\"elementor-post__text\">\n\t\t\t\t<h3 class=\"elementor-post__title\">\n\t\t\t<a href=\"https:\/\/www.naturalremedy.com\/it\/blog\/how-natural-remediespeople-first-mindset-won-it-the-happiest-places-to-work-certification-thrice\/\" >\n\t\t\t\tCome la mentalit\u00e0 di Natural Remedies, che mette al primo posto le persone, le \u00e8 valsa la certificazione dei luoghi di lavoro pi\u00f9 felici\u00ae per la terza volta\t\t\t<\/a>\n\t\t<\/h3>\n\t\t\t\t<div class=\"elementor-post__meta-data\">\n\t\t\t\t\t<span class=\"elementor-post-date\">\n\t\t\tOttobre 8, 2025\t\t<\/span>\n\t\t\t\t<\/div>\n\t\t\n\t\t<a class=\"elementor-post__read-more\" href=\"https:\/\/www.naturalremedy.com\/it\/blog\/how-natural-remediespeople-first-mindset-won-it-the-happiest-places-to-work-certification-thrice\/\" aria-label=\"Leggi tutto Come la mentalit\u00e0 di Natural Remedies, che mette al primo posto le persone, le \u00e8 valsa la certificazione dei luoghi di lavoro pi\u00f9 felici\u00ae per la terza volta\" tabindex=\"-1\" >\n\t\t\tLeggi di pi\u00f9 \u00bb\t\t<\/a>\n\n\t\t\t\t<\/div>\n\t\t\t\t<\/article>\n\t\t\t\t<article class=\"elementor-post elementor-grid-item post-85285 post type-post status-publish format-standard has-post-thumbnail hentry category-poultry-care\" role=\"listitem\">\n\t\t\t\t<a class=\"elementor-post__thumbnail__link\" href=\"https:\/\/www.naturalremedy.com\/it\/blog\/cold-stress-in-poultry\/\" tabindex=\"-1\" >\n\t\t\t<div class=\"elementor-post__thumbnail\"><img decoding=\"async\" width=\"2048\" height=\"1117\" src=\"https:\/\/www.naturalremedy.com\/wp-content\/uploads\/2025\/09\/Gemini_Generated_Image_2uhxut2uhxut2uhx-2048x1117-1.webp\" class=\"attachment-full size-full wp-image-85286\" alt=\"cold stress in poultry\" srcset=\"https:\/\/www.naturalremedy.com\/wp-content\/uploads\/2025\/09\/Gemini_Generated_Image_2uhxut2uhxut2uhx-2048x1117-1.webp 2048w, https:\/\/www.naturalremedy.com\/wp-content\/uploads\/2025\/09\/Gemini_Generated_Image_2uhxut2uhxut2uhx-2048x1117-1-300x164.webp 300w, https:\/\/www.naturalremedy.com\/wp-content\/uploads\/2025\/09\/Gemini_Generated_Image_2uhxut2uhxut2uhx-2048x1117-1-1024x559.webp 1024w, https:\/\/www.naturalremedy.com\/wp-content\/uploads\/2025\/09\/Gemini_Generated_Image_2uhxut2uhxut2uhx-2048x1117-1-768x419.webp 768w, https:\/\/www.naturalremedy.com\/wp-content\/uploads\/2025\/09\/Gemini_Generated_Image_2uhxut2uhxut2uhx-2048x1117-1-1536x838.webp 1536w, https:\/\/www.naturalremedy.com\/wp-content\/uploads\/2025\/09\/Gemini_Generated_Image_2uhxut2uhxut2uhx-2048x1117-1-600x327.webp 600w\" sizes=\"(max-width: 2048px) 100vw, 2048px\" \/><\/div>\n\t\t<\/a>\n\t\t\t\t<div class=\"elementor-post__text\">\n\t\t\t\t<h3 class=\"elementor-post__title\">\n\t\t\t<a href=\"https:\/\/www.naturalremedy.com\/it\/blog\/cold-stress-in-poultry\/\" >\n\t\t\t\tStress da freddo nel pollame\t\t\t<\/a>\n\t\t<\/h3>\n\t\t\t\t<div class=\"elementor-post__meta-data\">\n\t\t\t\t\t<span class=\"elementor-post-date\">\n\t\t\tAgosto 29, 2025\t\t<\/span>\n\t\t\t\t<\/div>\n\t\t\n\t\t<a class=\"elementor-post__read-more\" href=\"https:\/\/www.naturalremedy.com\/it\/blog\/cold-stress-in-poultry\/\" aria-label=\"Leggi tutto Stress da freddo nel pollame\" tabindex=\"-1\" >\n\t\t\tLeggi di pi\u00f9 \u00bb\t\t<\/a>\n\n\t\t\t\t<\/div>\n\t\t\t\t<\/article>\n\t\t\t\t<article class=\"elementor-post elementor-grid-item post-104920 post type-post status-publish format-standard has-post-thumbnail hentry category-blogs category-poultry-care\" role=\"listitem\">\n\t\t\t\t<a class=\"elementor-post__thumbnail__link\" href=\"https:\/\/www.naturalremedy.com\/it\/optimizing-poultry-nutrition-the-role-of-choline-supplementation\/\" tabindex=\"-1\" >\n\t\t\t<div class=\"elementor-post__thumbnail\"><img decoding=\"async\" width=\"640\" height=\"385\" src=\"https:\/\/www.naturalremedy.com\/wp-content\/uploads\/2025\/02\/Optimizing-Poultry-Nutrition-The-Role-of-Choline-Supplementation.webp\" class=\"attachment-full size-full wp-image-104921\" alt=\"Optimizing Poultry Nutrition The Role of Choline-Supplementation\" srcset=\"https:\/\/www.naturalremedy.com\/wp-content\/uploads\/2025\/02\/Optimizing-Poultry-Nutrition-The-Role-of-Choline-Supplementation.webp 640w, https:\/\/www.naturalremedy.com\/wp-content\/uploads\/2025\/02\/Optimizing-Poultry-Nutrition-The-Role-of-Choline-Supplementation-300x180.webp 300w, https:\/\/www.naturalremedy.com\/wp-content\/uploads\/2025\/02\/Optimizing-Poultry-Nutrition-The-Role-of-Choline-Supplementation-600x361.webp 600w\" sizes=\"(max-width: 640px) 100vw, 640px\" \/><\/div>\n\t\t<\/a>\n\t\t\t\t<div class=\"elementor-post__text\">\n\t\t\t\t<h3 class=\"elementor-post__title\">\n\t\t\t<a href=\"https:\/\/www.naturalremedy.com\/it\/optimizing-poultry-nutrition-the-role-of-choline-supplementation\/\" >\n\t\t\t\tOttimizzazione della nutrizione del pollame: il ruolo dell&#8217;integrazione di colina\t\t\t<\/a>\n\t\t<\/h3>\n\t\t\t\t<div class=\"elementor-post__meta-data\">\n\t\t\t\t\t<span class=\"elementor-post-date\">\n\t\t\tAgosto 17, 2025\t\t<\/span>\n\t\t\t\t<\/div>\n\t\t\n\t\t<a class=\"elementor-post__read-more\" href=\"https:\/\/www.naturalremedy.com\/it\/optimizing-poultry-nutrition-the-role-of-choline-supplementation\/\" aria-label=\"Leggi tutto Ottimizzazione della nutrizione del pollame: il ruolo dell&#8217;integrazione di colina\" tabindex=\"-1\" >\n\t\t\tLeggi di pi\u00f9 \u00bb\t\t<\/a>\n\n\t\t\t\t<\/div>\n\t\t\t\t<\/article>\n\t\t\t\t<article class=\"elementor-post elementor-grid-item post-85365 post type-post status-publish format-standard has-post-thumbnail hentry category-poultry-care\" role=\"listitem\">\n\t\t\t\t<a class=\"elementor-post__thumbnail__link\" href=\"https:\/\/www.naturalremedy.com\/it\/blog\/loose-droppings-in-poultry-causes-treatment\/\" tabindex=\"-1\" >\n\t\t\t<div class=\"elementor-post__thumbnail\"><img loading=\"lazy\" decoding=\"async\" width=\"2048\" height=\"895\" src=\"https:\/\/www.naturalremedy.com\/wp-content\/uploads\/2025\/01\/Loose-Droppings-in-Poultry.webp\" class=\"attachment-full size-full wp-image-85366\" alt=\"Loose Droppings in Poultry: Causes &amp; Treatment\" srcset=\"https:\/\/www.naturalremedy.com\/wp-content\/uploads\/2025\/01\/Loose-Droppings-in-Poultry.webp 2048w, https:\/\/www.naturalremedy.com\/wp-content\/uploads\/2025\/01\/Loose-Droppings-in-Poultry-300x131.webp 300w, https:\/\/www.naturalremedy.com\/wp-content\/uploads\/2025\/01\/Loose-Droppings-in-Poultry-1024x448.webp 1024w, https:\/\/www.naturalremedy.com\/wp-content\/uploads\/2025\/01\/Loose-Droppings-in-Poultry-768x336.webp 768w, https:\/\/www.naturalremedy.com\/wp-content\/uploads\/2025\/01\/Loose-Droppings-in-Poultry-1536x671.webp 1536w, https:\/\/www.naturalremedy.com\/wp-content\/uploads\/2025\/01\/Loose-Droppings-in-Poultry-600x262.webp 600w\" sizes=\"(max-width: 2048px) 100vw, 2048px\" \/><\/div>\n\t\t<\/a>\n\t\t\t\t<div class=\"elementor-post__text\">\n\t\t\t\t<h3 class=\"elementor-post__title\">\n\t\t\t<a href=\"https:\/\/www.naturalremedy.com\/it\/blog\/loose-droppings-in-poultry-causes-treatment\/\" >\n\t\t\t\tFeci molli nel pollame: cause e trattamento\t\t\t<\/a>\n\t\t<\/h3>\n\t\t\t\t<div class=\"elementor-post__meta-data\">\n\t\t\t\t\t<span class=\"elementor-post-date\">\n\t\t\tGennaio 21, 2025\t\t<\/span>\n\t\t\t\t<\/div>\n\t\t\n\t\t<a class=\"elementor-post__read-more\" href=\"https:\/\/www.naturalremedy.com\/it\/blog\/loose-droppings-in-poultry-causes-treatment\/\" aria-label=\"Leggi tutto Feci molli nel pollame: cause e trattamento\" tabindex=\"-1\" >\n\t\t\tLeggi di pi\u00f9 \u00bb\t\t<\/a>\n\n\t\t\t\t<\/div>\n\t\t\t\t<\/article>\n\t\t\t\t<article class=\"elementor-post elementor-grid-item post-85375 post type-post status-publish format-standard has-post-thumbnail hentry category-blogs category-poultry-care\" role=\"listitem\">\n\t\t\t\t<a class=\"elementor-post__thumbnail__link\" href=\"https:\/\/www.naturalremedy.com\/it\/blog\/deep-litter-system-in-poultry-advantages-disadvantages\/\" tabindex=\"-1\" >\n\t\t\t<div class=\"elementor-post__thumbnail\"><img loading=\"lazy\" decoding=\"async\" width=\"1600\" height=\"1066\" src=\"https:\/\/www.naturalremedy.com\/wp-content\/uploads\/2024\/11\/Deep-Litter-System-In-Poultry-Advantages-Disadvantages.webp\" class=\"attachment-full size-full wp-image-85376\" alt=\"Deep Litter System In Poultry: Advantages &amp; Disadvantages\" srcset=\"https:\/\/www.naturalremedy.com\/wp-content\/uploads\/2024\/11\/Deep-Litter-System-In-Poultry-Advantages-Disadvantages.webp 1600w, https:\/\/www.naturalremedy.com\/wp-content\/uploads\/2024\/11\/Deep-Litter-System-In-Poultry-Advantages-Disadvantages-300x200.webp 300w, https:\/\/www.naturalremedy.com\/wp-content\/uploads\/2024\/11\/Deep-Litter-System-In-Poultry-Advantages-Disadvantages-1024x682.webp 1024w, https:\/\/www.naturalremedy.com\/wp-content\/uploads\/2024\/11\/Deep-Litter-System-In-Poultry-Advantages-Disadvantages-768x512.webp 768w, https:\/\/www.naturalremedy.com\/wp-content\/uploads\/2024\/11\/Deep-Litter-System-In-Poultry-Advantages-Disadvantages-1536x1023.webp 1536w, https:\/\/www.naturalremedy.com\/wp-content\/uploads\/2024\/11\/Deep-Litter-System-In-Poultry-Advantages-Disadvantages-600x400.webp 600w\" sizes=\"(max-width: 1600px) 100vw, 1600px\" \/><\/div>\n\t\t<\/a>\n\t\t\t\t<div class=\"elementor-post__text\">\n\t\t\t\t<h3 class=\"elementor-post__title\">\n\t\t\t<a href=\"https:\/\/www.naturalremedy.com\/it\/blog\/deep-litter-system-in-poultry-advantages-disadvantages\/\" >\n\t\t\t\tSistema di lettiera profonda nel pollame: vantaggi e svantaggi\t\t\t<\/a>\n\t\t<\/h3>\n\t\t\t\t<div class=\"elementor-post__meta-data\">\n\t\t\t\t\t<span class=\"elementor-post-date\">\n\t\t\tNovembre 29, 2024\t\t<\/span>\n\t\t\t\t<\/div>\n\t\t\n\t\t<a class=\"elementor-post__read-more\" href=\"https:\/\/www.naturalremedy.com\/it\/blog\/deep-litter-system-in-poultry-advantages-disadvantages\/\" aria-label=\"Leggi tutto Sistema di lettiera profonda nel pollame: vantaggi e svantaggi\" tabindex=\"-1\" >\n\t\t\tLeggi di pi\u00f9 \u00bb\t\t<\/a>\n\n\t\t\t\t<\/div>\n\t\t\t\t<\/article>\n\t\t\t\t<article class=\"elementor-post elementor-grid-item post-85367 post type-post status-publish format-standard has-post-thumbnail hentry category-poultry-care\" role=\"listitem\">\n\t\t\t\t<a class=\"elementor-post__thumbnail__link\" href=\"https:\/\/www.naturalremedy.com\/it\/blog\/folliculogenesis-in-poultry\/\" tabindex=\"-1\" >\n\t\t\t<div class=\"elementor-post__thumbnail\"><img loading=\"lazy\" decoding=\"async\" width=\"600\" height=\"412\" src=\"https:\/\/www.naturalremedy.com\/wp-content\/uploads\/2024\/11\/Factors-responsible-for-oxidative-stress.webp\" class=\"attachment-full size-full wp-image-85368\" alt=\"Folliculogenesis in Poultry\" srcset=\"https:\/\/www.naturalremedy.com\/wp-content\/uploads\/2024\/11\/Factors-responsible-for-oxidative-stress.webp 600w, https:\/\/www.naturalremedy.com\/wp-content\/uploads\/2024\/11\/Factors-responsible-for-oxidative-stress-300x206.webp 300w\" sizes=\"(max-width: 600px) 100vw, 600px\" \/><\/div>\n\t\t<\/a>\n\t\t\t\t<div class=\"elementor-post__text\">\n\t\t\t\t<h3 class=\"elementor-post__title\">\n\t\t\t<a href=\"https:\/\/www.naturalremedy.com\/it\/blog\/folliculogenesis-in-poultry\/\" >\n\t\t\t\tFolicologenesi nel pollame\t\t\t<\/a>\n\t\t<\/h3>\n\t\t\t\t<div class=\"elementor-post__meta-data\">\n\t\t\t\t\t<span class=\"elementor-post-date\">\n\t\t\tNovembre 21, 2024\t\t<\/span>\n\t\t\t\t<\/div>\n\t\t\n\t\t<a class=\"elementor-post__read-more\" href=\"https:\/\/www.naturalremedy.com\/it\/blog\/folliculogenesis-in-poultry\/\" aria-label=\"Leggi tutto Folicologenesi nel pollame\" tabindex=\"-1\" >\n\t\t\tLeggi di pi\u00f9 \u00bb\t\t<\/a>\n\n\t\t\t\t<\/div>\n\t\t\t\t<\/article>\n\t\t\t\t<article class=\"elementor-post elementor-grid-item post-85360 post type-post status-publish format-standard has-post-thumbnail hentry category-uncategorized\" role=\"listitem\">\n\t\t\t\t<a class=\"elementor-post__thumbnail__link\" href=\"https:\/\/www.naturalremedy.com\/it\/blog\/importance-of-weaning-in-pigs\/\" tabindex=\"-1\" >\n\t\t\t<div class=\"elementor-post__thumbnail\"><img loading=\"lazy\" decoding=\"async\" width=\"720\" height=\"427\" src=\"https:\/\/www.naturalremedy.com\/wp-content\/uploads\/2024\/09\/Importance-of-Weaning-in-Pigs-2.webp\" class=\"attachment-full size-full wp-image-85361\" alt=\"Importance of Weaning in Pigs\" srcset=\"https:\/\/www.naturalremedy.com\/wp-content\/uploads\/2024\/09\/Importance-of-Weaning-in-Pigs-2.webp 720w, https:\/\/www.naturalremedy.com\/wp-content\/uploads\/2024\/09\/Importance-of-Weaning-in-Pigs-2-300x178.webp 300w, https:\/\/www.naturalremedy.com\/wp-content\/uploads\/2024\/09\/Importance-of-Weaning-in-Pigs-2-600x356.webp 600w\" sizes=\"(max-width: 720px) 100vw, 720px\" \/><\/div>\n\t\t<\/a>\n\t\t\t\t<div class=\"elementor-post__text\">\n\t\t\t\t<h3 class=\"elementor-post__title\">\n\t\t\t<a href=\"https:\/\/www.naturalremedy.com\/it\/blog\/importance-of-weaning-in-pigs\/\" >\n\t\t\t\tImportanza dello svezzamento nei suini\t\t\t<\/a>\n\t\t<\/h3>\n\t\t\t\t<div class=\"elementor-post__meta-data\">\n\t\t\t\t\t<span class=\"elementor-post-date\">\n\t\t\tSettembre 30, 2024\t\t<\/span>\n\t\t\t\t<\/div>\n\t\t\n\t\t<a class=\"elementor-post__read-more\" href=\"https:\/\/www.naturalremedy.com\/it\/blog\/importance-of-weaning-in-pigs\/\" aria-label=\"Leggi tutto Importanza dello svezzamento nei suini\" tabindex=\"-1\" >\n\t\t\tLeggi di pi\u00f9 \u00bb\t\t<\/a>\n\n\t\t\t\t<\/div>\n\t\t\t\t<\/article>\n\t\t\t\t<article class=\"elementor-post elementor-grid-item post-85345 post type-post status-publish format-standard has-post-thumbnail hentry category-animal-healthcare\" role=\"listitem\">\n\t\t\t\t<a class=\"elementor-post__thumbnail__link\" href=\"https:\/\/www.naturalremedy.com\/it\/blog\/phytogenics-sustainable-solutions-for-animal-health\/\" tabindex=\"-1\" >\n\t\t\t<div class=\"elementor-post__thumbnail\"><img loading=\"lazy\" decoding=\"async\" width=\"1792\" height=\"1024\" src=\"https:\/\/www.naturalremedy.com\/wp-content\/uploads\/2024\/08\/Phytogenics-1.jpg\" class=\"attachment-full size-full wp-image-85348\" alt=\"Fitog\u00e9nicos: soluciones sostenibles para la salud animal\" srcset=\"https:\/\/www.naturalremedy.com\/wp-content\/uploads\/2024\/08\/Phytogenics-1.jpg 1792w, https:\/\/www.naturalremedy.com\/wp-content\/uploads\/2024\/08\/Phytogenics-1-600x343.jpg 600w, https:\/\/www.naturalremedy.com\/wp-content\/uploads\/2024\/08\/Phytogenics-1-300x171.jpg 300w, https:\/\/www.naturalremedy.com\/wp-content\/uploads\/2024\/08\/Phytogenics-1-1024x585.jpg 1024w, https:\/\/www.naturalremedy.com\/wp-content\/uploads\/2024\/08\/Phytogenics-1-768x439.jpg 768w, https:\/\/www.naturalremedy.com\/wp-content\/uploads\/2024\/08\/Phytogenics-1-1536x878.jpg 1536w\" sizes=\"(max-width: 1792px) 100vw, 1792px\" \/><\/div>\n\t\t<\/a>\n\t\t\t\t<div class=\"elementor-post__text\">\n\t\t\t\t<h3 class=\"elementor-post__title\">\n\t\t\t<a href=\"https:\/\/www.naturalremedy.com\/it\/blog\/phytogenics-sustainable-solutions-for-animal-health\/\" >\n\t\t\t\tFitogenici: soluzioni sostenibili per la salute animale\t\t\t<\/a>\n\t\t<\/h3>\n\t\t\t\t<div class=\"elementor-post__meta-data\">\n\t\t\t\t\t<span class=\"elementor-post-date\">\n\t\t\tAgosto 23, 2024\t\t<\/span>\n\t\t\t\t<\/div>\n\t\t\n\t\t<a class=\"elementor-post__read-more\" href=\"https:\/\/www.naturalremedy.com\/it\/blog\/phytogenics-sustainable-solutions-for-animal-health\/\" aria-label=\"Leggi tutto Fitogenici: soluzioni sostenibili per la salute animale\" tabindex=\"-1\" >\n\t\t\tLeggi di pi\u00f9 \u00bb\t\t<\/a>\n\n\t\t\t\t<\/div>\n\t\t\t\t<\/article>\n\t\t\t\t<\/div>\n\t\t\n\t\t\t\t\t\t<\/div>\n\t\t\t\t<\/div>\n\t\t\t\t\t<\/div>\n\t\t\t\t<\/div>\n\t\t\t\t<\/div>\n\t\t","protected":false},"excerpt":{"rendered":"","protected":false},"author":1,"featured_media":0,"parent":0,"menu_order":0,"comment_status":"closed","ping_status":"closed","template":"","meta":{"_acf_changed":false,"footnotes":""},"class_list":["post-84598","page","type-page","status-publish","hentry"],"acf":[],"_links":{"self":[{"href":"https:\/\/www.naturalremedy.com\/it\/wp-json\/wp\/v2\/pages\/84598","targetHints":{"allow":["GET"]}}],"collection":[{"href":"https:\/\/www.naturalremedy.com\/it\/wp-json\/wp\/v2\/pages"}],"about":[{"href":"https:\/\/www.naturalremedy.com\/it\/wp-json\/wp\/v2\/types\/page"}],"author":[{"embeddable":true,"href":"https:\/\/www.naturalremedy.com\/it\/wp-json\/wp\/v2\/users\/1"}],"replies":[{"embeddable":true,"href":"https:\/\/www.naturalremedy.com\/it\/wp-json\/wp\/v2\/comments?post=84598"}],"version-history":[{"count":1,"href":"https:\/\/www.naturalremedy.com\/it\/wp-json\/wp\/v2\/pages\/84598\/revisions"}],"predecessor-version":[{"id":84604,"href":"https:\/\/www.naturalremedy.com\/it\/wp-json\/wp\/v2\/pages\/84598\/revisions\/84604"}],"wp:attachment":[{"href":"https:\/\/www.naturalremedy.com\/it\/wp-json\/wp\/v2\/media?parent=84598"}],"curies":[{"name":"wp","href":"https:\/\/api.w.org\/{rel}","templated":true}]}}